{"id":68,"date":"2014-04-24T15:13:31","date_gmt":"2014-04-24T15:13:31","guid":{"rendered":"http:\/\/rhoenklub-petersberg.de\/?page_id=68"},"modified":"2026-04-13T14:52:07","modified_gmt":"2026-04-13T14:52:07","slug":"vorstand","status":"publish","type":"page","link":"http:\/\/rhoenklub-petersberg.de\/index.php\/ueber-uns\/vorstand\/","title":{"rendered":"Vorstand"},"content":{"rendered":"<p>Vorstandsmitglieder des Rh\u00f6nklub Zweigverein Petersberg e.V.:<\/p>\n<address>1. Vorsitzender<br \/>\nAndreas Leipold<br \/>\nRh\u00f6nblick 4<br \/>\n36100 Petersberg<br \/>\n<span style=\"color: #000000;\">Tel.: 0170 2944 995<\/span><br \/>\n<span style=\"color: #000000;\">E-Mail: a_leipold@hotmail.de<\/span><\/address>\n<address><em>2. Vorsitzender:<\/em> \u00a0 \u00a0\u00a0 Timo Goldbach<br \/>\nKassenwart:\u00a0\u00a0\u00a0\u00a0\u00a0\u00a0\u00a0\u00a0\u00a0\u00a0\u00a0\u00a0\u00a0 Dirk Herbert<br \/>\nSchriftf\u00fchrerin:\u00a0\u00a0\u00a0 \u00a0\u00a0 Michaela Gaul<br \/>\nWanderwart:\u00a0\u00a0\u00a0\u00a0\u00a0\u00a0\u00a0\u00a0 \u00a0\u00a0 Karli Schmitt<br \/>\nWegewarte: \u00a0 \u00a0 \u00a0 \u00a0 \u00a0 \u00a0 \u00a0 G. Wehr-Tiemeier, U. Diegelmann, K. Schmitt, H. M\u00fcller,\u00a0 C. Goldbach, M. Faulhammer, M.\u00a0\u00a0 R\u00f6der u. M. Jeck-M\u00fcller\u00a0\u00a0\u00a0 H\u00fcttenwart:\u00a0\u00a0\u00a0\u00a0\u00a0\u00a0\u00a0\u00a0\u00a0\u00a0\u00a0\u00a0\u00a0 Martin M\u00fcller<br \/>\nJugendwartin: \u00a0 \u00a0 \u00a0 \u00a0\u00a0 Ann-Kristin Leipold<br \/>\nKulturwartin:\u00a0\u00a0\u00a0\u00a0\u00a0\u00a0\u00a0\u00a0 \u00a0\u00a0 Martina M\u00fcller<br \/>\nNaturschutzwart:\u00a0\u00a0 Thomas Ruppel<\/address>\n<p>Stellv. Kassenwart :\u00a0 Hilmar M\u00fcller; Stellv. Schriftf\u00fchrerin: Bettina Peter; Stellv. H\u00fcttenwart Oliver Goldbach; Stellv. Jugendwartin: Daniela V\u00f6ller; Stellv. Kulturwartin: Judith Klimek- Ettinger; Stellv. Naturschutzwart: Thomas Ganz<\/p>\n<p>&nbsp;<\/p>\n<address>\u00a0<\/address>\n","protected":false},"excerpt":{"rendered":"<p>Vorstandsmitglieder des Rh\u00f6nklub Zweigverein Petersberg e.V.: 1. Vorsitzender Andreas Leipold Rh\u00f6nblick 4 36100 Petersberg Tel.: 0170 2944 995 E-Mail: a_leipold@hotmail.de 2. Vorsitzender: \u00a0 \u00a0\u00a0 Timo Goldbach Kassenwart:\u00a0\u00a0\u00a0\u00a0\u00a0\u00a0\u00a0\u00a0\u00a0\u00a0\u00a0\u00a0\u00a0 Dirk Herbert Schriftf\u00fchrerin:\u00a0\u00a0\u00a0 \u00a0\u00a0 Michaela Gaul Wanderwart:\u00a0\u00a0\u00a0\u00a0\u00a0\u00a0\u00a0\u00a0 \u00a0\u00a0 Karli Schmitt Wegewarte: \u00a0 \u00a0 \u00a0 \u00a0 \u00a0 \u00a0 \u00a0 G. Wehr-Tiemeier, U. Diegelmann, K. Schmitt, H. M\u00fcller,\u00a0 C. Goldbach, &hellip; <a href=\"http:\/\/rhoenklub-petersberg.de\/index.php\/ueber-uns\/vorstand\/\" class=\"more-link\"><span class=\"screen-reader-text\">Vorstand<\/span> weiterlesen <span class=\"meta-nav\">&rarr;<\/span><\/a><\/p>\n","protected":false},"author":666667,"featured_media":0,"parent":64,"menu_order":1,"comment_status":"closed","ping_status":"closed","template":"","meta":{"footnotes":""},"class_list":["post-68","page","type-page","status-publish","hentry"],"_links":{"self":[{"href":"http:\/\/rhoenklub-petersberg.de\/index.php\/wp-json\/wp\/v2\/pages\/68","targetHints":{"allow":["GET"]}}],"collection":[{"href":"http:\/\/rhoenklub-petersberg.de\/index.php\/wp-json\/wp\/v2\/pages"}],"about":[{"href":"http:\/\/rhoenklub-petersberg.de\/index.php\/wp-json\/wp\/v2\/types\/page"}],"author":[{"embeddable":true,"href":"http:\/\/rhoenklub-petersberg.de\/index.php\/wp-json\/wp\/v2\/users\/666667"}],"replies":[{"embeddable":true,"href":"http:\/\/rhoenklub-petersberg.de\/index.php\/wp-json\/wp\/v2\/comments?post=68"}],"version-history":[{"count":2,"href":"http:\/\/rhoenklub-petersberg.de\/index.php\/wp-json\/wp\/v2\/pages\/68\/revisions"}],"predecessor-version":[{"id":14408,"href":"http:\/\/rhoenklub-petersberg.de\/index.php\/wp-json\/wp\/v2\/pages\/68\/revisions\/14408"}],"up":[{"embeddable":true,"href":"http:\/\/rhoenklub-petersberg.de\/index.php\/wp-json\/wp\/v2\/pages\/64"}],"wp:attachment":[{"href":"http:\/\/rhoenklub-petersberg.de\/index.php\/wp-json\/wp\/v2\/media?parent=68"}],"curies":[{"name":"wp","href":"https:\/\/api.w.org\/{rel}","templated":true}]}}