{"id":14352,"date":"2026-03-19T11:24:59","date_gmt":"2026-03-19T11:24:59","guid":{"rendered":"http:\/\/rhoenklub-petersberg.de\/?page_id=14352"},"modified":"2026-03-19T11:24:59","modified_gmt":"2026-03-19T11:24:59","slug":"haunestausee-4","status":"publish","type":"page","link":"http:\/\/rhoenklub-petersberg.de\/index.php\/haunestausee-4\/","title":{"rendered":"Haunestausee"},"content":{"rendered":"<p class=\"western\" align=\"center\"><span style=\"color: #000000;\"><span style=\"font-family: Aptos, Aptos EmbeddedFont, Aptos MSFontService, Calibri, Helvetica, sans-serif;\"><span style=\"font-size: medium;\"><i><b>Rh\u00f6nklub\u2011Wanderung um den Marbacher Haunestausee<\/b><\/i><\/span><\/span><\/span><\/p>\n<p class=\"western\"><span style=\"color: #000000;\"><i>Bericht von Iris Findeis:<\/i><\/span><\/p>\n<p class=\"western\"><span style=\"color: #000000;\"><span style=\"font-family: Aptos, Aptos EmbeddedFont, Aptos MSFontService, Calibri, Helvetica, sans-serif;\"><span style=\"font-size: medium;\">Mit gro\u00dfer Teilnehmerzahl von 20 Wanderfreunden f\u00fchrte Iris Findeis die ca. 9 km gro\u00dfe Strecke an. Startpunkt und Abschluss mit einem guten Essen war die Gastst\u00e4tte <i>Haunetal Steinhaus<\/i>. Von da erreichten wir als Zwischenstopp die Zellm\u00fchle, nicht weit in der N\u00e4he der Staumauer liegend. Nach guter Zwischenst\u00e4rkung ging es wieder zur\u00fcck.<\/span><\/span><\/span><\/p>\n<p class=\"western\"><span style=\"color: #000000;\"><span style=\"font-family: Aptos, Aptos EmbeddedFont, Aptos MSFontService, Calibri, Helvetica, sans-serif;\"><span style=\"font-size: medium;\">Im Laufe der kurzweiligen Wanderung erz\u00e4hlte Oliver Findeis aus der Teufertsm\u00fchle etwas \u00fcber die Entstehung des Haunetalstausees und den damals im Staugebiet liegenden Anwesen der Zellm\u00fchle, Grubenm\u00fchle und Grubenhof. Die Wandergruppe lauschte gespannt, w\u00e4hrend sich der Weg idyllisch am Wasser entlang schl\u00e4ngelte.<\/span><\/span><\/span><\/p>\n<p class=\"western\"><span style=\"color: #000000;\"><span style=\"font-family: Aptos, Aptos EmbeddedFont, Aptos MSFontService, Calibri, Helvetica, sans-serif;\"><span style=\"font-size: medium;\">So wurde die Tour nicht nur zu einer sportlichen Aktivit\u00e4t, sondern auch zu einer kleinen Reise in die Geschichte des Haunetals \u2013 ein rundum gelungener Tag, der allen in bester Erinnerung bleiben wird.<\/span><\/span><\/span><\/p>\n<div id='gallery-1' class='gallery galleryid-14352 gallery-columns-4 gallery-size-thumbnail'><figure class='gallery-item'>\n\t\t\t<div class='gallery-icon landscape'>\n\t\t\t\t<a href='http:\/\/rhoenklub-petersberg.de\/index.php\/haunestausee-4\/abschluss_essen_haunetal_1\/'><img loading=\"lazy\" decoding=\"async\" width=\"150\" height=\"150\" src=\"http:\/\/rhoenklub-petersberg.de\/wp-content\/uploads\/2026\/03\/Abschluss_Essen_Haunetal_1-150x150.jpg\" class=\"attachment-thumbnail size-thumbnail\" alt=\"\" \/><\/a>\n\t\t\t<\/div><\/figure><figure class='gallery-item'>\n\t\t\t<div class='gallery-icon portrait'>\n\t\t\t\t<a href='http:\/\/rhoenklub-petersberg.de\/index.php\/haunestausee-4\/abschluss_essen_haunetal_2\/'><img loading=\"lazy\" decoding=\"async\" width=\"150\" height=\"150\" src=\"http:\/\/rhoenklub-petersberg.de\/wp-content\/uploads\/2026\/03\/Abschluss_Essen_Haunetal_2-150x150.jpg\" class=\"attachment-thumbnail size-thumbnail\" alt=\"\" \/><\/a>\n\t\t\t<\/div><\/figure><figure class='gallery-item'>\n\t\t\t<div class='gallery-icon landscape'>\n\t\t\t\t<a href='http:\/\/rhoenklub-petersberg.de\/index.php\/haunestausee-4\/brueckenbild\/'><img loading=\"lazy\" decoding=\"async\" width=\"150\" height=\"150\" src=\"http:\/\/rhoenklub-petersberg.de\/wp-content\/uploads\/2026\/03\/Brueckenbild-150x150.jpg\" class=\"attachment-thumbnail size-thumbnail\" alt=\"\" \/><\/a>\n\t\t\t<\/div><\/figure><figure class='gallery-item'>\n\t\t\t<div class='gallery-icon landscape'>\n\t\t\t\t<a href='http:\/\/rhoenklub-petersberg.de\/index.php\/haunestausee-4\/brueckenbild_2\/'><img loading=\"lazy\" decoding=\"async\" width=\"150\" height=\"150\" src=\"http:\/\/rhoenklub-petersberg.de\/wp-content\/uploads\/2026\/03\/Brueckenbild_2-150x150.jpg\" class=\"attachment-thumbnail size-thumbnail\" alt=\"\" \/><\/a>\n\t\t\t<\/div><\/figure>\n\t\t<\/div>\n\n","protected":false},"excerpt":{"rendered":"<p>Rh\u00f6nklub\u2011Wanderung um den Marbacher Haunestausee Bericht von Iris Findeis: Mit gro\u00dfer Teilnehmerzahl von 20 Wanderfreunden f\u00fchrte Iris Findeis die ca. 9 km gro\u00dfe Strecke an. Startpunkt und Abschluss mit einem guten Essen war die Gastst\u00e4tte Haunetal Steinhaus. Von da erreichten wir als Zwischenstopp die Zellm\u00fchle, nicht weit in der N\u00e4he der Staumauer liegend. Nach guter &hellip; <a href=\"http:\/\/rhoenklub-petersberg.de\/index.php\/haunestausee-4\/\" class=\"more-link\"><span class=\"screen-reader-text\">Haunestausee<\/span> weiterlesen <span class=\"meta-nav\">&rarr;<\/span><\/a><\/p>\n","protected":false},"author":666667,"featured_media":0,"parent":0,"menu_order":0,"comment_status":"closed","ping_status":"closed","template":"","meta":{"footnotes":""},"class_list":["post-14352","page","type-page","status-publish","hentry"],"_links":{"self":[{"href":"http:\/\/rhoenklub-petersberg.de\/index.php\/wp-json\/wp\/v2\/pages\/14352","targetHints":{"allow":["GET"]}}],"collection":[{"href":"http:\/\/rhoenklub-petersberg.de\/index.php\/wp-json\/wp\/v2\/pages"}],"about":[{"href":"http:\/\/rhoenklub-petersberg.de\/index.php\/wp-json\/wp\/v2\/types\/page"}],"author":[{"embeddable":true,"href":"http:\/\/rhoenklub-petersberg.de\/index.php\/wp-json\/wp\/v2\/users\/666667"}],"replies":[{"embeddable":true,"href":"http:\/\/rhoenklub-petersberg.de\/index.php\/wp-json\/wp\/v2\/comments?post=14352"}],"version-history":[{"count":1,"href":"http:\/\/rhoenklub-petersberg.de\/index.php\/wp-json\/wp\/v2\/pages\/14352\/revisions"}],"predecessor-version":[{"id":14357,"href":"http:\/\/rhoenklub-petersberg.de\/index.php\/wp-json\/wp\/v2\/pages\/14352\/revisions\/14357"}],"wp:attachment":[{"href":"http:\/\/rhoenklub-petersberg.de\/index.php\/wp-json\/wp\/v2\/media?parent=14352"}],"curies":[{"name":"wp","href":"https:\/\/api.w.org\/{rel}","templated":true}]}}