{"id":14274,"date":"2026-02-02T11:56:47","date_gmt":"2026-02-02T11:56:47","guid":{"rendered":"http:\/\/rhoenklub-petersberg.de\/?page_id=14274"},"modified":"2026-02-12T12:13:53","modified_gmt":"2026-02-12T12:13:53","slug":"huettenfastnacht-2026","status":"publish","type":"page","link":"http:\/\/rhoenklub-petersberg.de\/index.php\/huettenfastnacht-2026\/","title":{"rendered":"H\u00fcttenfastnacht 2026"},"content":{"rendered":"<p><span style=\"font-family: Liberation Sans, sans-serif;\"><span style=\"font-size: small;\">In diesem Jahr feierten wir die H\u00fcttenfastnacht unter dem Motto<\/span><\/span><\/p>\n<p>\u201e<span style=\"font-family: Liberation Sans, sans-serif;\"><span style=\"font-size: small;\">Im Glanz von T\u00fcrkis durch die Nacht\u201c!<\/span><\/span><\/p>\n<p><span style=\"font-family: Liberation Sans, sans-serif;\"><span style=\"font-size: small;\">Narrhalla-Feeling mit k\u00f6lscher Lebensfreude, Musik und Lachen erf\u00fcllte den gelungenen Abend an der Rauschenberg H\u00fctte.<\/span><\/span><\/p>\n<p><span style=\"font-family: Liberation Sans, sans-serif;\"><span style=\"font-size: small;\">Das 4711, Echt K\u00f6llnisch Wasser, nicht nur eine Hausnummer ist, haben wir sofort in unserer Narrhalla erleben d\u00fcrfen.<\/span><\/span><\/p>\n<p><span style=\"font-family: Liberation Sans, sans-serif;\"><span style=\"font-size: small;\">Nach den Begr\u00fc\u00dfungsreden von Martina M\u00fcller (Kulturwartin) und Andreas Leipold (1. Vorsitzender) marschierte die diesj\u00e4hrige Mannschaft mit eigener Liedbegleitung freudig ein.<\/span><\/span><\/p>\n<p><span style=\"font-family: Liberation Sans, sans-serif;\"><span style=\"font-size: small;\">Prinzessin Sandra (Freund), die 22.<\/span><\/span><\/p>\n<p><span style=\"font-family: Liberation Sans, sans-serif;\"><span style=\"font-size: small;\">Mit ihren Adjutantinnen Ann-Kristin (Leipold)und Tabitha (Brehl), <\/span><\/span><\/p>\n<p><span style=\"font-family: Liberation Sans, sans-serif;\"><span style=\"font-size: small;\">nebst eigener Ordonanz Andreas (Leipold)<\/span><\/span><\/p>\n<p><span style=\"font-family: Liberation Sans, sans-serif;\"><span style=\"font-size: small;\">Prinzessin Sandra hat nicht nur ein Herz f\u00fcr die Petersberger Fastnacht, sondern auch f\u00fcr K\u00f6ln.<\/span><\/span><\/p>\n<p><span style=\"font-family: Liberation Sans, sans-serif;\"><span style=\"font-size: small;\">Mit Esprit und Charme f\u00fchrten sie uns durch die Nacht der D\u00fcfte. Mit ihrem Schlachtruf: \u201eDer gute Duft \u2013 liegt in der Luft\u201c waren sofort die Herzen entflammt.<\/span><\/span><\/p>\n<p><span style=\"font-family: Liberation Sans, sans-serif;\"><span style=\"font-size: small;\">Einen Platz in unseren Herzen fand auch das Kinderprinzenpaar, Prinz Pepe und Prinzessin Lena, mit ihrem Elferrat.<\/span><\/span><\/p>\n<p><span style=\"font-family: Liberation Sans, sans-serif;\"><span style=\"font-size: small;\">Mit einer lustigen Ansprache an die Helfer des Abends, bedankte sich Martina M\u00fcller bei dem<\/span><\/span><\/p>\n<p><span style=\"font-family: Liberation Sans, sans-serif;\"><span style=\"font-size: small;\">Thekenpersonal: Thomas Leipold, Sebastian Ruhs, Peter V\u00f6ller, Gisela und Martin Tiemeier<\/span><\/span><\/p>\n<p><span style=\"font-family: Liberation Sans, sans-serif;\"><span style=\"font-size: small;\">K\u00fcchenfeen : Marita Goldbach, Elke R\u00f6der, Carmen Goldbach<\/span><\/span><\/p>\n<p><span style=\"font-family: Liberation Sans, sans-serif;\"><span style=\"font-size: small;\">Musiker : Roland R\u00f6der<\/span><\/span><\/p>\n<p><span style=\"font-family: Liberation Sans, sans-serif;\"><span style=\"font-size: small;\">Sicherheit : Matthias Baier<\/span><\/span><\/p>\n<p><span style=\"font-family: Liberation Sans, sans-serif;\"><span style=\"font-size: small;\">Erstmals auf der H\u00fcttenfastnacht begr\u00fc\u00dften wir Marcus Schwab mit einer hervorragenden B\u00fcttenrede! \u201eDer Prinz von Petersberg\u201c verspr\u00fchte nicht nur den Duft von 4711, sondern unsere Lachmuskeln wurden gut trainiert.<\/span><\/span><\/p>\n<p><span style=\"font-family: Liberation Sans, sans-serif;\"><span style=\"font-size: small;\">Nat\u00fcrlich lie\u00dfen es sich die H\u00fcttenfetzer nicht nehmen, uns auf eine musikalische Reise mit k\u00f6lschen Klassikern und \u00f6sterreichischen Melodien mitzunehmen. Das \u201eTr\u00f6mmelche\u201c halt immer noch in den Ohren. (Michaela und Katja Gaul, Bettina Peter, Carmen Goldbach, Judith Klimek- Ettinger).<\/span><\/span><\/p>\n<p><span style=\"font-family: Liberation Sans, sans-serif;\"><span style=\"font-size: small;\">Unterwegs auf Abschiedstour waren die Amigos (Georg Gaul, Thomas Ruppel) zu Gast bei uns zu sehen. Eure Musik wird uns in Erinnerung bleiben &#8211; danke f\u00fcr die fantastische Zeit!<\/span><\/span><\/p>\n<p><span style=\"font-family: Liberation Sans, sans-serif;\"><span style=\"font-size: small;\">Im letzten Jahr wurden die \u201eSchoppepetzer\u201c verabschiedet. Eine neue Band musste her und wir wurden nicht entt\u00e4uscht. Sechs junge Kerle zeigten ihr K\u00f6nnen und der Funke sprang sofort \u00fcber! Die Premiere war bestens gelungen! Eine gute Laune Band, namens \u201eHochstiftspatzen\u201c gaben ihr erstes Deb\u00fct! Ohne doppelte Zugabe durften sie nicht gehen!<\/span><\/span><\/p>\n<p><span style=\"font-family: Liberation Sans, sans-serif;\"><span style=\"font-size: small;\">(Thomas Ganz, Timo Goldbach, Jonas M\u00fcller, Lukas Ettinger, Lukas Dehler, Lukas Vogel)<\/span><\/span><\/p>\n<p><span style=\"font-family: Liberation Sans, sans-serif;\"><span style=\"font-size: small;\">Zum Schlu\u00df der Veranstaltung marschierte Prinz Frank, der 73. von Moderation und Touchdown und Prinzessin Anna-Lena, die Adjutanten Dominik H\u00fcfner und Patrick M\u00fcller, sowie Hofdame Vanessa Arens mit dem Petersberger CVP ein. Es gab eine gro\u00dfe Begr\u00fc\u00dfung, denn wenn die 1. Vorsitzende des CVP H\u00fcttenprinzessin ist, kam man ins Staunen. Die \u00dcberraschung war gelungen!<\/span><\/span><\/p>\n<p><span style=\"font-family: Liberation Sans, sans-serif;\"><span style=\"font-size: small;\">Danke an alle Aktiven der H\u00fcttenfastnacht f\u00fcr eure Bereit- und Leidenschaft, ihr habt alles gegeben!<\/span><\/span><\/p>\n<p><span style=\"font-family: Liberation Sans, sans-serif;\"><span style=\"font-size: small;\">Nat\u00fcrlich auch ein Dankesch\u00f6n an unsere H\u00fcttenprinzenmannschaft 2026, die den Glanz von T\u00fcrkis und den Duft von 4711 w\u00fcrdevoll vertreten haben.<\/span><\/span><\/p>\n<p><span style=\"font-family: Liberation Sans, sans-serif;\"><span style=\"font-size: small;\">Martina M\u00fcller (Kulturwartin)<\/span><\/span><\/p>\n<div id='gallery-1' class='gallery galleryid-14274 gallery-columns-5 gallery-size-thumbnail'><figure class='gallery-item'>\n\t\t\t<div class='gallery-icon portrait'>\n\t\t\t\t<a href='http:\/\/rhoenklub-petersberg.de\/index.php\/huettenfastnacht-2026\/img-20260201-wa0000\/'><img loading=\"lazy\" decoding=\"async\" width=\"150\" height=\"150\" src=\"http:\/\/rhoenklub-petersberg.de\/wp-content\/uploads\/2026\/02\/IMG-20260201-WA0000-150x150.jpg\" class=\"attachment-thumbnail size-thumbnail\" alt=\"\" \/><\/a>\n\t\t\t<\/div><\/figure><figure class='gallery-item'>\n\t\t\t<div class='gallery-icon portrait'>\n\t\t\t\t<a href='http:\/\/rhoenklub-petersberg.de\/index.php\/huettenfastnacht-2026\/img-20260201-wa0001\/'><img loading=\"lazy\" decoding=\"async\" width=\"150\" height=\"150\" src=\"http:\/\/rhoenklub-petersberg.de\/wp-content\/uploads\/2026\/02\/IMG-20260201-WA0001-150x150.jpg\" class=\"attachment-thumbnail size-thumbnail\" alt=\"\" \/><\/a>\n\t\t\t<\/div><\/figure><figure class='gallery-item'>\n\t\t\t<div class='gallery-icon portrait'>\n\t\t\t\t<a href='http:\/\/rhoenklub-petersberg.de\/index.php\/huettenfastnacht-2026\/img-20260201-wa0002\/'><img loading=\"lazy\" decoding=\"async\" width=\"150\" height=\"150\" src=\"http:\/\/rhoenklub-petersberg.de\/wp-content\/uploads\/2026\/02\/IMG-20260201-WA0002-150x150.jpg\" class=\"attachment-thumbnail size-thumbnail\" alt=\"\" \/><\/a>\n\t\t\t<\/div><\/figure><figure class='gallery-item'>\n\t\t\t<div class='gallery-icon landscape'>\n\t\t\t\t<a href='http:\/\/rhoenklub-petersberg.de\/index.php\/huettenfastnacht-2026\/img-20260201-wa0004\/'><img loading=\"lazy\" decoding=\"async\" width=\"150\" height=\"150\" src=\"http:\/\/rhoenklub-petersberg.de\/wp-content\/uploads\/2026\/02\/IMG-20260201-WA0004-150x150.jpg\" class=\"attachment-thumbnail size-thumbnail\" alt=\"\" \/><\/a>\n\t\t\t<\/div><\/figure><figure class='gallery-item'>\n\t\t\t<div class='gallery-icon landscape'>\n\t\t\t\t<a href='http:\/\/rhoenklub-petersberg.de\/index.php\/huettenfastnacht-2026\/img-20260201-wa0005\/'><img loading=\"lazy\" decoding=\"async\" width=\"150\" height=\"150\" src=\"http:\/\/rhoenklub-petersberg.de\/wp-content\/uploads\/2026\/02\/IMG-20260201-WA0005-150x150.jpg\" class=\"attachment-thumbnail size-thumbnail\" alt=\"\" \/><\/a>\n\t\t\t<\/div><\/figure>\n\t\t<\/div>\n\n<div style=\"width: 474px;\" class=\"wp-video\"><video class=\"wp-video-shortcode\" id=\"video-14274-1\" width=\"474\" height=\"843\" preload=\"metadata\" controls=\"controls\"><source type=\"video\/mp4\" src=\"http:\/\/rhoenklub-petersberg.de\/wp-content\/uploads\/2026\/02\/VID-20260202-WA0001.mp4?_=1\" \/><a href=\"http:\/\/rhoenklub-petersberg.de\/wp-content\/uploads\/2026\/02\/VID-20260202-WA0001.mp4\">http:\/\/rhoenklub-petersberg.de\/wp-content\/uploads\/2026\/02\/VID-20260202-WA0001.mp4<\/a><\/video><\/div>\n<div style=\"width: 474px;\" class=\"wp-video\"><video class=\"wp-video-shortcode\" id=\"video-14274-2\" width=\"474\" height=\"843\" preload=\"metadata\" controls=\"controls\"><source type=\"video\/mp4\" src=\"http:\/\/rhoenklub-petersberg.de\/wp-content\/uploads\/2026\/02\/VID-20260202-WA0002.mp4?_=2\" \/><a href=\"http:\/\/rhoenklub-petersberg.de\/wp-content\/uploads\/2026\/02\/VID-20260202-WA0002.mp4\">http:\/\/rhoenklub-petersberg.de\/wp-content\/uploads\/2026\/02\/VID-20260202-WA0002.mp4<\/a><\/video><\/div>\n<div style=\"width: 474px;\" class=\"wp-video\"><video class=\"wp-video-shortcode\" id=\"video-14274-3\" width=\"474\" height=\"843\" preload=\"metadata\" controls=\"controls\"><source type=\"video\/mp4\" src=\"http:\/\/rhoenklub-petersberg.de\/wp-content\/uploads\/2026\/02\/VID-20260202-WA0003.mp4?_=3\" \/><a href=\"http:\/\/rhoenklub-petersberg.de\/wp-content\/uploads\/2026\/02\/VID-20260202-WA0003.mp4\">http:\/\/rhoenklub-petersberg.de\/wp-content\/uploads\/2026\/02\/VID-20260202-WA0003.mp4<\/a><\/video><\/div>\n<div style=\"width: 474px;\" class=\"wp-video\"><video class=\"wp-video-shortcode\" id=\"video-14274-4\" width=\"474\" height=\"843\" preload=\"metadata\" controls=\"controls\"><source type=\"video\/mp4\" src=\"http:\/\/rhoenklub-petersberg.de\/wp-content\/uploads\/2026\/02\/VID-20260202-WA0007.mp4?_=4\" \/><a href=\"http:\/\/rhoenklub-petersberg.de\/wp-content\/uploads\/2026\/02\/VID-20260202-WA0007.mp4\">http:\/\/rhoenklub-petersberg.de\/wp-content\/uploads\/2026\/02\/VID-20260202-WA0007.mp4<\/a><\/video><\/div>\n<div style=\"width: 474px;\" class=\"wp-video\"><video class=\"wp-video-shortcode\" id=\"video-14274-5\" width=\"474\" height=\"843\" preload=\"metadata\" controls=\"controls\"><source type=\"video\/mp4\" src=\"http:\/\/rhoenklub-petersberg.de\/wp-content\/uploads\/2026\/02\/VID-20260202-WA0008.mp4?_=5\" \/><a href=\"http:\/\/rhoenklub-petersberg.de\/wp-content\/uploads\/2026\/02\/VID-20260202-WA0008.mp4\">http:\/\/rhoenklub-petersberg.de\/wp-content\/uploads\/2026\/02\/VID-20260202-WA0008.mp4<\/a><\/video><\/div>\n<div style=\"width: 474px;\" class=\"wp-video\"><video class=\"wp-video-shortcode\" id=\"video-14274-6\" width=\"474\" height=\"843\" preload=\"metadata\" controls=\"controls\"><source type=\"video\/mp4\" src=\"http:\/\/rhoenklub-petersberg.de\/wp-content\/uploads\/2026\/02\/VID-20260202-WA0009.mp4?_=6\" \/><a href=\"http:\/\/rhoenklub-petersberg.de\/wp-content\/uploads\/2026\/02\/VID-20260202-WA0009.mp4\">http:\/\/rhoenklub-petersberg.de\/wp-content\/uploads\/2026\/02\/VID-20260202-WA0009.mp4<\/a><\/video><\/div>\n<div style=\"width: 474px;\" class=\"wp-video\"><video class=\"wp-video-shortcode\" id=\"video-14274-7\" width=\"474\" height=\"843\" preload=\"metadata\" controls=\"controls\"><source type=\"video\/mp4\" src=\"http:\/\/rhoenklub-petersberg.de\/wp-content\/uploads\/2026\/02\/VID-20260202-WA0010.mp4?_=7\" \/><a href=\"http:\/\/rhoenklub-petersberg.de\/wp-content\/uploads\/2026\/02\/VID-20260202-WA0010.mp4\">http:\/\/rhoenklub-petersberg.de\/wp-content\/uploads\/2026\/02\/VID-20260202-WA0010.mp4<\/a><\/video><\/div>\n<div style=\"width: 474px;\" class=\"wp-video\"><video class=\"wp-video-shortcode\" id=\"video-14274-8\" width=\"474\" height=\"843\" preload=\"metadata\" controls=\"controls\"><source type=\"video\/mp4\" src=\"http:\/\/rhoenklub-petersberg.de\/wp-content\/uploads\/2026\/02\/VID-20260202-WA0011.mp4?_=8\" \/><a href=\"http:\/\/rhoenklub-petersberg.de\/wp-content\/uploads\/2026\/02\/VID-20260202-WA0011.mp4\">http:\/\/rhoenklub-petersberg.de\/wp-content\/uploads\/2026\/02\/VID-20260202-WA0011.mp4<\/a><\/video><\/div>\n<div style=\"width: 474px;\" class=\"wp-video\"><video class=\"wp-video-shortcode\" id=\"video-14274-9\" width=\"474\" height=\"843\" preload=\"metadata\" controls=\"controls\"><source type=\"video\/mp4\" src=\"http:\/\/rhoenklub-petersberg.de\/wp-content\/uploads\/2026\/02\/VID-20260202-WA0012.mp4?_=9\" \/><a href=\"http:\/\/rhoenklub-petersberg.de\/wp-content\/uploads\/2026\/02\/VID-20260202-WA0012.mp4\">http:\/\/rhoenklub-petersberg.de\/wp-content\/uploads\/2026\/02\/VID-20260202-WA0012.mp4<\/a><\/video><\/div>\n<div style=\"width: 474px;\" class=\"wp-video\"><video class=\"wp-video-shortcode\" id=\"video-14274-10\" width=\"474\" height=\"843\" preload=\"metadata\" controls=\"controls\"><source type=\"video\/mp4\" src=\"http:\/\/rhoenklub-petersberg.de\/wp-content\/uploads\/2026\/02\/VID-20260202-WA0013.mp4?_=10\" \/><a href=\"http:\/\/rhoenklub-petersberg.de\/wp-content\/uploads\/2026\/02\/VID-20260202-WA0013.mp4\">http:\/\/rhoenklub-petersberg.de\/wp-content\/uploads\/2026\/02\/VID-20260202-WA0013.mp4<\/a><\/video><\/div>\n<div style=\"width: 474px;\" class=\"wp-video\"><video class=\"wp-video-shortcode\" id=\"video-14274-11\" width=\"474\" height=\"843\" preload=\"metadata\" controls=\"controls\"><source type=\"video\/mp4\" src=\"http:\/\/rhoenklub-petersberg.de\/wp-content\/uploads\/2026\/02\/VID-20260202-WA0014.mp4?_=11\" \/><a href=\"http:\/\/rhoenklub-petersberg.de\/wp-content\/uploads\/2026\/02\/VID-20260202-WA0014.mp4\">http:\/\/rhoenklub-petersberg.de\/wp-content\/uploads\/2026\/02\/VID-20260202-WA0014.mp4<\/a><\/video><\/div>\n<div style=\"width: 474px;\" class=\"wp-video\"><video class=\"wp-video-shortcode\" id=\"video-14274-12\" width=\"474\" height=\"843\" preload=\"metadata\" controls=\"controls\"><source type=\"video\/mp4\" src=\"http:\/\/rhoenklub-petersberg.de\/wp-content\/uploads\/2026\/02\/VID-20260202-WA0015.mp4?_=12\" \/><a href=\"http:\/\/rhoenklub-petersberg.de\/wp-content\/uploads\/2026\/02\/VID-20260202-WA0015.mp4\">http:\/\/rhoenklub-petersberg.de\/wp-content\/uploads\/2026\/02\/VID-20260202-WA0015.mp4<\/a><\/video><\/div>\n<div style=\"width: 474px;\" class=\"wp-video\"><video class=\"wp-video-shortcode\" id=\"video-14274-13\" width=\"474\" height=\"843\" preload=\"metadata\" controls=\"controls\"><source type=\"video\/mp4\" src=\"http:\/\/rhoenklub-petersberg.de\/wp-content\/uploads\/2026\/02\/VID-20260202-WA0003-1.mp4?_=13\" \/><a href=\"http:\/\/rhoenklub-petersberg.de\/wp-content\/uploads\/2026\/02\/VID-20260202-WA0003-1.mp4\">http:\/\/rhoenklub-petersberg.de\/wp-content\/uploads\/2026\/02\/VID-20260202-WA0003-1.mp4<\/a><\/video><\/div>\n<div style=\"width: 474px;\" class=\"wp-video\"><video class=\"wp-video-shortcode\" id=\"video-14274-14\" width=\"474\" height=\"843\" preload=\"metadata\" controls=\"controls\"><source type=\"video\/mp4\" src=\"http:\/\/rhoenklub-petersberg.de\/wp-content\/uploads\/2026\/02\/VID-20260202-WA0004.mp4?_=14\" \/><a href=\"http:\/\/rhoenklub-petersberg.de\/wp-content\/uploads\/2026\/02\/VID-20260202-WA0004.mp4\">http:\/\/rhoenklub-petersberg.de\/wp-content\/uploads\/2026\/02\/VID-20260202-WA0004.mp4<\/a><\/video><\/div>\n<div style=\"width: 474px;\" class=\"wp-video\"><video class=\"wp-video-shortcode\" id=\"video-14274-15\" width=\"474\" height=\"843\" preload=\"metadata\" controls=\"controls\"><source type=\"video\/mp4\" src=\"http:\/\/rhoenklub-petersberg.de\/wp-content\/uploads\/2026\/02\/VID-20260202-WA0005.mp4?_=15\" \/><a href=\"http:\/\/rhoenklub-petersberg.de\/wp-content\/uploads\/2026\/02\/VID-20260202-WA0005.mp4\">http:\/\/rhoenklub-petersberg.de\/wp-content\/uploads\/2026\/02\/VID-20260202-WA0005.mp4<\/a><\/video><\/div>\n","protected":false},"excerpt":{"rendered":"<p>In diesem Jahr feierten wir die H\u00fcttenfastnacht unter dem Motto \u201eIm Glanz von T\u00fcrkis durch die Nacht\u201c! Narrhalla-Feeling mit k\u00f6lscher Lebensfreude, Musik und Lachen erf\u00fcllte den gelungenen Abend an der Rauschenberg H\u00fctte. Das 4711, Echt K\u00f6llnisch Wasser, nicht nur eine Hausnummer ist, haben wir sofort in unserer Narrhalla erleben d\u00fcrfen. Nach den Begr\u00fc\u00dfungsreden von Martina &hellip; <a href=\"http:\/\/rhoenklub-petersberg.de\/index.php\/huettenfastnacht-2026\/\" class=\"more-link\"><span class=\"screen-reader-text\">H\u00fcttenfastnacht 2026<\/span> weiterlesen <span class=\"meta-nav\">&rarr;<\/span><\/a><\/p>\n","protected":false},"author":666667,"featured_media":0,"parent":0,"menu_order":0,"comment_status":"closed","ping_status":"closed","template":"","meta":{"footnotes":""},"class_list":["post-14274","page","type-page","status-publish","hentry"],"_links":{"self":[{"href":"http:\/\/rhoenklub-petersberg.de\/index.php\/wp-json\/wp\/v2\/pages\/14274","targetHints":{"allow":["GET"]}}],"collection":[{"href":"http:\/\/rhoenklub-petersberg.de\/index.php\/wp-json\/wp\/v2\/pages"}],"about":[{"href":"http:\/\/rhoenklub-petersberg.de\/index.php\/wp-json\/wp\/v2\/types\/page"}],"author":[{"embeddable":true,"href":"http:\/\/rhoenklub-petersberg.de\/index.php\/wp-json\/wp\/v2\/users\/666667"}],"replies":[{"embeddable":true,"href":"http:\/\/rhoenklub-petersberg.de\/index.php\/wp-json\/wp\/v2\/comments?post=14274"}],"version-history":[{"count":0,"href":"http:\/\/rhoenklub-petersberg.de\/index.php\/wp-json\/wp\/v2\/pages\/14274\/revisions"}],"wp:attachment":[{"href":"http:\/\/rhoenklub-petersberg.de\/index.php\/wp-json\/wp\/v2\/media?parent=14274"}],"curies":[{"name":"wp","href":"https:\/\/api.w.org\/{rel}","templated":true}]}}