{"id":14050,"date":"2025-12-04T12:58:26","date_gmt":"2025-12-04T12:58:26","guid":{"rendered":"http:\/\/rhoenklub-petersberg.de\/?page_id=14050"},"modified":"2026-01-15T15:40:58","modified_gmt":"2026-01-15T15:40:58","slug":"weihnachtsmarktfahrt-3","status":"publish","type":"page","link":"http:\/\/rhoenklub-petersberg.de\/index.php\/weihnachtsmarktfahrt-3\/","title":{"rendered":"Weihnachtsmarktfahrt"},"content":{"rendered":"<p><span style=\"font-family: Liberation Serif, serif;\"><span style=\"font-size: medium;\"><strong><span style=\"color: #000000;\"><span style=\"font-family: arial, helvetica, sans-serif;\"><span style=\"font-size: large;\"><i>Bericht von <\/i><\/span><\/span><\/span><\/strong><strong><span style=\"color: #000000;\"><span style=\"font-family: arial, helvetica, sans-serif;\"><span style=\"font-size: large;\"><i>Judith Klimek Ettinger:<\/i><\/span><\/span><\/span><\/strong><\/span><\/span><\/p>\n<p><span style=\"font-family: Liberation Serif, serif;\"><span style=\"font-size: x-large;\"><em><span style=\"color: #000000;\"><span style=\"font-family: arial, helvetica, sans-serif;\"><span style=\"font-size: small;\"><i>Der Morgen war grau und tr\u00fcb am Tag der Fahrt des Rh\u00f6nklubs Zweigverein Petersberg zum Weihnachtsmarkt nach<\/i><\/span><\/span><\/span><\/em><\/span><\/span><\/p>\n<p><em><span style=\"color: #000000;\"><span style=\"font-family: arial, helvetica, sans-serif;\"><span style=\"font-size: small;\">Weimar. Aber kaum als wir die Wartburg bei Eisenach ins Blickfeld bekamen, kl\u00e4rte sich der Himmel auf und die\u00a0<\/span><\/span><\/span><\/em><\/p>\n<p><em><span style=\"color: #000000;\"><span style=\"font-family: arial, helvetica, sans-serif;\"><span style=\"font-size: small;\">Sonne kam zum Vorschein.<\/span><\/span><\/span><\/em><em><span style=\"color: #000000;\">\u00a0<\/span><\/em><\/p>\n<p><em><span style=\"color: #000000;\"><span style=\"font-family: arial, helvetica, sans-serif;\"><span style=\"font-size: small;\">Zur Mittagszeit angekommen machte sich dann die Gruppe auf den Weg in die Altstadt von Weimar. \u00dcber den\u00a0<\/span><\/span><\/span><\/em><\/p>\n<p><em><span style=\"color: #000000;\"><span style=\"font-family: arial, helvetica, sans-serif;\"><span style=\"font-size: small;\">Theaterplatz und Herderplatz zogen sich die weihnachtlichen St\u00e4nde auf den Marktplatz, mit seinem histroischen<\/span><\/span><\/span><\/em><\/p>\n<p><em><span style=\"color: #000000;\"><span style=\"font-family: arial, helvetica, sans-serif;\"><span style=\"font-size: small;\">Flair und dem Goethe- und Schillerdenkmal. Die Gr\u00fcppchen konnten zwischen den Renaissancebauten und<\/span><\/span><\/span><\/em><\/p>\n<p><em><span style=\"color: #000000;\"><span style=\"font-family: arial, helvetica, sans-serif;\"><span style=\"font-size: small;\">neugotischen H\u00e4userz\u00fcgen flanieren und die verschiedenen St\u00e4nde besuchen oder auch einer Stadtf\u00fchrung\u00a0<\/span><\/span><\/span><\/em><em><span style=\"color: #000000;\"><span style=\"font-family: arial, helvetica, sans-serif;\"><span style=\"font-size: small;\">teilnehmen.<\/span><\/span><\/span><\/em><\/p>\n<p><em><span style=\"color: #000000;\">\u00a0<\/span><\/em><em><span style=\"color: #000000;\"><span style=\"font-family: arial, helvetica, sans-serif;\"><span style=\"font-size: small;\">Es war bestimmt eine tolle Gelegenheit, die Weihnachtszeit in einer der sch\u00f6nsten St\u00e4dte Deutschlands zu erleben <\/span><\/span><\/span><\/em><em><span style=\"color: #000000;\"><span style=\"font-family: arial, helvetica, sans-serif;\"><span style=\"font-size: small;\">und neue Erinnerungen zu sammeln.<\/span><\/span><\/span><\/em><\/p>\n<p><em><span style=\"color: #000000;\">\u00a0<\/span><\/em><em><span style=\"color: #000000;\"><span style=\"font-family: arial, helvetica, sans-serif;\"><span style=\"font-size: small;\">Die R\u00fcckfahrt erfolgte kurz nach 19.00 Uhr und um 21.30 Uhr waren wir wieder am Petersberg angekommen.<\/span><\/span><\/span><\/em><\/p>\n<div id='gallery-1' class='gallery galleryid-14050 gallery-columns-5 gallery-size-thumbnail'><figure class='gallery-item'>\n\t\t\t<div class='gallery-icon portrait'>\n\t\t\t\t<a href='http:\/\/rhoenklub-petersberg.de\/index.php\/weihnachtsmarktfahrt-3\/20251203_102914\/'><img loading=\"lazy\" decoding=\"async\" width=\"150\" height=\"150\" src=\"http:\/\/rhoenklub-petersberg.de\/wp-content\/uploads\/2025\/12\/20251203_102914-150x150.jpg\" class=\"attachment-thumbnail size-thumbnail\" alt=\"\" \/><\/a>\n\t\t\t<\/div><\/figure><figure class='gallery-item'>\n\t\t\t<div class='gallery-icon portrait'>\n\t\t\t\t<a href='http:\/\/rhoenklub-petersberg.de\/index.php\/weihnachtsmarktfahrt-3\/img-20251201-wa0001\/'><img loading=\"lazy\" decoding=\"async\" width=\"150\" height=\"150\" src=\"http:\/\/rhoenklub-petersberg.de\/wp-content\/uploads\/2025\/12\/IMG-20251201-WA0001-150x150.jpg\" class=\"attachment-thumbnail size-thumbnail\" alt=\"\" \/><\/a>\n\t\t\t<\/div><\/figure><figure class='gallery-item'>\n\t\t\t<div class='gallery-icon portrait'>\n\t\t\t\t<a href='http:\/\/rhoenklub-petersberg.de\/index.php\/weihnachtsmarktfahrt-3\/img-20251201-wa0004\/'><img loading=\"lazy\" decoding=\"async\" width=\"150\" height=\"150\" src=\"http:\/\/rhoenklub-petersberg.de\/wp-content\/uploads\/2025\/12\/IMG-20251201-WA0004-150x150.jpg\" class=\"attachment-thumbnail size-thumbnail\" alt=\"\" \/><\/a>\n\t\t\t<\/div><\/figure><figure class='gallery-item'>\n\t\t\t<div class='gallery-icon portrait'>\n\t\t\t\t<a href='http:\/\/rhoenklub-petersberg.de\/index.php\/weihnachtsmarktfahrt-3\/img-20251201-wa0006\/'><img loading=\"lazy\" decoding=\"async\" width=\"150\" height=\"150\" src=\"http:\/\/rhoenklub-petersberg.de\/wp-content\/uploads\/2025\/12\/IMG-20251201-WA0006-150x150.jpg\" class=\"attachment-thumbnail size-thumbnail\" alt=\"\" \/><\/a>\n\t\t\t<\/div><\/figure><figure class='gallery-item'>\n\t\t\t<div class='gallery-icon portrait'>\n\t\t\t\t<a href='http:\/\/rhoenklub-petersberg.de\/index.php\/weihnachtsmarktfahrt-3\/img-20251201-wa0008\/'><img loading=\"lazy\" decoding=\"async\" width=\"150\" height=\"150\" src=\"http:\/\/rhoenklub-petersberg.de\/wp-content\/uploads\/2025\/12\/IMG-20251201-WA0008-150x150.jpg\" class=\"attachment-thumbnail size-thumbnail\" alt=\"\" \/><\/a>\n\t\t\t<\/div><\/figure><figure class='gallery-item'>\n\t\t\t<div class='gallery-icon landscape'>\n\t\t\t\t<a href='http:\/\/rhoenklub-petersberg.de\/index.php\/weihnachtsmarktfahrt-3\/img-20251201-wa0011\/'><img loading=\"lazy\" decoding=\"async\" width=\"150\" height=\"150\" src=\"http:\/\/rhoenklub-petersberg.de\/wp-content\/uploads\/2025\/12\/IMG-20251201-WA0011-150x150.jpg\" class=\"attachment-thumbnail size-thumbnail\" alt=\"\" \/><\/a>\n\t\t\t<\/div><\/figure><figure class='gallery-item'>\n\t\t\t<div class='gallery-icon landscape'>\n\t\t\t\t<a href='http:\/\/rhoenklub-petersberg.de\/index.php\/weihnachtsmarktfahrt-3\/img-20251202-wa0000\/'><img loading=\"lazy\" decoding=\"async\" width=\"150\" height=\"150\" src=\"http:\/\/rhoenklub-petersberg.de\/wp-content\/uploads\/2025\/12\/IMG-20251202-WA0000-150x150.jpg\" class=\"attachment-thumbnail size-thumbnail\" alt=\"\" \/><\/a>\n\t\t\t<\/div><\/figure><figure class='gallery-item'>\n\t\t\t<div class='gallery-icon landscape'>\n\t\t\t\t<a href='http:\/\/rhoenklub-petersberg.de\/index.php\/weihnachtsmarktfahrt-3\/img-20251202-wa0001\/'><img loading=\"lazy\" decoding=\"async\" width=\"150\" height=\"150\" src=\"http:\/\/rhoenklub-petersberg.de\/wp-content\/uploads\/2025\/12\/IMG-20251202-WA0001-150x150.jpg\" class=\"attachment-thumbnail size-thumbnail\" alt=\"\" \/><\/a>\n\t\t\t<\/div><\/figure><figure class='gallery-item'>\n\t\t\t<div class='gallery-icon portrait'>\n\t\t\t\t<a href='http:\/\/rhoenklub-petersberg.de\/index.php\/weihnachtsmarktfahrt-3\/img-20251202-wa0003\/'><img loading=\"lazy\" decoding=\"async\" width=\"150\" height=\"150\" src=\"http:\/\/rhoenklub-petersberg.de\/wp-content\/uploads\/2025\/12\/IMG-20251202-WA0003-150x150.jpg\" class=\"attachment-thumbnail size-thumbnail\" alt=\"\" \/><\/a>\n\t\t\t<\/div><\/figure><figure class='gallery-item'>\n\t\t\t<div class='gallery-icon portrait'>\n\t\t\t\t<a href='http:\/\/rhoenklub-petersberg.de\/index.php\/weihnachtsmarktfahrt-3\/img-20251202-wa0004\/'><img loading=\"lazy\" decoding=\"async\" width=\"150\" height=\"150\" src=\"http:\/\/rhoenklub-petersberg.de\/wp-content\/uploads\/2025\/12\/IMG-20251202-WA0004-150x150.jpg\" class=\"attachment-thumbnail size-thumbnail\" alt=\"\" \/><\/a>\n\t\t\t<\/div><\/figure><figure class='gallery-item'>\n\t\t\t<div class='gallery-icon portrait'>\n\t\t\t\t<a href='http:\/\/rhoenklub-petersberg.de\/index.php\/weihnachtsmarktfahrt-3\/img-20251202-wa0005\/'><img loading=\"lazy\" decoding=\"async\" width=\"150\" height=\"150\" src=\"http:\/\/rhoenklub-petersberg.de\/wp-content\/uploads\/2025\/12\/IMG-20251202-WA0005-150x150.jpg\" class=\"attachment-thumbnail size-thumbnail\" alt=\"\" \/><\/a>\n\t\t\t<\/div><\/figure><figure class='gallery-item'>\n\t\t\t<div class='gallery-icon portrait'>\n\t\t\t\t<a href='http:\/\/rhoenklub-petersberg.de\/index.php\/weihnachtsmarktfahrt-3\/img-20251202-wa0006\/'><img loading=\"lazy\" decoding=\"async\" width=\"150\" height=\"150\" src=\"http:\/\/rhoenklub-petersberg.de\/wp-content\/uploads\/2025\/12\/IMG-20251202-WA0006-150x150.jpg\" class=\"attachment-thumbnail size-thumbnail\" alt=\"\" \/><\/a>\n\t\t\t<\/div><\/figure><figure class='gallery-item'>\n\t\t\t<div class='gallery-icon landscape'>\n\t\t\t\t<a href='http:\/\/rhoenklub-petersberg.de\/index.php\/weihnachtsmarktfahrt-3\/img-20251202-wa0007\/'><img loading=\"lazy\" decoding=\"async\" width=\"150\" height=\"150\" src=\"http:\/\/rhoenklub-petersberg.de\/wp-content\/uploads\/2025\/12\/IMG-20251202-WA0007-150x150.jpg\" class=\"attachment-thumbnail size-thumbnail\" alt=\"\" \/><\/a>\n\t\t\t<\/div><\/figure><figure class='gallery-item'>\n\t\t\t<div class='gallery-icon portrait'>\n\t\t\t\t<a href='http:\/\/rhoenklub-petersberg.de\/index.php\/weihnachtsmarktfahrt-3\/img-20251202-wa0008\/'><img loading=\"lazy\" decoding=\"async\" width=\"150\" height=\"150\" src=\"http:\/\/rhoenklub-petersberg.de\/wp-content\/uploads\/2025\/12\/IMG-20251202-WA0008-150x150.jpg\" class=\"attachment-thumbnail size-thumbnail\" alt=\"\" \/><\/a>\n\t\t\t<\/div><\/figure><figure class='gallery-item'>\n\t\t\t<div class='gallery-icon landscape'>\n\t\t\t\t<a href='http:\/\/rhoenklub-petersberg.de\/index.php\/weihnachtsmarktfahrt-3\/img-20251202-wa0009\/'><img loading=\"lazy\" decoding=\"async\" width=\"150\" height=\"150\" src=\"http:\/\/rhoenklub-petersberg.de\/wp-content\/uploads\/2025\/12\/IMG-20251202-WA0009-150x150.jpg\" class=\"attachment-thumbnail size-thumbnail\" alt=\"\" \/><\/a>\n\t\t\t<\/div><\/figure><figure class='gallery-item'>\n\t\t\t<div class='gallery-icon portrait'>\n\t\t\t\t<a href='http:\/\/rhoenklub-petersberg.de\/index.php\/weihnachtsmarktfahrt-3\/img-20251202-wa0010\/'><img loading=\"lazy\" decoding=\"async\" width=\"150\" height=\"150\" src=\"http:\/\/rhoenklub-petersberg.de\/wp-content\/uploads\/2025\/12\/IMG-20251202-WA0010-150x150.jpg\" class=\"attachment-thumbnail size-thumbnail\" alt=\"\" \/><\/a>\n\t\t\t<\/div><\/figure><figure class='gallery-item'>\n\t\t\t<div class='gallery-icon landscape'>\n\t\t\t\t<a href='http:\/\/rhoenklub-petersberg.de\/index.php\/weihnachtsmarktfahrt-3\/img-20251202-wa0011\/'><img loading=\"lazy\" decoding=\"async\" width=\"150\" height=\"150\" src=\"http:\/\/rhoenklub-petersberg.de\/wp-content\/uploads\/2025\/12\/IMG-20251202-WA0011-150x150.jpg\" class=\"attachment-thumbnail size-thumbnail\" alt=\"\" \/><\/a>\n\t\t\t<\/div><\/figure><figure class='gallery-item'>\n\t\t\t<div class='gallery-icon portrait'>\n\t\t\t\t<a href='http:\/\/rhoenklub-petersberg.de\/index.php\/weihnachtsmarktfahrt-3\/img-20251202-wa0012\/'><img loading=\"lazy\" decoding=\"async\" width=\"150\" height=\"150\" src=\"http:\/\/rhoenklub-petersberg.de\/wp-content\/uploads\/2025\/12\/IMG-20251202-WA0012-150x150.jpg\" class=\"attachment-thumbnail size-thumbnail\" alt=\"\" \/><\/a>\n\t\t\t<\/div><\/figure>\n\t\t<\/div>\n\n","protected":false},"excerpt":{"rendered":"<p>Bericht von Judith Klimek Ettinger: Der Morgen war grau und tr\u00fcb am Tag der Fahrt des Rh\u00f6nklubs Zweigverein Petersberg zum Weihnachtsmarkt nach Weimar. Aber kaum als wir die Wartburg bei Eisenach ins Blickfeld bekamen, kl\u00e4rte sich der Himmel auf und die\u00a0 Sonne kam zum Vorschein.\u00a0 Zur Mittagszeit angekommen machte sich dann die Gruppe auf den &hellip; <a href=\"http:\/\/rhoenklub-petersberg.de\/index.php\/weihnachtsmarktfahrt-3\/\" class=\"more-link\"><span class=\"screen-reader-text\">Weihnachtsmarktfahrt<\/span> weiterlesen <span class=\"meta-nav\">&rarr;<\/span><\/a><\/p>\n","protected":false},"author":666667,"featured_media":0,"parent":0,"menu_order":0,"comment_status":"closed","ping_status":"closed","template":"","meta":{"footnotes":""},"class_list":["post-14050","page","type-page","status-publish","hentry"],"_links":{"self":[{"href":"http:\/\/rhoenklub-petersberg.de\/index.php\/wp-json\/wp\/v2\/pages\/14050","targetHints":{"allow":["GET"]}}],"collection":[{"href":"http:\/\/rhoenklub-petersberg.de\/index.php\/wp-json\/wp\/v2\/pages"}],"about":[{"href":"http:\/\/rhoenklub-petersberg.de\/index.php\/wp-json\/wp\/v2\/types\/page"}],"author":[{"embeddable":true,"href":"http:\/\/rhoenklub-petersberg.de\/index.php\/wp-json\/wp\/v2\/users\/666667"}],"replies":[{"embeddable":true,"href":"http:\/\/rhoenklub-petersberg.de\/index.php\/wp-json\/wp\/v2\/comments?post=14050"}],"version-history":[{"count":0,"href":"http:\/\/rhoenklub-petersberg.de\/index.php\/wp-json\/wp\/v2\/pages\/14050\/revisions"}],"wp:attachment":[{"href":"http:\/\/rhoenklub-petersberg.de\/index.php\/wp-json\/wp\/v2\/media?parent=14050"}],"curies":[{"name":"wp","href":"https:\/\/api.w.org\/{rel}","templated":true}]}}