{"id":14029,"date":"2025-11-06T20:06:01","date_gmt":"2025-11-06T20:06:01","guid":{"rendered":"http:\/\/rhoenklub-petersberg.de\/?page_id=14029"},"modified":"2025-11-06T20:06:01","modified_gmt":"2025-11-06T20:06:01","slug":"adolphseck-3","status":"publish","type":"page","link":"http:\/\/rhoenklub-petersberg.de\/index.php\/adolphseck-3\/","title":{"rendered":"Adolphseck"},"content":{"rendered":"<p><span style=\"font-family: Liberation Serif, serif;\"><span style=\"font-size: medium;\"><strong><span style=\"color: #000000;\"><span style=\"font-family: arial, helvetica, sans-serif;\"><span style=\"font-size: large;\"><i>Bericht von <\/i><\/span><\/span><\/span><\/strong><strong><span style=\"color: #000000;\"><span style=\"font-family: arial, helvetica, sans-serif;\"><span style=\"font-size: large;\"><i>Lucie Gutberlet:<\/i><\/span><\/span><\/span><\/strong><\/span><\/span><\/p>\n<p><span style=\"font-family: Liberation Serif, serif;\"><span style=\"font-size: x-large;\"><strong><span style=\"color: #000000;\"><span style=\"font-size: large;\"><u>Am Mittwoch, den 05.11.2025 trafen sich 15 Wanderfreunde in Petersberg am Rathausplatz.Wir fuhren in Fahrgemeinschaften zum Parkplatz vor dem Schloss. Hier schlossen sich 2 weitere Vereinsmitglieder unserer Gruppe an.<\/u><\/span><\/span><\/strong><\/span><\/span><\/p>\n<p>Bei sch\u00f6nstem Herbstwetter begann unsere Wanderung:<\/p>\n<p>Eine kleinere Gruppe lief im Park der Fasanerie, die gr\u00f6\u00dfere lief au\u00dfen um die Fasanerie herum.<\/p>\n<p>Beide Gruppen erfreuten sich an der wunderbaren herbstlich bunten Natur.<\/p>\n<p>Alle Wanderfreunde kamen in der gem\u00fctlichen Almh\u00fctte beim Postenhaus wieder zusammen, um in geselliger Runde den Wandertag ausklingen zu lassen.<\/p>\n<p>Sch\u00f6n war&#8217;s!<\/p>\n<div id='gallery-1' class='gallery galleryid-14029 gallery-columns-4 gallery-size-thumbnail'><figure class='gallery-item'>\n\t\t\t<div class='gallery-icon landscape'>\n\t\t\t\t<a href='http:\/\/rhoenklub-petersberg.de\/index.php\/adolphseck-3\/img-20251106-wa0000\/'><img loading=\"lazy\" decoding=\"async\" width=\"150\" height=\"150\" src=\"http:\/\/rhoenklub-petersberg.de\/wp-content\/uploads\/2025\/11\/IMG-20251106-WA0000-150x150.jpg\" class=\"attachment-thumbnail size-thumbnail\" alt=\"\" \/><\/a>\n\t\t\t<\/div><\/figure><figure class='gallery-item'>\n\t\t\t<div class='gallery-icon landscape'>\n\t\t\t\t<a href='http:\/\/rhoenklub-petersberg.de\/index.php\/adolphseck-3\/img-20251106-wa0001\/'><img loading=\"lazy\" decoding=\"async\" width=\"150\" height=\"150\" src=\"http:\/\/rhoenklub-petersberg.de\/wp-content\/uploads\/2025\/11\/IMG-20251106-WA0001-150x150.jpg\" class=\"attachment-thumbnail size-thumbnail\" alt=\"\" \/><\/a>\n\t\t\t<\/div><\/figure><figure class='gallery-item'>\n\t\t\t<div class='gallery-icon landscape'>\n\t\t\t\t<a href='http:\/\/rhoenklub-petersberg.de\/index.php\/adolphseck-3\/img-20251106-wa0002\/'><img loading=\"lazy\" decoding=\"async\" width=\"150\" height=\"150\" src=\"http:\/\/rhoenklub-petersberg.de\/wp-content\/uploads\/2025\/11\/IMG-20251106-WA0002-150x150.jpg\" class=\"attachment-thumbnail size-thumbnail\" alt=\"\" \/><\/a>\n\t\t\t<\/div><\/figure><figure class='gallery-item'>\n\t\t\t<div class='gallery-icon portrait'>\n\t\t\t\t<a href='http:\/\/rhoenklub-petersberg.de\/index.php\/adolphseck-3\/img-20251106-wa0003\/'><img loading=\"lazy\" decoding=\"async\" width=\"150\" height=\"150\" src=\"http:\/\/rhoenklub-petersberg.de\/wp-content\/uploads\/2025\/11\/IMG-20251106-WA0003-150x150.jpg\" class=\"attachment-thumbnail size-thumbnail\" alt=\"\" \/><\/a>\n\t\t\t<\/div><\/figure>\n\t\t<\/div>\n\n","protected":false},"excerpt":{"rendered":"<p>Bericht von Lucie Gutberlet: Am Mittwoch, den 05.11.2025 trafen sich 15 Wanderfreunde in Petersberg am Rathausplatz.Wir fuhren in Fahrgemeinschaften zum Parkplatz vor dem Schloss. Hier schlossen sich 2 weitere Vereinsmitglieder unserer Gruppe an. Bei sch\u00f6nstem Herbstwetter begann unsere Wanderung: Eine kleinere Gruppe lief im Park der Fasanerie, die gr\u00f6\u00dfere lief au\u00dfen um die Fasanerie herum. &hellip; <a href=\"http:\/\/rhoenklub-petersberg.de\/index.php\/adolphseck-3\/\" class=\"more-link\"><span class=\"screen-reader-text\">Adolphseck<\/span> weiterlesen <span class=\"meta-nav\">&rarr;<\/span><\/a><\/p>\n","protected":false},"author":666667,"featured_media":0,"parent":0,"menu_order":0,"comment_status":"closed","ping_status":"closed","template":"","meta":{"footnotes":""},"class_list":["post-14029","page","type-page","status-publish","hentry"],"_links":{"self":[{"href":"http:\/\/rhoenklub-petersberg.de\/index.php\/wp-json\/wp\/v2\/pages\/14029","targetHints":{"allow":["GET"]}}],"collection":[{"href":"http:\/\/rhoenklub-petersberg.de\/index.php\/wp-json\/wp\/v2\/pages"}],"about":[{"href":"http:\/\/rhoenklub-petersberg.de\/index.php\/wp-json\/wp\/v2\/types\/page"}],"author":[{"embeddable":true,"href":"http:\/\/rhoenklub-petersberg.de\/index.php\/wp-json\/wp\/v2\/users\/666667"}],"replies":[{"embeddable":true,"href":"http:\/\/rhoenklub-petersberg.de\/index.php\/wp-json\/wp\/v2\/comments?post=14029"}],"version-history":[{"count":0,"href":"http:\/\/rhoenklub-petersberg.de\/index.php\/wp-json\/wp\/v2\/pages\/14029\/revisions"}],"wp:attachment":[{"href":"http:\/\/rhoenklub-petersberg.de\/index.php\/wp-json\/wp\/v2\/media?parent=14029"}],"curies":[{"name":"wp","href":"https:\/\/api.w.org\/{rel}","templated":true}]}}