{"id":13908,"date":"2025-09-15T09:18:23","date_gmt":"2025-09-15T09:18:23","guid":{"rendered":"http:\/\/rhoenklub-petersberg.de\/?page_id=13908"},"modified":"2025-09-15T09:18:23","modified_gmt":"2025-09-15T09:18:23","slug":"kreuzberg","status":"publish","type":"page","link":"http:\/\/rhoenklub-petersberg.de\/index.php\/kreuzberg\/","title":{"rendered":"Kreuzberg"},"content":{"rendered":"<p><span style=\"font-family: Liberation Serif, serif;\"><span style=\"font-size: medium;\"><strong><span style=\"color: #000000;\"><span style=\"font-family: arial, helvetica, sans-serif;\"><span style=\"font-size: large;\"><u>Wanderung auf den Heiligen Berg der Franken ( Kreuzberg ) <\/u><\/span><\/span><\/span><\/strong><\/span><\/span><\/p>\n<p><span style=\"font-family: Liberation Serif, serif;\"><span style=\"font-size: medium;\"><strong><span style=\"color: #000000;\"><span style=\"font-family: arial, helvetica, sans-serif;\"><span style=\"font-size: large;\"><i>Bericht von Karl Schmitt:<\/i><\/span><\/span><\/span><\/strong><\/span><\/span><\/p>\n<p><span style=\"font-family: Liberation Serif, serif;\"><span style=\"font-size: x-large;\"><strong><span style=\"color: #000000;\"><span style=\"font-size: large;\"><u>Zu einer der sch\u00f6nsten Touren in der Rh\u00f6n trafen sich leider nur 5 Wanderer am 07.09.2025 um 13.00 Uhr am Rathausplatz und fuhren in Fahrgemeinschaft zu dem Ausgangspunkt der Wanderung oberhalb von Oberwei\u00dfenbrunn.<\/u><\/span><\/span><\/strong><\/span><\/span><\/p>\n<p>Bei wunderbarem Wanderwetter begann die Wanderung die uns immer leicht bergauf rechts um den Arnsberg f\u00fchrte. Die sch\u00f6ne Aussicht, links zu Arnsberg rechts Kreuzber und Oberwildflecken veranla\u00dfte uns immer wieder stehenzubleiben und die Aussicht zu geniesen. Auf der R\u00fcckseite des Arnsberges angekommen, \u00fcberw\u00e4ltigte uns der Anblick zahlloser Silberdisteln. Nachdem wir die Stra\u00dfe, von Bischoffsheim kommend, erreicht hatten, wurde der Weg steiler. Aber nach kurzer Zeit war der Kreuzberg erreicht und wir konnten uns im Klosterbiergarten bei herrlichem Sonnenschein ein Bier schmecken\u00a0lassen. Nach ausreichender Rast ging es weiter bergauf, um von da oben den Blick auf die Osterburg zu genie\u00dfen. Ab da ging es bergab, vorbei an der Gem\u00fcndener H\u00fctte, der Haflinger Alm bis hinunter zur Kreuzung Wildflecken, Bischofsheim. Und wieder ging es bergauf, diesmal\u00a0wurde der Arnsberg in Angriff genommen. Kurz und knackig war der Weg. Oben angekommen hatten wir einen Aussicht ins Frankenland, die ihresgleichen sucht. Nun ging es wieder bergab. Ein schmaler Pfad f\u00fchrte uns durch eine einsame\u00a0Landschaft, einfach nur wundersch\u00f6n. Unten angekommen\u00a0hatten wir es nicht mehr weit bis zu unserem Auto und der Heimweg wurde angetreten.<\/p>\n<div id='gallery-1' class='gallery galleryid-13908 gallery-columns-5 gallery-size-thumbnail'><figure class='gallery-item'>\n\t\t\t<div class='gallery-icon portrait'>\n\t\t\t\t<a href='http:\/\/rhoenklub-petersberg.de\/index.php\/kreuzberg\/img-20250914-wa0014\/'><img loading=\"lazy\" decoding=\"async\" width=\"150\" height=\"150\" src=\"http:\/\/rhoenklub-petersberg.de\/wp-content\/uploads\/2025\/09\/IMG-20250914-WA0014-150x150.jpg\" class=\"attachment-thumbnail size-thumbnail\" alt=\"\" \/><\/a>\n\t\t\t<\/div><\/figure><figure class='gallery-item'>\n\t\t\t<div class='gallery-icon landscape'>\n\t\t\t\t<a href='http:\/\/rhoenklub-petersberg.de\/index.php\/kreuzberg\/img-20250914-wa0015\/'><img loading=\"lazy\" decoding=\"async\" width=\"150\" height=\"150\" src=\"http:\/\/rhoenklub-petersberg.de\/wp-content\/uploads\/2025\/09\/IMG-20250914-WA0015-150x150.jpg\" class=\"attachment-thumbnail size-thumbnail\" alt=\"\" \/><\/a>\n\t\t\t<\/div><\/figure><figure class='gallery-item'>\n\t\t\t<div class='gallery-icon landscape'>\n\t\t\t\t<a href='http:\/\/rhoenklub-petersberg.de\/index.php\/kreuzberg\/img-20250914-wa0016\/'><img loading=\"lazy\" decoding=\"async\" width=\"150\" height=\"150\" src=\"http:\/\/rhoenklub-petersberg.de\/wp-content\/uploads\/2025\/09\/IMG-20250914-WA0016-150x150.jpg\" class=\"attachment-thumbnail size-thumbnail\" alt=\"\" \/><\/a>\n\t\t\t<\/div><\/figure><figure class='gallery-item'>\n\t\t\t<div class='gallery-icon landscape'>\n\t\t\t\t<a href='http:\/\/rhoenklub-petersberg.de\/index.php\/kreuzberg\/img-20250914-wa0017\/'><img loading=\"lazy\" decoding=\"async\" width=\"150\" height=\"150\" src=\"http:\/\/rhoenklub-petersberg.de\/wp-content\/uploads\/2025\/09\/IMG-20250914-WA0017-150x150.jpg\" class=\"attachment-thumbnail size-thumbnail\" alt=\"\" \/><\/a>\n\t\t\t<\/div><\/figure><figure class='gallery-item'>\n\t\t\t<div class='gallery-icon portrait'>\n\t\t\t\t<a href='http:\/\/rhoenklub-petersberg.de\/index.php\/kreuzberg\/img-20250914-wa0018\/'><img loading=\"lazy\" decoding=\"async\" width=\"150\" height=\"150\" src=\"http:\/\/rhoenklub-petersberg.de\/wp-content\/uploads\/2025\/09\/IMG-20250914-WA0018-150x150.jpg\" class=\"attachment-thumbnail size-thumbnail\" alt=\"\" \/><\/a>\n\t\t\t<\/div><\/figure><figure class='gallery-item'>\n\t\t\t<div class='gallery-icon portrait'>\n\t\t\t\t<a href='http:\/\/rhoenklub-petersberg.de\/index.php\/kreuzberg\/img-20250914-wa0019\/'><img loading=\"lazy\" decoding=\"async\" width=\"150\" height=\"150\" src=\"http:\/\/rhoenklub-petersberg.de\/wp-content\/uploads\/2025\/09\/IMG-20250914-WA0019-150x150.jpg\" class=\"attachment-thumbnail size-thumbnail\" alt=\"\" \/><\/a>\n\t\t\t<\/div><\/figure><figure class='gallery-item'>\n\t\t\t<div class='gallery-icon portrait'>\n\t\t\t\t<a href='http:\/\/rhoenklub-petersberg.de\/index.php\/kreuzberg\/img-20250914-wa0020\/'><img loading=\"lazy\" decoding=\"async\" width=\"150\" height=\"150\" src=\"http:\/\/rhoenklub-petersberg.de\/wp-content\/uploads\/2025\/09\/IMG-20250914-WA0020-150x150.jpg\" class=\"attachment-thumbnail size-thumbnail\" alt=\"\" \/><\/a>\n\t\t\t<\/div><\/figure><figure class='gallery-item'>\n\t\t\t<div class='gallery-icon landscape'>\n\t\t\t\t<a href='http:\/\/rhoenklub-petersberg.de\/index.php\/kreuzberg\/img-20250914-wa0021\/'><img loading=\"lazy\" decoding=\"async\" width=\"150\" height=\"150\" src=\"http:\/\/rhoenklub-petersberg.de\/wp-content\/uploads\/2025\/09\/IMG-20250914-WA0021-150x150.jpg\" class=\"attachment-thumbnail size-thumbnail\" alt=\"\" \/><\/a>\n\t\t\t<\/div><\/figure><figure class='gallery-item'>\n\t\t\t<div class='gallery-icon portrait'>\n\t\t\t\t<a href='http:\/\/rhoenklub-petersberg.de\/index.php\/kreuzberg\/img-20250914-wa0022\/'><img loading=\"lazy\" decoding=\"async\" width=\"150\" height=\"150\" src=\"http:\/\/rhoenklub-petersberg.de\/wp-content\/uploads\/2025\/09\/IMG-20250914-WA0022-150x150.jpg\" class=\"attachment-thumbnail size-thumbnail\" alt=\"\" \/><\/a>\n\t\t\t<\/div><\/figure><figure class='gallery-item'>\n\t\t\t<div class='gallery-icon portrait'>\n\t\t\t\t<a href='http:\/\/rhoenklub-petersberg.de\/index.php\/kreuzberg\/img-20250914-wa0023\/'><img loading=\"lazy\" decoding=\"async\" width=\"150\" height=\"150\" src=\"http:\/\/rhoenklub-petersberg.de\/wp-content\/uploads\/2025\/09\/IMG-20250914-WA0023-150x150.jpg\" class=\"attachment-thumbnail size-thumbnail\" alt=\"\" \/><\/a>\n\t\t\t<\/div><\/figure>\n\t\t<\/div>\n\n","protected":false},"excerpt":{"rendered":"<p>Wanderung auf den Heiligen Berg der Franken ( Kreuzberg ) Bericht von Karl Schmitt: Zu einer der sch\u00f6nsten Touren in der Rh\u00f6n trafen sich leider nur 5 Wanderer am 07.09.2025 um 13.00 Uhr am Rathausplatz und fuhren in Fahrgemeinschaft zu dem Ausgangspunkt der Wanderung oberhalb von Oberwei\u00dfenbrunn. Bei wunderbarem Wanderwetter begann die Wanderung die uns &hellip; <a href=\"http:\/\/rhoenklub-petersberg.de\/index.php\/kreuzberg\/\" class=\"more-link\"><span class=\"screen-reader-text\">Kreuzberg<\/span> weiterlesen <span class=\"meta-nav\">&rarr;<\/span><\/a><\/p>\n","protected":false},"author":666667,"featured_media":0,"parent":0,"menu_order":0,"comment_status":"closed","ping_status":"closed","template":"","meta":{"footnotes":""},"class_list":["post-13908","page","type-page","status-publish","hentry"],"_links":{"self":[{"href":"http:\/\/rhoenklub-petersberg.de\/index.php\/wp-json\/wp\/v2\/pages\/13908","targetHints":{"allow":["GET"]}}],"collection":[{"href":"http:\/\/rhoenklub-petersberg.de\/index.php\/wp-json\/wp\/v2\/pages"}],"about":[{"href":"http:\/\/rhoenklub-petersberg.de\/index.php\/wp-json\/wp\/v2\/types\/page"}],"author":[{"embeddable":true,"href":"http:\/\/rhoenklub-petersberg.de\/index.php\/wp-json\/wp\/v2\/users\/666667"}],"replies":[{"embeddable":true,"href":"http:\/\/rhoenklub-petersberg.de\/index.php\/wp-json\/wp\/v2\/comments?post=13908"}],"version-history":[{"count":0,"href":"http:\/\/rhoenklub-petersberg.de\/index.php\/wp-json\/wp\/v2\/pages\/13908\/revisions"}],"wp:attachment":[{"href":"http:\/\/rhoenklub-petersberg.de\/index.php\/wp-json\/wp\/v2\/media?parent=13908"}],"curies":[{"name":"wp","href":"https:\/\/api.w.org\/{rel}","templated":true}]}}