{"id":13894,"date":"2025-09-15T08:44:21","date_gmt":"2025-09-15T08:44:21","guid":{"rendered":"http:\/\/rhoenklub-petersberg.de\/?page_id=13894"},"modified":"2025-09-15T08:44:21","modified_gmt":"2025-09-15T08:44:21","slug":"schwarzes-moor","status":"publish","type":"page","link":"http:\/\/rhoenklub-petersberg.de\/index.php\/schwarzes-moor\/","title":{"rendered":"Schwarzes Moor"},"content":{"rendered":"<p><span style=\"font-family: Liberation Serif, serif;\"><span style=\"font-size: medium;\"><strong><span style=\"color: #000000;\"><span style=\"font-family: arial, helvetica, sans-serif;\"><span style=\"font-size: large;\"><u>Wanderung im Schwarzen Moor<\/u><\/span><\/span><\/span><\/strong><\/span><\/span><\/p>\n<p><span style=\"font-family: Liberation Serif, serif;\"><span style=\"font-size: medium;\"><strong><span style=\"color: #000000;\"><span style=\"font-family: arial, helvetica, sans-serif;\"><span style=\"font-size: large;\"><i>Bericht von Karl Schmitt:<\/i><\/span><\/span><\/span><\/strong><\/span><\/span><\/p>\n<p><strong><span style=\"color: #000000;\"><span style=\"font-family: Liberation Serif, serif;\"><span style=\"font-size: large;\">12 Wanderer trafen sich am 03.09.2025 um 13.00 Uhr am Rathausplatz und fuhren in Fahrgemeinschaften zum Dreil\u00e4ndereck-Parkplatz. Hier begann beim sch\u00f6nsten Wanderwetter die kleine Rundwanderung durch das Schwarze Moor. Von Beginn an konnten wir uns ,auf aufgestellte Info Tafeln, \u00fcber die vergangenen Aktivit\u00e4ten, den Aufbau des Moores und dessen Tier und Pflanzenwelt informieren. Auf Holzbohlen f\u00fchrte uns der Weg, beginnend mit den Randzonen des Moores mit seinem Baumwuchs, dann durch das Moor, wo nur noch einzelne kleinw\u00fcchsige Moorkiefern zu sehen ware<\/span><\/span><\/span><\/strong><strong><span style=\"color: #000000;\"><span style=\"font-family: Liberation Serif, serif;\"><span style=\"font-size: large;\">n<\/span><\/span><\/span><\/strong><strong><span style=\"color: #000000;\"><span style=\"font-family: Liberation Serif, serif;\"><span style=\"font-size: large;\"> wieder aus dem Moor in die Randzone. Bei dem Aussichtsturm, der eine wunderbare Aussicht bietet, wurde eine kurze Rast eingelegt, bevor wir uns auf den Weg zur Sennh\u00fctte machten, wo wir bei Kaffee, Kuchen, etc., die Wanderung beendeten. Danach ging es zur\u00fcck zu den Autos und der Heimweg wurde angetreten.<\/span><\/span><\/span><\/strong><\/p>\n<div id='gallery-1' class='gallery galleryid-13894 gallery-columns-5 gallery-size-thumbnail'><figure class='gallery-item'>\n\t\t\t<div class='gallery-icon portrait'>\n\t\t\t\t<a href='http:\/\/rhoenklub-petersberg.de\/index.php\/schwarzes-moor\/img-20250914-wa0004\/'><img loading=\"lazy\" decoding=\"async\" width=\"150\" height=\"150\" src=\"http:\/\/rhoenklub-petersberg.de\/wp-content\/uploads\/2025\/09\/IMG-20250914-WA0004-150x150.jpg\" class=\"attachment-thumbnail size-thumbnail\" alt=\"\" \/><\/a>\n\t\t\t<\/div><\/figure><figure class='gallery-item'>\n\t\t\t<div class='gallery-icon portrait'>\n\t\t\t\t<a href='http:\/\/rhoenklub-petersberg.de\/index.php\/schwarzes-moor\/img-20250914-wa0005\/'><img loading=\"lazy\" decoding=\"async\" width=\"150\" height=\"150\" src=\"http:\/\/rhoenklub-petersberg.de\/wp-content\/uploads\/2025\/09\/IMG-20250914-WA0005-150x150.jpg\" class=\"attachment-thumbnail size-thumbnail\" alt=\"\" \/><\/a>\n\t\t\t<\/div><\/figure><figure class='gallery-item'>\n\t\t\t<div class='gallery-icon portrait'>\n\t\t\t\t<a href='http:\/\/rhoenklub-petersberg.de\/index.php\/schwarzes-moor\/img-20250914-wa0006\/'><img loading=\"lazy\" decoding=\"async\" width=\"150\" height=\"150\" src=\"http:\/\/rhoenklub-petersberg.de\/wp-content\/uploads\/2025\/09\/IMG-20250914-WA0006-150x150.jpg\" class=\"attachment-thumbnail size-thumbnail\" alt=\"\" \/><\/a>\n\t\t\t<\/div><\/figure><figure class='gallery-item'>\n\t\t\t<div class='gallery-icon portrait'>\n\t\t\t\t<a href='http:\/\/rhoenklub-petersberg.de\/index.php\/schwarzes-moor\/img-20250914-wa0007\/'><img loading=\"lazy\" decoding=\"async\" width=\"150\" height=\"150\" src=\"http:\/\/rhoenklub-petersberg.de\/wp-content\/uploads\/2025\/09\/IMG-20250914-WA0007-150x150.jpg\" class=\"attachment-thumbnail size-thumbnail\" alt=\"\" \/><\/a>\n\t\t\t<\/div><\/figure><figure class='gallery-item'>\n\t\t\t<div class='gallery-icon portrait'>\n\t\t\t\t<a href='http:\/\/rhoenklub-petersberg.de\/index.php\/schwarzes-moor\/img-20250914-wa0008\/'><img loading=\"lazy\" decoding=\"async\" width=\"150\" height=\"150\" src=\"http:\/\/rhoenklub-petersberg.de\/wp-content\/uploads\/2025\/09\/IMG-20250914-WA0008-150x150.jpg\" class=\"attachment-thumbnail size-thumbnail\" alt=\"\" \/><\/a>\n\t\t\t<\/div><\/figure><figure class='gallery-item'>\n\t\t\t<div class='gallery-icon portrait'>\n\t\t\t\t<a href='http:\/\/rhoenklub-petersberg.de\/index.php\/schwarzes-moor\/img-20250914-wa0009\/'><img loading=\"lazy\" decoding=\"async\" width=\"150\" height=\"150\" src=\"http:\/\/rhoenklub-petersberg.de\/wp-content\/uploads\/2025\/09\/IMG-20250914-WA0009-150x150.jpg\" class=\"attachment-thumbnail size-thumbnail\" alt=\"\" \/><\/a>\n\t\t\t<\/div><\/figure><figure class='gallery-item'>\n\t\t\t<div class='gallery-icon portrait'>\n\t\t\t\t<a href='http:\/\/rhoenklub-petersberg.de\/index.php\/schwarzes-moor\/img-20250914-wa0010\/'><img loading=\"lazy\" decoding=\"async\" width=\"150\" height=\"150\" src=\"http:\/\/rhoenklub-petersberg.de\/wp-content\/uploads\/2025\/09\/IMG-20250914-WA0010-150x150.jpg\" class=\"attachment-thumbnail size-thumbnail\" alt=\"\" \/><\/a>\n\t\t\t<\/div><\/figure><figure class='gallery-item'>\n\t\t\t<div class='gallery-icon portrait'>\n\t\t\t\t<a href='http:\/\/rhoenklub-petersberg.de\/index.php\/schwarzes-moor\/img-20250914-wa0011\/'><img loading=\"lazy\" decoding=\"async\" width=\"150\" height=\"150\" src=\"http:\/\/rhoenklub-petersberg.de\/wp-content\/uploads\/2025\/09\/IMG-20250914-WA0011-150x150.jpg\" class=\"attachment-thumbnail size-thumbnail\" alt=\"\" \/><\/a>\n\t\t\t<\/div><\/figure><figure class='gallery-item'>\n\t\t\t<div class='gallery-icon portrait'>\n\t\t\t\t<a href='http:\/\/rhoenklub-petersberg.de\/index.php\/schwarzes-moor\/img-20250914-wa0012\/'><img loading=\"lazy\" decoding=\"async\" width=\"150\" height=\"150\" src=\"http:\/\/rhoenklub-petersberg.de\/wp-content\/uploads\/2025\/09\/IMG-20250914-WA0012-150x150.jpg\" class=\"attachment-thumbnail size-thumbnail\" alt=\"\" \/><\/a>\n\t\t\t<\/div><\/figure><figure class='gallery-item'>\n\t\t\t<div class='gallery-icon portrait'>\n\t\t\t\t<a href='http:\/\/rhoenklub-petersberg.de\/index.php\/schwarzes-moor\/img-20250914-wa0013\/'><img loading=\"lazy\" decoding=\"async\" width=\"150\" height=\"150\" src=\"http:\/\/rhoenklub-petersberg.de\/wp-content\/uploads\/2025\/09\/IMG-20250914-WA0013-150x150.jpg\" class=\"attachment-thumbnail size-thumbnail\" alt=\"\" \/><\/a>\n\t\t\t<\/div><\/figure>\n\t\t<\/div>\n\n","protected":false},"excerpt":{"rendered":"<p>Wanderung im Schwarzen Moor Bericht von Karl Schmitt: 12 Wanderer trafen sich am 03.09.2025 um 13.00 Uhr am Rathausplatz und fuhren in Fahrgemeinschaften zum Dreil\u00e4ndereck-Parkplatz. Hier begann beim sch\u00f6nsten Wanderwetter die kleine Rundwanderung durch das Schwarze Moor. Von Beginn an konnten wir uns ,auf aufgestellte Info Tafeln, \u00fcber die vergangenen Aktivit\u00e4ten, den Aufbau des Moores &hellip; <a href=\"http:\/\/rhoenklub-petersberg.de\/index.php\/schwarzes-moor\/\" class=\"more-link\"><span class=\"screen-reader-text\">Schwarzes Moor<\/span> weiterlesen <span class=\"meta-nav\">&rarr;<\/span><\/a><\/p>\n","protected":false},"author":666667,"featured_media":0,"parent":0,"menu_order":0,"comment_status":"closed","ping_status":"closed","template":"","meta":{"footnotes":""},"class_list":["post-13894","page","type-page","status-publish","hentry"],"_links":{"self":[{"href":"http:\/\/rhoenklub-petersberg.de\/index.php\/wp-json\/wp\/v2\/pages\/13894","targetHints":{"allow":["GET"]}}],"collection":[{"href":"http:\/\/rhoenklub-petersberg.de\/index.php\/wp-json\/wp\/v2\/pages"}],"about":[{"href":"http:\/\/rhoenklub-petersberg.de\/index.php\/wp-json\/wp\/v2\/types\/page"}],"author":[{"embeddable":true,"href":"http:\/\/rhoenklub-petersberg.de\/index.php\/wp-json\/wp\/v2\/users\/666667"}],"replies":[{"embeddable":true,"href":"http:\/\/rhoenklub-petersberg.de\/index.php\/wp-json\/wp\/v2\/comments?post=13894"}],"version-history":[{"count":0,"href":"http:\/\/rhoenklub-petersberg.de\/index.php\/wp-json\/wp\/v2\/pages\/13894\/revisions"}],"wp:attachment":[{"href":"http:\/\/rhoenklub-petersberg.de\/index.php\/wp-json\/wp\/v2\/media?parent=13894"}],"curies":[{"name":"wp","href":"https:\/\/api.w.org\/{rel}","templated":true}]}}