{"id":13789,"date":"2025-08-06T09:42:48","date_gmt":"2025-08-06T09:42:48","guid":{"rendered":"http:\/\/rhoenklub-petersberg.de\/?page_id=13789"},"modified":"2025-08-06T09:42:48","modified_gmt":"2025-08-06T09:42:48","slug":"familienradtour-6","status":"publish","type":"page","link":"http:\/\/rhoenklub-petersberg.de\/index.php\/familienradtour-6\/","title":{"rendered":"Familienradtour"},"content":{"rendered":"<p><span style=\"font-family: Arial, sans-serif;\"><span style=\"font-size: large;\"><b>Rh\u00f6nklub Radtour 2025<\/b><\/span><\/span><\/p>\n<p><em>Bericht von Hilmar M\u00fcller:<\/em><\/p>\n<p><span style=\"font-family: Arial, sans-serif;\"><span style=\"font-size: large;\">Am 20.0<\/span><\/span><span style=\"font-family: Arial, sans-serif;\"><span style=\"font-size: large;\">7<\/span><\/span><span style=\"font-family: Arial, sans-serif;\"><span style=\"font-size: large;\">.25 um 10.30 Uhr starteten 17 begeisterte Radfahrer am Rathausplatz zur diesj\u00e4hrigen Tour, die von Hilmar M\u00fcller geleitet wurde. Das Wetter meinte es gut mit uns, sodass die Fahrt richtig genossen werden konnte.<\/span><\/span><\/p>\n<p><span style=\"font-family: Arial, sans-serif;\"><span style=\"font-size: large;\">Zun\u00e4chst ging es \u00fcber Horwieden, Margrethenhaun, am sch\u00f6nen Radweg entlang nach Dipperz. Auf einer Anh\u00f6he zwischen Wisselsrod und Friesenhausen wurden wir von Svenja und Lisa M\u00fcller bereits zu einer verdienten Pause erwartet. Hier gab es k\u00fchle Getr\u00e4nke und S\u00fc\u00dfigkeiten zur St\u00e4rkung. Weiter ging die Fahrt dann \u00fcber Kohlgrund, Dietershausen, Richtung Weyhers. Hier folgte dann die anspruchsvollste aber auch landschaftlich sch\u00f6nste Passage, hinauf zum Giebelrain.<\/span><\/span><\/p>\n<p><span style=\"font-family: Arial, sans-serif;\"><span style=\"font-size: large;\">Ziel der Tour war diesmal die Kneshecke in Friesenhausen, die wir nach der 2 \u00bd st\u00fcndigen Fahrt erreichten. Hier wurde sich nett unterhalten und mit Getr\u00e4nken und einem Mittagessen belohnt.<\/span><\/span><\/p>\n<p><span style=\"font-family: Arial, sans-serif;\"><span style=\"font-size: large;\">Die Heimfahrt f\u00fchrte uns \u00fcber Wisselsrod, Wissels und schlie\u00dflich zum Abschluss auf unsere Rh\u00f6nklubh\u00fctte in Petersberg. Hier klang der Tag dann so langsam aus. Man war sich einig dar\u00fcber, n\u00e4chstes Jahr erneut gemeinsam zu starten!<\/span><\/span><\/p>\n<div id='gallery-1' class='gallery galleryid-13789 gallery-columns-3 gallery-size-thumbnail'><figure class='gallery-item'>\n\t\t\t<div class='gallery-icon landscape'>\n\t\t\t\t<a href='http:\/\/rhoenklub-petersberg.de\/index.php\/familienradtour-6\/20250720_114823\/'><img loading=\"lazy\" decoding=\"async\" width=\"150\" height=\"150\" src=\"http:\/\/rhoenklub-petersberg.de\/wp-content\/uploads\/2025\/08\/20250720_114823-150x150.jpg\" class=\"attachment-thumbnail size-thumbnail\" alt=\"\" \/><\/a>\n\t\t\t<\/div><\/figure><figure class='gallery-item'>\n\t\t\t<div class='gallery-icon landscape'>\n\t\t\t\t<a href='http:\/\/rhoenklub-petersberg.de\/index.php\/familienradtour-6\/20250720_114826\/'><img loading=\"lazy\" decoding=\"async\" width=\"150\" height=\"150\" src=\"http:\/\/rhoenklub-petersberg.de\/wp-content\/uploads\/2025\/08\/20250720_114826-150x150.jpg\" class=\"attachment-thumbnail size-thumbnail\" alt=\"\" \/><\/a>\n\t\t\t<\/div><\/figure><figure class='gallery-item'>\n\t\t\t<div class='gallery-icon landscape'>\n\t\t\t\t<a href='http:\/\/rhoenklub-petersberg.de\/index.php\/familienradtour-6\/20250720_114839\/'><img loading=\"lazy\" decoding=\"async\" width=\"150\" height=\"150\" src=\"http:\/\/rhoenklub-petersberg.de\/wp-content\/uploads\/2025\/08\/20250720_114839-150x150.jpg\" class=\"attachment-thumbnail size-thumbnail\" alt=\"\" \/><\/a>\n\t\t\t<\/div><\/figure><figure class='gallery-item'>\n\t\t\t<div class='gallery-icon portrait'>\n\t\t\t\t<a href='http:\/\/rhoenklub-petersberg.de\/index.php\/familienradtour-6\/20250720_114845\/'><img loading=\"lazy\" decoding=\"async\" width=\"150\" height=\"150\" src=\"http:\/\/rhoenklub-petersberg.de\/wp-content\/uploads\/2025\/08\/20250720_114845-150x150.jpg\" class=\"attachment-thumbnail size-thumbnail\" alt=\"\" \/><\/a>\n\t\t\t<\/div><\/figure><figure class='gallery-item'>\n\t\t\t<div class='gallery-icon landscape'>\n\t\t\t\t<a href='http:\/\/rhoenklub-petersberg.de\/index.php\/familienradtour-6\/20250720_134523\/'><img loading=\"lazy\" decoding=\"async\" width=\"150\" height=\"150\" src=\"http:\/\/rhoenklub-petersberg.de\/wp-content\/uploads\/2025\/08\/20250720_134523-150x150.jpg\" class=\"attachment-thumbnail size-thumbnail\" alt=\"\" \/><\/a>\n\t\t\t<\/div><\/figure><figure class='gallery-item'>\n\t\t\t<div class='gallery-icon portrait'>\n\t\t\t\t<a href='http:\/\/rhoenklub-petersberg.de\/index.php\/familienradtour-6\/20250720_154405\/'><img loading=\"lazy\" decoding=\"async\" width=\"150\" height=\"150\" src=\"http:\/\/rhoenklub-petersberg.de\/wp-content\/uploads\/2025\/08\/20250720_154405-150x150.jpg\" class=\"attachment-thumbnail size-thumbnail\" alt=\"\" \/><\/a>\n\t\t\t<\/div><\/figure>\n\t\t<\/div>\n\n<p>&nbsp;<\/p>\n","protected":false},"excerpt":{"rendered":"<p>Rh\u00f6nklub Radtour 2025 Bericht von Hilmar M\u00fcller: Am 20.07.25 um 10.30 Uhr starteten 17 begeisterte Radfahrer am Rathausplatz zur diesj\u00e4hrigen Tour, die von Hilmar M\u00fcller geleitet wurde. Das Wetter meinte es gut mit uns, sodass die Fahrt richtig genossen werden konnte. Zun\u00e4chst ging es \u00fcber Horwieden, Margrethenhaun, am sch\u00f6nen Radweg entlang nach Dipperz. Auf einer &hellip; <a href=\"http:\/\/rhoenklub-petersberg.de\/index.php\/familienradtour-6\/\" class=\"more-link\"><span class=\"screen-reader-text\">Familienradtour<\/span> weiterlesen <span class=\"meta-nav\">&rarr;<\/span><\/a><\/p>\n","protected":false},"author":666667,"featured_media":0,"parent":0,"menu_order":0,"comment_status":"closed","ping_status":"closed","template":"","meta":{"footnotes":""},"class_list":["post-13789","page","type-page","status-publish","hentry"],"_links":{"self":[{"href":"http:\/\/rhoenklub-petersberg.de\/index.php\/wp-json\/wp\/v2\/pages\/13789","targetHints":{"allow":["GET"]}}],"collection":[{"href":"http:\/\/rhoenklub-petersberg.de\/index.php\/wp-json\/wp\/v2\/pages"}],"about":[{"href":"http:\/\/rhoenklub-petersberg.de\/index.php\/wp-json\/wp\/v2\/types\/page"}],"author":[{"embeddable":true,"href":"http:\/\/rhoenklub-petersberg.de\/index.php\/wp-json\/wp\/v2\/users\/666667"}],"replies":[{"embeddable":true,"href":"http:\/\/rhoenklub-petersberg.de\/index.php\/wp-json\/wp\/v2\/comments?post=13789"}],"version-history":[{"count":0,"href":"http:\/\/rhoenklub-petersberg.de\/index.php\/wp-json\/wp\/v2\/pages\/13789\/revisions"}],"wp:attachment":[{"href":"http:\/\/rhoenklub-petersberg.de\/index.php\/wp-json\/wp\/v2\/media?parent=13789"}],"curies":[{"name":"wp","href":"https:\/\/api.w.org\/{rel}","templated":true}]}}