{"id":13771,"date":"2025-07-18T08:06:49","date_gmt":"2025-07-18T08:06:49","guid":{"rendered":"http:\/\/rhoenklub-petersberg.de\/?page_id=13771"},"modified":"2025-07-18T08:06:49","modified_gmt":"2025-07-18T08:06:49","slug":"milseburg-enzianhuette","status":"publish","type":"page","link":"http:\/\/rhoenklub-petersberg.de\/index.php\/milseburg-enzianhuette\/","title":{"rendered":"Milseburg \u2013 Enzianh\u00fctte"},"content":{"rendered":"<p><span style=\"font-size: large;\">\u00a0<\/span><\/p>\n<p><em>Bericht von Jonas M\u00fcller:<\/em><\/p>\n<p>Am Sonntag, dem 06.07.2025, traf sich eine Gruppe von neun wanderfreudigen Vereinsmitgliedern am Rathausplatz in Petersberg. Gemeinsam machten wir uns in Fahrgemeinschaften auf den Weg zum Parkplatz an der Milseburg, dem Ausgangpunkt unserer Tour.<\/p>\n<p>Bei bestem Wanderwetter ging es hinauf zum Gipfel der Milseburg. Oben angekommen, genossen wir den traumhaften Ausblick \u00fcber die Rh\u00f6n \u2013 ein echtes Highlight und Lohn f\u00fcr den Aufstieg.<\/p>\n<p>Weiter f\u00fchrte uns der Weg Richtung Enzianh\u00fctte. Unterwegs passierten wir das Naturdenkmal der Bubenbadersteine und kamen auch am Bubenbad vorbei, bevor wir schlie\u00dflich unser Ziel erreichten.<\/p>\n<p>An der Enzianh\u00fctte erwartete uns nicht nur die gem\u00fctliche Einkehr, sondern auch die z\u00fcnftigen Kl\u00e4nge der Rh\u00f6ner BMB (B\u00f6hmische-M\u00e4hrische Blasmusik), die beim Fr\u00fchschoppen aufspielten. Zu unserer Freude stie\u00dfen dort drei weitere Vereinsmitglieder zu uns, sodass wir in geselliger Runde bei leckerem Essen und k\u00fchlen Getr\u00e4nken den Wandertag ausklingen lie\u00dfen.<\/p>\n<p>Insgesamt legten wir rund 6,5 Kilometer zur\u00fcck und \u00fcberwanden dabei 270 H\u00f6henmeter.<\/p>\n<div id='gallery-1' class='gallery galleryid-13771 gallery-columns-4 gallery-size-thumbnail'><figure class='gallery-item'>\n\t\t\t<div class='gallery-icon landscape'>\n\t\t\t\t<a href='http:\/\/rhoenklub-petersberg.de\/index.php\/milseburg-enzianhuette\/1-5\/'><img loading=\"lazy\" decoding=\"async\" width=\"150\" height=\"150\" src=\"http:\/\/rhoenklub-petersberg.de\/wp-content\/uploads\/2025\/07\/1-150x150.jpg\" class=\"attachment-thumbnail size-thumbnail\" alt=\"\" \/><\/a>\n\t\t\t<\/div><\/figure><figure class='gallery-item'>\n\t\t\t<div class='gallery-icon portrait'>\n\t\t\t\t<a href='http:\/\/rhoenklub-petersberg.de\/index.php\/milseburg-enzianhuette\/2-11\/'><img loading=\"lazy\" decoding=\"async\" width=\"150\" height=\"150\" src=\"http:\/\/rhoenklub-petersberg.de\/wp-content\/uploads\/2025\/07\/2-150x150.jpg\" class=\"attachment-thumbnail size-thumbnail\" alt=\"\" \/><\/a>\n\t\t\t<\/div><\/figure><figure class='gallery-item'>\n\t\t\t<div class='gallery-icon portrait'>\n\t\t\t\t<a href='http:\/\/rhoenklub-petersberg.de\/index.php\/milseburg-enzianhuette\/3-8\/'><img loading=\"lazy\" decoding=\"async\" width=\"150\" height=\"150\" src=\"http:\/\/rhoenklub-petersberg.de\/wp-content\/uploads\/2025\/07\/3-150x150.jpg\" class=\"attachment-thumbnail size-thumbnail\" alt=\"\" \/><\/a>\n\t\t\t<\/div><\/figure><figure class='gallery-item'>\n\t\t\t<div class='gallery-icon portrait'>\n\t\t\t\t<a href='http:\/\/rhoenklub-petersberg.de\/index.php\/milseburg-enzianhuette\/4-6\/'><img loading=\"lazy\" decoding=\"async\" width=\"150\" height=\"150\" src=\"http:\/\/rhoenklub-petersberg.de\/wp-content\/uploads\/2025\/07\/4-150x150.jpeg\" class=\"attachment-thumbnail size-thumbnail\" alt=\"\" \/><\/a>\n\t\t\t<\/div><\/figure><figure class='gallery-item'>\n\t\t\t<div class='gallery-icon portrait'>\n\t\t\t\t<a href='http:\/\/rhoenklub-petersberg.de\/index.php\/milseburg-enzianhuette\/5-6\/'><img loading=\"lazy\" decoding=\"async\" width=\"150\" height=\"150\" src=\"http:\/\/rhoenklub-petersberg.de\/wp-content\/uploads\/2025\/07\/5-150x150.jpeg\" class=\"attachment-thumbnail size-thumbnail\" alt=\"\" \/><\/a>\n\t\t\t<\/div><\/figure><figure class='gallery-item'>\n\t\t\t<div class='gallery-icon landscape'>\n\t\t\t\t<a href='http:\/\/rhoenklub-petersberg.de\/index.php\/milseburg-enzianhuette\/6-7\/'><img loading=\"lazy\" decoding=\"async\" width=\"150\" height=\"150\" src=\"http:\/\/rhoenklub-petersberg.de\/wp-content\/uploads\/2025\/07\/6-150x150.jpeg\" class=\"attachment-thumbnail size-thumbnail\" alt=\"\" \/><\/a>\n\t\t\t<\/div><\/figure><figure class='gallery-item'>\n\t\t\t<div class='gallery-icon landscape'>\n\t\t\t\t<a href='http:\/\/rhoenklub-petersberg.de\/index.php\/milseburg-enzianhuette\/7-6\/'><img loading=\"lazy\" decoding=\"async\" width=\"150\" height=\"150\" src=\"http:\/\/rhoenklub-petersberg.de\/wp-content\/uploads\/2025\/07\/7-150x150.jpeg\" class=\"attachment-thumbnail size-thumbnail\" alt=\"\" \/><\/a>\n\t\t\t<\/div><\/figure>\n\t\t<\/div>\n\n","protected":false},"excerpt":{"rendered":"<p>\u00a0 Bericht von Jonas M\u00fcller: Am Sonntag, dem 06.07.2025, traf sich eine Gruppe von neun wanderfreudigen Vereinsmitgliedern am Rathausplatz in Petersberg. Gemeinsam machten wir uns in Fahrgemeinschaften auf den Weg zum Parkplatz an der Milseburg, dem Ausgangpunkt unserer Tour. Bei bestem Wanderwetter ging es hinauf zum Gipfel der Milseburg. Oben angekommen, genossen wir den traumhaften &hellip; <a href=\"http:\/\/rhoenklub-petersberg.de\/index.php\/milseburg-enzianhuette\/\" class=\"more-link\"><span class=\"screen-reader-text\">Milseburg \u2013 Enzianh\u00fctte<\/span> weiterlesen <span class=\"meta-nav\">&rarr;<\/span><\/a><\/p>\n","protected":false},"author":666667,"featured_media":0,"parent":0,"menu_order":0,"comment_status":"closed","ping_status":"closed","template":"","meta":{"footnotes":""},"class_list":["post-13771","page","type-page","status-publish","hentry"],"_links":{"self":[{"href":"http:\/\/rhoenklub-petersberg.de\/index.php\/wp-json\/wp\/v2\/pages\/13771","targetHints":{"allow":["GET"]}}],"collection":[{"href":"http:\/\/rhoenklub-petersberg.de\/index.php\/wp-json\/wp\/v2\/pages"}],"about":[{"href":"http:\/\/rhoenklub-petersberg.de\/index.php\/wp-json\/wp\/v2\/types\/page"}],"author":[{"embeddable":true,"href":"http:\/\/rhoenklub-petersberg.de\/index.php\/wp-json\/wp\/v2\/users\/666667"}],"replies":[{"embeddable":true,"href":"http:\/\/rhoenklub-petersberg.de\/index.php\/wp-json\/wp\/v2\/comments?post=13771"}],"version-history":[{"count":0,"href":"http:\/\/rhoenklub-petersberg.de\/index.php\/wp-json\/wp\/v2\/pages\/13771\/revisions"}],"wp:attachment":[{"href":"http:\/\/rhoenklub-petersberg.de\/index.php\/wp-json\/wp\/v2\/media?parent=13771"}],"curies":[{"name":"wp","href":"https:\/\/api.w.org\/{rel}","templated":true}]}}