{"id":136,"date":"2014-04-24T18:44:37","date_gmt":"2014-04-24T18:44:37","guid":{"rendered":"http:\/\/rhoenklub-petersberg.de\/?page_id=136"},"modified":"2024-04-09T13:45:08","modified_gmt":"2024-04-09T13:45:08","slug":"chronik","status":"publish","type":"page","link":"http:\/\/rhoenklub-petersberg.de\/index.php\/archiv\/chronik\/","title":{"rendered":"Chronik 1948-2018"},"content":{"rendered":"<h4><a href=\"http:\/\/rhoenklub-petersberg.de\/wp-content\/uploads\/2019\/01\/190122_Chronik_1948-2018.pdf\">Chronik_1948-2018<\/a><\/h4>\n<p>Mit einer bewundernswerten Ausdauer und in m\u00fchevoller Kleinarbeit hat unser stellvertretende Kulturwart G\u00fcnther Ruppert die Chronik \u00fcber mehr als 70 Vereinsjahre sehr detailliert und ausf\u00fchrlich zusammengestellt. Der Vorstand bedankt sich f\u00fcr dieses umfassende Werk.<\/p>\n<p>Leser der Chronik, die noch Informationen \u00fcber das Vereinsleben in den nicht vollst\u00e4ndig abgebildeten\u00a0Jahren haben, bitten wir, uns diese zu \u00fcbermitteln. Wir w\u00fcrden uns freuen, wenn wir mit der Zeit auch die L\u00fccken einiger Jahre noch f\u00fcllen k\u00f6nnen. Im Voraus vielen Dank f\u00fcr Ihre Bem\u00fchungen.<\/p>\n<p>Die Chronik wird demn\u00e4chst fortgesetzt: Autor Michaela Gaul<\/p>\n","protected":false},"excerpt":{"rendered":"<p>Chronik_1948-2018 Mit einer bewundernswerten Ausdauer und in m\u00fchevoller Kleinarbeit hat unser stellvertretende Kulturwart G\u00fcnther Ruppert die Chronik \u00fcber mehr als 70 Vereinsjahre sehr detailliert und ausf\u00fchrlich zusammengestellt. Der Vorstand bedankt sich f\u00fcr dieses umfassende Werk. Leser der Chronik, die noch Informationen \u00fcber das Vereinsleben in den nicht vollst\u00e4ndig abgebildeten\u00a0Jahren haben, bitten wir, uns diese zu &hellip; <a href=\"http:\/\/rhoenklub-petersberg.de\/index.php\/archiv\/chronik\/\" class=\"more-link\"><span class=\"screen-reader-text\">Chronik 1948-2018<\/span> weiterlesen <span class=\"meta-nav\">&rarr;<\/span><\/a><\/p>\n","protected":false},"author":666667,"featured_media":0,"parent":134,"menu_order":0,"comment_status":"closed","ping_status":"closed","template":"","meta":{"footnotes":""},"class_list":["post-136","page","type-page","status-publish","hentry"],"_links":{"self":[{"href":"http:\/\/rhoenklub-petersberg.de\/index.php\/wp-json\/wp\/v2\/pages\/136","targetHints":{"allow":["GET"]}}],"collection":[{"href":"http:\/\/rhoenklub-petersberg.de\/index.php\/wp-json\/wp\/v2\/pages"}],"about":[{"href":"http:\/\/rhoenklub-petersberg.de\/index.php\/wp-json\/wp\/v2\/types\/page"}],"author":[{"embeddable":true,"href":"http:\/\/rhoenklub-petersberg.de\/index.php\/wp-json\/wp\/v2\/users\/666667"}],"replies":[{"embeddable":true,"href":"http:\/\/rhoenklub-petersberg.de\/index.php\/wp-json\/wp\/v2\/comments?post=136"}],"version-history":[{"count":0,"href":"http:\/\/rhoenklub-petersberg.de\/index.php\/wp-json\/wp\/v2\/pages\/136\/revisions"}],"up":[{"embeddable":true,"href":"http:\/\/rhoenklub-petersberg.de\/index.php\/wp-json\/wp\/v2\/pages\/134"}],"wp:attachment":[{"href":"http:\/\/rhoenklub-petersberg.de\/index.php\/wp-json\/wp\/v2\/media?parent=136"}],"curies":[{"name":"wp","href":"https:\/\/api.w.org\/{rel}","templated":true}]}}