{"id":13588,"date":"2025-04-10T09:01:41","date_gmt":"2025-04-10T09:01:41","guid":{"rendered":"http:\/\/rhoenklub-petersberg.de\/?page_id=13588"},"modified":"2025-04-10T09:03:01","modified_gmt":"2025-04-10T09:03:01","slug":"osterputz-6","status":"publish","type":"page","link":"http:\/\/rhoenklub-petersberg.de\/index.php\/osterputz-6\/","title":{"rendered":"Osterputz"},"content":{"rendered":"<p><strong><u>Osterputz der Rh\u00f6nklubjugend<\/u><\/strong><\/p>\n<p><em>Bericht von Daniela V\u00f6ller:<\/em><\/p>\n<p>Am 28.03.25 haben wir den allj\u00e4hrlichen Osterputz mit der Rh\u00f6nklubjugend rund um den Rauschenberg durchgef\u00fchrt.<\/p>\n<p>Wir sind mit 12 Kindern und 7 Erwachsenen bei herrlichstem Wetter in mehreren Gruppen gestartet und haben 4 M\u00fclls\u00e4cke<\/p>\n<p>gef\u00fcllt. Nach erfolgreicher Arbeit haben wir den Tag ausklingen lassen mit Bratw\u00fcrstchen, Eis \u00a0und k\u00fchlen Getr\u00e4nken.<\/p>\n<p>Wir danken allen flei\u00dfigen Helfern bei dieser f\u00fcr die Natur so wichtige Aktion.<\/p>\n<p>\u201eFrisch auf \u201e<\/p>\n<p>Eure Jugendwartinnen Ann-Kristin Leipold und Daniela V\u00f6ller<\/p>\n<div id='gallery-1' class='gallery galleryid-13588 gallery-columns-2 gallery-size-thumbnail'><figure class='gallery-item'>\n\t\t\t<div class='gallery-icon landscape'>\n\t\t\t\t<a href='http:\/\/rhoenklub-petersberg.de\/index.php\/osterputz-6\/img-20250331-wa0003\/'><img loading=\"lazy\" decoding=\"async\" width=\"150\" height=\"150\" src=\"http:\/\/rhoenklub-petersberg.de\/wp-content\/uploads\/2025\/04\/IMG-20250331-WA0003-150x150.jpg\" class=\"attachment-thumbnail size-thumbnail\" alt=\"\" \/><\/a>\n\t\t\t<\/div><\/figure><figure class='gallery-item'>\n\t\t\t<div class='gallery-icon portrait'>\n\t\t\t\t<a href='http:\/\/rhoenklub-petersberg.de\/index.php\/osterputz-6\/img-20250409-wa0001\/'><img loading=\"lazy\" decoding=\"async\" width=\"150\" height=\"150\" src=\"http:\/\/rhoenklub-petersberg.de\/wp-content\/uploads\/2025\/04\/IMG-20250409-WA0001-150x150.jpg\" class=\"attachment-thumbnail size-thumbnail\" alt=\"\" \/><\/a>\n\t\t\t<\/div><\/figure><figure class='gallery-item'>\n\t\t\t<div class='gallery-icon portrait'>\n\t\t\t\t<a href='http:\/\/rhoenklub-petersberg.de\/index.php\/osterputz-6\/img-20250409-wa0002\/'><img loading=\"lazy\" decoding=\"async\" width=\"150\" height=\"150\" src=\"http:\/\/rhoenklub-petersberg.de\/wp-content\/uploads\/2025\/04\/IMG-20250409-WA0002-150x150.jpg\" class=\"attachment-thumbnail size-thumbnail\" alt=\"\" \/><\/a>\n\t\t\t<\/div><\/figure><figure class='gallery-item'>\n\t\t\t<div class='gallery-icon portrait'>\n\t\t\t\t<a href='http:\/\/rhoenklub-petersberg.de\/index.php\/osterputz-6\/img-20250409-wa0003\/'><img loading=\"lazy\" decoding=\"async\" width=\"150\" height=\"150\" src=\"http:\/\/rhoenklub-petersberg.de\/wp-content\/uploads\/2025\/04\/IMG-20250409-WA0003-150x150.jpg\" class=\"attachment-thumbnail size-thumbnail\" alt=\"\" \/><\/a>\n\t\t\t<\/div><\/figure><figure class='gallery-item'>\n\t\t\t<div class='gallery-icon portrait'>\n\t\t\t\t<a href='http:\/\/rhoenklub-petersberg.de\/index.php\/osterputz-6\/img-20250409-wa0004\/'><img loading=\"lazy\" decoding=\"async\" width=\"150\" height=\"150\" src=\"http:\/\/rhoenklub-petersberg.de\/wp-content\/uploads\/2025\/04\/IMG-20250409-WA0004-150x150.jpg\" class=\"attachment-thumbnail size-thumbnail\" alt=\"\" \/><\/a>\n\t\t\t<\/div><\/figure><figure class='gallery-item'>\n\t\t\t<div class='gallery-icon portrait'>\n\t\t\t\t<a href='http:\/\/rhoenklub-petersberg.de\/index.php\/osterputz-6\/img-20250409-wa0005\/'><img loading=\"lazy\" decoding=\"async\" width=\"150\" height=\"150\" src=\"http:\/\/rhoenklub-petersberg.de\/wp-content\/uploads\/2025\/04\/IMG-20250409-WA0005-150x150.jpg\" class=\"attachment-thumbnail size-thumbnail\" alt=\"\" \/><\/a>\n\t\t\t<\/div><\/figure>\n\t\t<\/div>\n\n","protected":false},"excerpt":{"rendered":"<p>Osterputz der Rh\u00f6nklubjugend Bericht von Daniela V\u00f6ller: Am 28.03.25 haben wir den allj\u00e4hrlichen Osterputz mit der Rh\u00f6nklubjugend rund um den Rauschenberg durchgef\u00fchrt. Wir sind mit 12 Kindern und 7 Erwachsenen bei herrlichstem Wetter in mehreren Gruppen gestartet und haben 4 M\u00fclls\u00e4cke gef\u00fcllt. Nach erfolgreicher Arbeit haben wir den Tag ausklingen lassen mit Bratw\u00fcrstchen, Eis \u00a0und &hellip; <a href=\"http:\/\/rhoenklub-petersberg.de\/index.php\/osterputz-6\/\" class=\"more-link\"><span class=\"screen-reader-text\">Osterputz<\/span> weiterlesen <span class=\"meta-nav\">&rarr;<\/span><\/a><\/p>\n","protected":false},"author":666667,"featured_media":0,"parent":0,"menu_order":0,"comment_status":"closed","ping_status":"closed","template":"","meta":{"footnotes":""},"class_list":["post-13588","page","type-page","status-publish","hentry"],"_links":{"self":[{"href":"http:\/\/rhoenklub-petersberg.de\/index.php\/wp-json\/wp\/v2\/pages\/13588","targetHints":{"allow":["GET"]}}],"collection":[{"href":"http:\/\/rhoenklub-petersberg.de\/index.php\/wp-json\/wp\/v2\/pages"}],"about":[{"href":"http:\/\/rhoenklub-petersberg.de\/index.php\/wp-json\/wp\/v2\/types\/page"}],"author":[{"embeddable":true,"href":"http:\/\/rhoenklub-petersberg.de\/index.php\/wp-json\/wp\/v2\/users\/666667"}],"replies":[{"embeddable":true,"href":"http:\/\/rhoenklub-petersberg.de\/index.php\/wp-json\/wp\/v2\/comments?post=13588"}],"version-history":[{"count":0,"href":"http:\/\/rhoenklub-petersberg.de\/index.php\/wp-json\/wp\/v2\/pages\/13588\/revisions"}],"wp:attachment":[{"href":"http:\/\/rhoenklub-petersberg.de\/index.php\/wp-json\/wp\/v2\/media?parent=13588"}],"curies":[{"name":"wp","href":"https:\/\/api.w.org\/{rel}","templated":true}]}}