{"id":13340,"date":"2025-01-06T10:56:12","date_gmt":"2025-01-06T10:56:12","guid":{"rendered":"http:\/\/rhoenklub-petersberg.de\/?page_id=13340"},"modified":"2026-02-18T16:28:21","modified_gmt":"2026-02-18T16:28:21","slug":"huettenvermietung","status":"publish","type":"page","link":"http:\/\/rhoenklub-petersberg.de\/index.php\/huettenvermietung\/","title":{"rendered":"H\u00fcttenvermietung"},"content":{"rendered":"<h3><a href=\"http:\/\/rhoenklub-petersberg.de\/wp-content\/uploads\/2025\/01\/1_Anlage_zum_Mietvertrag_Rev04.pdf\">1_Anlage_zum_Mietvertrag_Rev04<\/a><\/h3>\n<h3><a href=\"http:\/\/rhoenklub-petersberg.de\/wp-content\/uploads\/2025\/01\/2_Mietvertrag_Rauschenberg_Huette_Rev05.pdf\">2_Mietvertrag_Rauschenberg_H\u00fctte_Rev05<\/a><\/h3>\n<h3><\/h3>\n<h3>Ansprechpartner f\u00fcr die H\u00fcttenvermietung ist unser H\u00fcttenwart<\/h3>\n<h3><strong>Martin M\u00fcller Tel. 0160 5318796<\/strong><\/h3>\n","protected":false},"excerpt":{"rendered":"<p>1_Anlage_zum_Mietvertrag_Rev04 2_Mietvertrag_Rauschenberg_H\u00fctte_Rev05 Ansprechpartner f\u00fcr die H\u00fcttenvermietung ist unser H\u00fcttenwart Martin M\u00fcller Tel. 0160 5318796<\/p>\n","protected":false},"author":666667,"featured_media":0,"parent":0,"menu_order":0,"comment_status":"closed","ping_status":"closed","template":"","meta":{"footnotes":""},"class_list":["post-13340","page","type-page","status-publish","hentry"],"_links":{"self":[{"href":"http:\/\/rhoenklub-petersberg.de\/index.php\/wp-json\/wp\/v2\/pages\/13340","targetHints":{"allow":["GET"]}}],"collection":[{"href":"http:\/\/rhoenklub-petersberg.de\/index.php\/wp-json\/wp\/v2\/pages"}],"about":[{"href":"http:\/\/rhoenklub-petersberg.de\/index.php\/wp-json\/wp\/v2\/types\/page"}],"author":[{"embeddable":true,"href":"http:\/\/rhoenklub-petersberg.de\/index.php\/wp-json\/wp\/v2\/users\/666667"}],"replies":[{"embeddable":true,"href":"http:\/\/rhoenklub-petersberg.de\/index.php\/wp-json\/wp\/v2\/comments?post=13340"}],"version-history":[{"count":0,"href":"http:\/\/rhoenklub-petersberg.de\/index.php\/wp-json\/wp\/v2\/pages\/13340\/revisions"}],"wp:attachment":[{"href":"http:\/\/rhoenklub-petersberg.de\/index.php\/wp-json\/wp\/v2\/media?parent=13340"}],"curies":[{"name":"wp","href":"https:\/\/api.w.org\/{rel}","templated":true}]}}