{"id":13166,"date":"2024-10-04T09:29:04","date_gmt":"2024-10-04T09:29:04","guid":{"rendered":"http:\/\/rhoenklub-petersberg.de\/?page_id=13166"},"modified":"2024-10-04T09:29:04","modified_gmt":"2024-10-04T09:29:04","slug":"fruechteteppich-6","status":"publish","type":"page","link":"http:\/\/rhoenklub-petersberg.de\/index.php\/fruechteteppich-6\/","title":{"rendered":"Fr\u00fcchteteppich"},"content":{"rendered":"<p><span style=\"font-family: Arial, serif;\"><span style=\"font-size: medium;\"><u><b>Fr\u00fcchteteppich in Sargenzell<\/b><\/u><\/span><\/span><\/p>\n<p><span style=\"font-size: medium;\"><i>Bericht von Ursula Diegelmann:<\/i><\/span><\/p>\n<p><span style=\"font-family: Arial, serif;\"><span style=\"font-size: medium;\">Am Mittwoch, den 02. Oktober, stand der Besuch des 36. Fr\u00fcchteteppichs in Sargenzell im Wanderplan. Also machten sich insgesamt 17 Rh\u00f6nklubmitglieder und Freunde des Rh\u00f6nklubs auf den Weg. In Fahrgemeinschaften f<\/span><\/span><span style=\"font-family: Arial, serif;\"><span style=\"font-size: medium;\">u<\/span><\/span><span style=\"font-family: Arial, serif;\"><span style=\"font-size: medium;\">hren die Senioren zur Praforst. Von hier startete die Wanderung nach Sargenzell.<\/span><\/span><\/p>\n<p><span style=\"font-family: Arial, serif;\"><span style=\"font-size: medium;\">Seit 1988 entsteht zum Erntedank aus nat\u00fcrlichen Fr\u00fcchten, Samenk\u00f6rnern und gemahlenen Blumen- und Bl\u00fctenbl\u00e4ttern ein riesiger Fr\u00fcchteteppich, der die Ma\u00dfe 4,5 m x 6 m hat, mit j\u00e4hrlich wechselnden Motiven. <\/span><\/span><\/p>\n<p><span style=\"font-family: Arial, serif;\"><span style=\"font-size: medium;\">Das diesj\u00e4hrige Motto des Fr\u00fcchteteppichs lautet: \u201eDer Turmbau zu Babel\u201c. Das Bild, das die K\u00fcnstlerin Heike Richter entworfen hat, zeigt den Turm, die Arbeiter, den \u00fcberheblichen K\u00f6nig Nimrod und den zornigen Gott als dunkle Wolke. Der Turmbau zu Babel mit dem Turm, der bis in den Himmel reicht sagt aus, dass die Menschen gottgleich sein wollten.<\/span><\/span><\/p>\n<p><a name=\"_GoBack\"><\/a> <span style=\"font-family: Arial, serif;\"><span style=\"font-size: medium;\">Nach der Besichtigung wanderte die Gruppe zur\u00fcck und kehrte in die Gastst\u00e4tte am Golfplatz ein. Bei Kaffee und leckerem Kuchen klang der Nachmittag aus.<\/span><\/span><\/p>\n<div id='gallery-1' class='gallery galleryid-13166 gallery-columns-2 gallery-size-thumbnail'><figure class='gallery-item'>\n\t\t\t<div class='gallery-icon landscape'>\n\t\t\t\t<a href='http:\/\/rhoenklub-petersberg.de\/index.php\/fruechteteppich-6\/20241002_172618\/'><img loading=\"lazy\" decoding=\"async\" width=\"150\" height=\"150\" src=\"http:\/\/rhoenklub-petersberg.de\/wp-content\/uploads\/2024\/10\/20241002_172618-150x150.jpg\" class=\"attachment-thumbnail size-thumbnail\" alt=\"\" srcset=\"http:\/\/rhoenklub-petersberg.de\/wp-content\/uploads\/2024\/10\/20241002_172618-150x150.jpg 150w, http:\/\/rhoenklub-petersberg.de\/wp-content\/uploads\/2024\/10\/20241002_172618-300x300.jpg 300w, http:\/\/rhoenklub-petersberg.de\/wp-content\/uploads\/2024\/10\/20241002_172618-1024x1024.jpg 1024w, http:\/\/rhoenklub-petersberg.de\/wp-content\/uploads\/2024\/10\/20241002_172618-768x768.jpg 768w, http:\/\/rhoenklub-petersberg.de\/wp-content\/uploads\/2024\/10\/20241002_172618-1536x1536.jpg 1536w, http:\/\/rhoenklub-petersberg.de\/wp-content\/uploads\/2024\/10\/20241002_172618-2048x2048.jpg 2048w, http:\/\/rhoenklub-petersberg.de\/wp-content\/uploads\/2024\/10\/20241002_172618-scaled-e1728034105661.jpg 1750w\" sizes=\"auto, (max-width: 150px) 100vw, 150px\" \/><\/a>\n\t\t\t<\/div><\/figure><figure class='gallery-item'>\n\t\t\t<div class='gallery-icon portrait'>\n\t\t\t\t<a href='http:\/\/rhoenklub-petersberg.de\/index.php\/fruechteteppich-6\/img-20241004-wa0000\/'><img loading=\"lazy\" decoding=\"async\" width=\"150\" height=\"150\" src=\"http:\/\/rhoenklub-petersberg.de\/wp-content\/uploads\/2024\/10\/IMG-20241004-WA0000-150x150.jpg\" class=\"attachment-thumbnail size-thumbnail\" alt=\"\" \/><\/a>\n\t\t\t<\/div><\/figure><figure class='gallery-item'>\n\t\t\t<div class='gallery-icon portrait'>\n\t\t\t\t<a href='http:\/\/rhoenklub-petersberg.de\/index.php\/fruechteteppich-6\/img-20241004-wa0002\/'><img loading=\"lazy\" decoding=\"async\" width=\"150\" height=\"150\" src=\"http:\/\/rhoenklub-petersberg.de\/wp-content\/uploads\/2024\/10\/IMG-20241004-WA0002-150x150.jpg\" class=\"attachment-thumbnail size-thumbnail\" alt=\"\" \/><\/a>\n\t\t\t<\/div><\/figure><figure class='gallery-item'>\n\t\t\t<div class='gallery-icon portrait'>\n\t\t\t\t<a href='http:\/\/rhoenklub-petersberg.de\/index.php\/fruechteteppich-6\/img-20241004-wa0003\/'><img loading=\"lazy\" decoding=\"async\" width=\"150\" height=\"150\" src=\"http:\/\/rhoenklub-petersberg.de\/wp-content\/uploads\/2024\/10\/IMG-20241004-WA0003-150x150.jpg\" class=\"attachment-thumbnail size-thumbnail\" alt=\"\" \/><\/a>\n\t\t\t<\/div><\/figure><figure class='gallery-item'>\n\t\t\t<div class='gallery-icon portrait'>\n\t\t\t\t<a href='http:\/\/rhoenklub-petersberg.de\/index.php\/fruechteteppich-6\/img-20241004-wa0004\/'><img loading=\"lazy\" decoding=\"async\" width=\"150\" height=\"150\" src=\"http:\/\/rhoenklub-petersberg.de\/wp-content\/uploads\/2024\/10\/IMG-20241004-WA0004-150x150.jpg\" class=\"attachment-thumbnail size-thumbnail\" alt=\"\" \/><\/a>\n\t\t\t<\/div><\/figure><figure class='gallery-item'>\n\t\t\t<div class='gallery-icon portrait'>\n\t\t\t\t<a href='http:\/\/rhoenklub-petersberg.de\/index.php\/fruechteteppich-6\/img-20241004-wa0005\/'><img loading=\"lazy\" decoding=\"async\" width=\"150\" height=\"150\" src=\"http:\/\/rhoenklub-petersberg.de\/wp-content\/uploads\/2024\/10\/IMG-20241004-WA0005-150x150.jpg\" class=\"attachment-thumbnail size-thumbnail\" alt=\"\" \/><\/a>\n\t\t\t<\/div><\/figure><figure class='gallery-item'>\n\t\t\t<div class='gallery-icon landscape'>\n\t\t\t\t<a href='http:\/\/rhoenklub-petersberg.de\/index.php\/fruechteteppich-6\/img-20241004-wa0006\/'><img loading=\"lazy\" decoding=\"async\" width=\"150\" height=\"150\" src=\"http:\/\/rhoenklub-petersberg.de\/wp-content\/uploads\/2024\/10\/IMG-20241004-WA0006-150x150.jpg\" class=\"attachment-thumbnail size-thumbnail\" alt=\"\" \/><\/a>\n\t\t\t<\/div><\/figure>\n\t\t<\/div>\n\n","protected":false},"excerpt":{"rendered":"<p>Fr\u00fcchteteppich in Sargenzell Bericht von Ursula Diegelmann: Am Mittwoch, den 02. Oktober, stand der Besuch des 36. Fr\u00fcchteteppichs in Sargenzell im Wanderplan. Also machten sich insgesamt 17 Rh\u00f6nklubmitglieder und Freunde des Rh\u00f6nklubs auf den Weg. In Fahrgemeinschaften fuhren die Senioren zur Praforst. Von hier startete die Wanderung nach Sargenzell. Seit 1988 entsteht zum Erntedank aus &hellip; <a href=\"http:\/\/rhoenklub-petersberg.de\/index.php\/fruechteteppich-6\/\" class=\"more-link\"><span class=\"screen-reader-text\">Fr\u00fcchteteppich<\/span> weiterlesen <span class=\"meta-nav\">&rarr;<\/span><\/a><\/p>\n","protected":false},"author":666667,"featured_media":0,"parent":0,"menu_order":0,"comment_status":"closed","ping_status":"closed","template":"","meta":{"footnotes":""},"class_list":["post-13166","page","type-page","status-publish","hentry"],"_links":{"self":[{"href":"http:\/\/rhoenklub-petersberg.de\/index.php\/wp-json\/wp\/v2\/pages\/13166","targetHints":{"allow":["GET"]}}],"collection":[{"href":"http:\/\/rhoenklub-petersberg.de\/index.php\/wp-json\/wp\/v2\/pages"}],"about":[{"href":"http:\/\/rhoenklub-petersberg.de\/index.php\/wp-json\/wp\/v2\/types\/page"}],"author":[{"embeddable":true,"href":"http:\/\/rhoenklub-petersberg.de\/index.php\/wp-json\/wp\/v2\/users\/666667"}],"replies":[{"embeddable":true,"href":"http:\/\/rhoenklub-petersberg.de\/index.php\/wp-json\/wp\/v2\/comments?post=13166"}],"version-history":[{"count":0,"href":"http:\/\/rhoenklub-petersberg.de\/index.php\/wp-json\/wp\/v2\/pages\/13166\/revisions"}],"wp:attachment":[{"href":"http:\/\/rhoenklub-petersberg.de\/index.php\/wp-json\/wp\/v2\/media?parent=13166"}],"curies":[{"name":"wp","href":"https:\/\/api.w.org\/{rel}","templated":true}]}}