{"id":13069,"date":"2024-09-04T08:19:17","date_gmt":"2024-09-04T08:19:17","guid":{"rendered":"http:\/\/rhoenklub-petersberg.de\/?page_id=13069"},"modified":"2024-09-04T08:19:17","modified_gmt":"2024-09-04T08:19:17","slug":"ebersburg-2","status":"publish","type":"page","link":"http:\/\/rhoenklub-petersberg.de\/index.php\/ebersburg-2\/","title":{"rendered":"Ebersburg"},"content":{"rendered":"<p><span style=\"font-size: medium;\"><i>Bericht von Karl Schmitt:<\/i><\/span><\/p>\n<p><span style=\"font-size: medium;\">Bei bedecktem Himmel, ideales Wanderwetter; trafen sich 14 Wanderer am Rathausplatz und fuhren in Fahrgemeinschaften nach Schmalnau. Von hier begann die Wanderung. Schon nach wenigen Metern wurde angehalten, um Skulpturen und andere Sch\u00f6nheiten, die es in der Waldsiedlung zu bestaunen gab, in Bildern festzuhalten. 500 m der zweite Halt. Wir haben 4 Wanderer verloren. Nach ein paar Minuten konnten wir die 4 per Handy wieder einfangen. Sie hatten die Zeit an einem B\u00fccherdepot vertr\u00f6delt und dann den falschen Weg gew\u00e4hlt. Nun blieb die Truppe beisammen und\u00a0wir genossen die wundersch\u00f6ne Natur. An einer Sitzgruppe des Rh\u00f6nklubs Hettenhausen wurden wir von meinem Freund Martin Ebert mit kalten Getr\u00e4nken versorgt. Und schon ging es weiter Richtung Ebersburg. Da wir nach ca. 5 km gut in der Zeit waren, waren alle mit einer Verl\u00e4ngerung der Tour von ca. 1,5 km einverstanden. Und es lohnte sich. Der schmale Waldweg war super zu laufen und im Ortsteil Rabennest lie\u00dfen sich sch\u00f6ne H\u00e4uschen bewundern. Dann f\u00fchrte uns der Weg am Fu\u00dfe der Burg entlang abw\u00e4rts. Wir kamen, vorbei am Kinderheim, nach Oberrot und von da \u00fcber die Steir\u00fcck\u00a0zu einem Jagdwagen, bei dem wir wieder mit kalten Getr\u00e4nken empfangen wurden. Nach einer Ausgiebigen Pause ging es weiter Bergab nach Weyhers in die Gastst\u00e4tte ,\u00d6berwirt,:\u00a0Hier wurden wir von 7 Mitgliedern die leider nicht mitlaufen konnten empfangen. Hier endete die Tour.<\/span><\/p>\n<div id='gallery-1' class='gallery galleryid-13069 gallery-columns-4 gallery-size-thumbnail'><figure class='gallery-item'>\n\t\t\t<div class='gallery-icon portrait'>\n\t\t\t\t<a href='http:\/\/rhoenklub-petersberg.de\/index.php\/ebersburg-2\/img-20240903-wa0001\/'><img loading=\"lazy\" decoding=\"async\" width=\"150\" height=\"150\" src=\"http:\/\/rhoenklub-petersberg.de\/wp-content\/uploads\/2024\/09\/IMG-20240903-WA0001-150x150.jpg\" class=\"attachment-thumbnail size-thumbnail\" alt=\"\" \/><\/a>\n\t\t\t<\/div><\/figure><figure class='gallery-item'>\n\t\t\t<div class='gallery-icon portrait'>\n\t\t\t\t<a href='http:\/\/rhoenklub-petersberg.de\/index.php\/ebersburg-2\/img-20240903-wa0002\/'><img loading=\"lazy\" decoding=\"async\" width=\"150\" height=\"150\" src=\"http:\/\/rhoenklub-petersberg.de\/wp-content\/uploads\/2024\/09\/IMG-20240903-WA0002-150x150.jpg\" class=\"attachment-thumbnail size-thumbnail\" alt=\"\" \/><\/a>\n\t\t\t<\/div><\/figure><figure class='gallery-item'>\n\t\t\t<div class='gallery-icon landscape'>\n\t\t\t\t<a href='http:\/\/rhoenklub-petersberg.de\/index.php\/ebersburg-2\/img-20240903-wa0003\/'><img loading=\"lazy\" decoding=\"async\" width=\"150\" height=\"150\" src=\"http:\/\/rhoenklub-petersberg.de\/wp-content\/uploads\/2024\/09\/IMG-20240903-WA0003-150x150.jpg\" class=\"attachment-thumbnail size-thumbnail\" alt=\"\" \/><\/a>\n\t\t\t<\/div><\/figure><figure class='gallery-item'>\n\t\t\t<div class='gallery-icon portrait'>\n\t\t\t\t<a href='http:\/\/rhoenklub-petersberg.de\/index.php\/ebersburg-2\/img-20240903-wa0004\/'><img loading=\"lazy\" decoding=\"async\" width=\"150\" height=\"150\" src=\"http:\/\/rhoenklub-petersberg.de\/wp-content\/uploads\/2024\/09\/IMG-20240903-WA0004-150x150.jpg\" class=\"attachment-thumbnail size-thumbnail\" alt=\"\" \/><\/a>\n\t\t\t<\/div><\/figure><figure class='gallery-item'>\n\t\t\t<div class='gallery-icon portrait'>\n\t\t\t\t<a href='http:\/\/rhoenklub-petersberg.de\/index.php\/ebersburg-2\/img-20240903-wa0005\/'><img loading=\"lazy\" decoding=\"async\" width=\"150\" height=\"150\" src=\"http:\/\/rhoenklub-petersberg.de\/wp-content\/uploads\/2024\/09\/IMG-20240903-WA0005-150x150.jpg\" class=\"attachment-thumbnail size-thumbnail\" alt=\"\" \/><\/a>\n\t\t\t<\/div><\/figure><figure class='gallery-item'>\n\t\t\t<div class='gallery-icon portrait'>\n\t\t\t\t<a href='http:\/\/rhoenklub-petersberg.de\/index.php\/ebersburg-2\/img-20240903-wa0006\/'><img loading=\"lazy\" decoding=\"async\" width=\"150\" height=\"150\" src=\"http:\/\/rhoenklub-petersberg.de\/wp-content\/uploads\/2024\/09\/IMG-20240903-WA0006-150x150.jpg\" class=\"attachment-thumbnail size-thumbnail\" alt=\"\" \/><\/a>\n\t\t\t<\/div><\/figure><figure class='gallery-item'>\n\t\t\t<div class='gallery-icon landscape'>\n\t\t\t\t<a href='http:\/\/rhoenklub-petersberg.de\/index.php\/ebersburg-2\/img-20240903-wa0007\/'><img loading=\"lazy\" decoding=\"async\" width=\"150\" height=\"150\" src=\"http:\/\/rhoenklub-petersberg.de\/wp-content\/uploads\/2024\/09\/IMG-20240903-WA0007-150x150.jpg\" class=\"attachment-thumbnail size-thumbnail\" alt=\"\" \/><\/a>\n\t\t\t<\/div><\/figure><figure class='gallery-item'>\n\t\t\t<div class='gallery-icon portrait'>\n\t\t\t\t<a href='http:\/\/rhoenklub-petersberg.de\/index.php\/ebersburg-2\/img-20240903-wa0008\/'><img loading=\"lazy\" decoding=\"async\" width=\"150\" height=\"150\" src=\"http:\/\/rhoenklub-petersberg.de\/wp-content\/uploads\/2024\/09\/IMG-20240903-WA0008-150x150.jpg\" class=\"attachment-thumbnail size-thumbnail\" alt=\"\" \/><\/a>\n\t\t\t<\/div><\/figure><figure class='gallery-item'>\n\t\t\t<div class='gallery-icon portrait'>\n\t\t\t\t<a href='http:\/\/rhoenklub-petersberg.de\/index.php\/ebersburg-2\/img-20240903-wa0009\/'><img loading=\"lazy\" decoding=\"async\" width=\"150\" height=\"150\" src=\"http:\/\/rhoenklub-petersberg.de\/wp-content\/uploads\/2024\/09\/IMG-20240903-WA0009-150x150.jpg\" class=\"attachment-thumbnail size-thumbnail\" alt=\"\" \/><\/a>\n\t\t\t<\/div><\/figure><figure class='gallery-item'>\n\t\t\t<div class='gallery-icon portrait'>\n\t\t\t\t<a href='http:\/\/rhoenklub-petersberg.de\/index.php\/ebersburg-2\/img-20240903-wa0010\/'><img loading=\"lazy\" decoding=\"async\" width=\"150\" height=\"150\" src=\"http:\/\/rhoenklub-petersberg.de\/wp-content\/uploads\/2024\/09\/IMG-20240903-WA0010-150x150.jpg\" class=\"attachment-thumbnail size-thumbnail\" alt=\"\" \/><\/a>\n\t\t\t<\/div><\/figure><figure class='gallery-item'>\n\t\t\t<div class='gallery-icon landscape'>\n\t\t\t\t<a href='http:\/\/rhoenklub-petersberg.de\/index.php\/ebersburg-2\/img-20240903-wa0011\/'><img loading=\"lazy\" decoding=\"async\" width=\"150\" height=\"150\" src=\"http:\/\/rhoenklub-petersberg.de\/wp-content\/uploads\/2024\/09\/IMG-20240903-WA0011-150x150.jpg\" class=\"attachment-thumbnail size-thumbnail\" alt=\"\" \/><\/a>\n\t\t\t<\/div><\/figure><figure class='gallery-item'>\n\t\t\t<div class='gallery-icon portrait'>\n\t\t\t\t<a href='http:\/\/rhoenklub-petersberg.de\/index.php\/ebersburg-2\/img-20240903-wa0012\/'><img loading=\"lazy\" decoding=\"async\" width=\"150\" height=\"150\" src=\"http:\/\/rhoenklub-petersberg.de\/wp-content\/uploads\/2024\/09\/IMG-20240903-WA0012-150x150.jpg\" class=\"attachment-thumbnail size-thumbnail\" alt=\"\" \/><\/a>\n\t\t\t<\/div><\/figure><figure class='gallery-item'>\n\t\t\t<div class='gallery-icon portrait'>\n\t\t\t\t<a href='http:\/\/rhoenklub-petersberg.de\/index.php\/ebersburg-2\/img-20240903-wa0013\/'><img loading=\"lazy\" decoding=\"async\" width=\"150\" height=\"150\" src=\"http:\/\/rhoenklub-petersberg.de\/wp-content\/uploads\/2024\/09\/IMG-20240903-WA0013-150x150.jpg\" class=\"attachment-thumbnail size-thumbnail\" alt=\"\" \/><\/a>\n\t\t\t<\/div><\/figure><figure class='gallery-item'>\n\t\t\t<div class='gallery-icon portrait'>\n\t\t\t\t<a href='http:\/\/rhoenklub-petersberg.de\/index.php\/ebersburg-2\/img-20240903-wa0014\/'><img loading=\"lazy\" decoding=\"async\" width=\"150\" height=\"150\" src=\"http:\/\/rhoenklub-petersberg.de\/wp-content\/uploads\/2024\/09\/IMG-20240903-WA0014-150x150.jpg\" class=\"attachment-thumbnail size-thumbnail\" alt=\"\" \/><\/a>\n\t\t\t<\/div><\/figure><figure class='gallery-item'>\n\t\t\t<div class='gallery-icon landscape'>\n\t\t\t\t<a href='http:\/\/rhoenklub-petersberg.de\/index.php\/ebersburg-2\/img-20240903-wa0015\/'><img loading=\"lazy\" decoding=\"async\" width=\"150\" height=\"150\" src=\"http:\/\/rhoenklub-petersberg.de\/wp-content\/uploads\/2024\/09\/IMG-20240903-WA0015-150x150.jpg\" class=\"attachment-thumbnail size-thumbnail\" alt=\"\" \/><\/a>\n\t\t\t<\/div><\/figure><figure class='gallery-item'>\n\t\t\t<div class='gallery-icon portrait'>\n\t\t\t\t<a href='http:\/\/rhoenklub-petersberg.de\/index.php\/ebersburg-2\/img-20240903-wa0016\/'><img loading=\"lazy\" decoding=\"async\" width=\"150\" height=\"150\" src=\"http:\/\/rhoenklub-petersberg.de\/wp-content\/uploads\/2024\/09\/IMG-20240903-WA0016-150x150.jpg\" class=\"attachment-thumbnail size-thumbnail\" alt=\"\" \/><\/a>\n\t\t\t<\/div><\/figure><figure class='gallery-item'>\n\t\t\t<div class='gallery-icon portrait'>\n\t\t\t\t<a href='http:\/\/rhoenklub-petersberg.de\/index.php\/ebersburg-2\/img-20240903-wa0017\/'><img loading=\"lazy\" decoding=\"async\" width=\"150\" height=\"150\" src=\"http:\/\/rhoenklub-petersberg.de\/wp-content\/uploads\/2024\/09\/IMG-20240903-WA0017-150x150.jpg\" class=\"attachment-thumbnail size-thumbnail\" alt=\"\" \/><\/a>\n\t\t\t<\/div><\/figure>\n\t\t<\/div>\n\n","protected":false},"excerpt":{"rendered":"<p>Bericht von Karl Schmitt: Bei bedecktem Himmel, ideales Wanderwetter; trafen sich 14 Wanderer am Rathausplatz und fuhren in Fahrgemeinschaften nach Schmalnau. Von hier begann die Wanderung. Schon nach wenigen Metern wurde angehalten, um Skulpturen und andere Sch\u00f6nheiten, die es in der Waldsiedlung zu bestaunen gab, in Bildern festzuhalten. 500 m der zweite Halt. Wir haben &hellip; <a href=\"http:\/\/rhoenklub-petersberg.de\/index.php\/ebersburg-2\/\" class=\"more-link\"><span class=\"screen-reader-text\">Ebersburg<\/span> weiterlesen <span class=\"meta-nav\">&rarr;<\/span><\/a><\/p>\n","protected":false},"author":666667,"featured_media":0,"parent":0,"menu_order":0,"comment_status":"closed","ping_status":"closed","template":"","meta":{"footnotes":""},"class_list":["post-13069","page","type-page","status-publish","hentry"],"_links":{"self":[{"href":"http:\/\/rhoenklub-petersberg.de\/index.php\/wp-json\/wp\/v2\/pages\/13069","targetHints":{"allow":["GET"]}}],"collection":[{"href":"http:\/\/rhoenklub-petersberg.de\/index.php\/wp-json\/wp\/v2\/pages"}],"about":[{"href":"http:\/\/rhoenklub-petersberg.de\/index.php\/wp-json\/wp\/v2\/types\/page"}],"author":[{"embeddable":true,"href":"http:\/\/rhoenklub-petersberg.de\/index.php\/wp-json\/wp\/v2\/users\/666667"}],"replies":[{"embeddable":true,"href":"http:\/\/rhoenklub-petersberg.de\/index.php\/wp-json\/wp\/v2\/comments?post=13069"}],"version-history":[{"count":0,"href":"http:\/\/rhoenklub-petersberg.de\/index.php\/wp-json\/wp\/v2\/pages\/13069\/revisions"}],"wp:attachment":[{"href":"http:\/\/rhoenklub-petersberg.de\/index.php\/wp-json\/wp\/v2\/media?parent=13069"}],"curies":[{"name":"wp","href":"https:\/\/api.w.org\/{rel}","templated":true}]}}