{"id":12923,"date":"2024-07-24T09:24:24","date_gmt":"2024-07-24T09:24:24","guid":{"rendered":"http:\/\/rhoenklub-petersberg.de\/?page_id=12923"},"modified":"2024-07-24T09:24:24","modified_gmt":"2024-07-24T09:24:24","slug":"familienradtour-5","status":"publish","type":"page","link":"http:\/\/rhoenklub-petersberg.de\/index.php\/familienradtour-5\/","title":{"rendered":"Familienradtour"},"content":{"rendered":"<p><span style=\"font-size: x-large;\"><u><b>Familienradtour am 21.07.2024<\/b><\/u><\/span><\/p>\n<p><span style=\"font-size: large;\"><i>Bericht von Hilmar M\u00fcller:<\/i><\/span><\/p>\n<p><span style=\"font-size: large;\">Bei herrlichstem Radlwetter trafen wir uns um 10.30 Uhr am Rathausplatz, wo uns der diesj\u00e4hrige Tourguide Stefan Rhein begr\u00fc\u00dfte.<\/span><\/p>\n<p><span style=\"font-size: large;\">17 Teilnehmer machten sich auf den Weg. Auf sch\u00f6n zu fahrenden Radwegen ging es zun\u00e4chst \u00fcber Lehnerz, Niesig, Horas nach K\u00e4mmerzell, wo eine erste kurze Verschnaufpause anstand. Danach ging es weiter \u00fcber L\u00fcderm\u00fcnd, L\u00fctterz nach Bimbach. Hier wurden wir bereits vom Serviceteam Caro und Juliane Rhein mit k\u00fchlen Getr\u00e4nken und S\u00fc\u00dfigkeiten erwartet.<\/span><\/p>\n<p><span style=\"font-size: large;\">Das Wetter schlug leider kurzfristig um, sodass wir unplanm\u00e4\u00dfig am Feuerwehrfest Bimbach einkehren<\/span><b> <\/b><span style=\"font-size: large;\">mussten. Naja, ganz so schlimm fanden wir das eigentlich gar nicht. Nach erneuter St\u00e4rkung ging es dann weiter nach Maberzell zum eigentlichen Ziel der Tour- dem Biergarten Perspektiva. In geselliger Runde verbrachten wir hier noch eine Weile und fuhren dann zur\u00fcck zum Petersberg. Ein Teil der Truppe verabschiedete sich nun am Rauschenberg. F\u00fcr die anderen gab es noch einen Abschluss an der Rh\u00f6nklubh\u00fctte. <\/span><\/p>\n<p><span style=\"font-size: large;\">Aber alle waren einer Meinung, einen sehr sch\u00f6nen und top organisierten Radlausflug erlebt zu haben. N\u00e4chstes Jahr geht es sicher wieder aufs Radl, wenn es hei\u00dft- Familienradtour Rh\u00f6nklub Petersberg!<\/span><\/p>\n<div id='gallery-1' class='gallery galleryid-12923 gallery-columns-4 gallery-size-thumbnail'><figure class='gallery-item'>\n\t\t\t<div class='gallery-icon landscape'>\n\t\t\t\t<a href='http:\/\/rhoenklub-petersberg.de\/index.php\/familienradtour-5\/20240721_120955\/'><img loading=\"lazy\" decoding=\"async\" width=\"150\" height=\"150\" src=\"http:\/\/rhoenklub-petersberg.de\/wp-content\/uploads\/2024\/07\/20240721_120955-150x150.jpg\" class=\"attachment-thumbnail size-thumbnail\" alt=\"\" \/><\/a>\n\t\t\t<\/div><\/figure><figure class='gallery-item'>\n\t\t\t<div class='gallery-icon landscape'>\n\t\t\t\t<a href='http:\/\/rhoenklub-petersberg.de\/index.php\/familienradtour-5\/20240721_121005\/'><img loading=\"lazy\" decoding=\"async\" width=\"150\" height=\"150\" src=\"http:\/\/rhoenklub-petersberg.de\/wp-content\/uploads\/2024\/07\/20240721_121005-150x150.jpg\" class=\"attachment-thumbnail size-thumbnail\" alt=\"\" \/><\/a>\n\t\t\t<\/div><\/figure><figure class='gallery-item'>\n\t\t\t<div class='gallery-icon portrait'>\n\t\t\t\t<a href='http:\/\/rhoenklub-petersberg.de\/index.php\/familienradtour-5\/20240721_142659\/'><img loading=\"lazy\" decoding=\"async\" width=\"150\" height=\"150\" src=\"http:\/\/rhoenklub-petersberg.de\/wp-content\/uploads\/2024\/07\/20240721_142659-150x150.jpg\" class=\"attachment-thumbnail size-thumbnail\" alt=\"\" \/><\/a>\n\t\t\t<\/div><\/figure><figure class='gallery-item'>\n\t\t\t<div class='gallery-icon landscape'>\n\t\t\t\t<a href='http:\/\/rhoenklub-petersberg.de\/index.php\/familienradtour-5\/img-20240721-wa0005-2\/'><img loading=\"lazy\" decoding=\"async\" width=\"150\" height=\"150\" src=\"http:\/\/rhoenklub-petersberg.de\/wp-content\/uploads\/2024\/07\/IMG-20240721-WA0005-1-150x150.jpg\" class=\"attachment-thumbnail size-thumbnail\" alt=\"\" \/><\/a>\n\t\t\t<\/div><\/figure><figure class='gallery-item'>\n\t\t\t<div class='gallery-icon landscape'>\n\t\t\t\t<a href='http:\/\/rhoenklub-petersberg.de\/index.php\/familienradtour-5\/img-20240721-wa0006-2\/'><img loading=\"lazy\" decoding=\"async\" width=\"150\" height=\"150\" src=\"http:\/\/rhoenklub-petersberg.de\/wp-content\/uploads\/2024\/07\/IMG-20240721-WA0006-1-150x150.jpg\" class=\"attachment-thumbnail size-thumbnail\" alt=\"\" \/><\/a>\n\t\t\t<\/div><\/figure><figure class='gallery-item'>\n\t\t\t<div class='gallery-icon landscape'>\n\t\t\t\t<a href='http:\/\/rhoenklub-petersberg.de\/index.php\/familienradtour-5\/img-20240721-wa0007-2\/'><img loading=\"lazy\" decoding=\"async\" width=\"150\" height=\"150\" src=\"http:\/\/rhoenklub-petersberg.de\/wp-content\/uploads\/2024\/07\/IMG-20240721-WA0007-1-150x150.jpg\" class=\"attachment-thumbnail size-thumbnail\" alt=\"\" \/><\/a>\n\t\t\t<\/div><\/figure><figure class='gallery-item'>\n\t\t\t<div class='gallery-icon portrait'>\n\t\t\t\t<a href='http:\/\/rhoenklub-petersberg.de\/index.php\/familienradtour-5\/img-20240721-wa0008-2\/'><img loading=\"lazy\" decoding=\"async\" width=\"150\" height=\"150\" src=\"http:\/\/rhoenklub-petersberg.de\/wp-content\/uploads\/2024\/07\/IMG-20240721-WA0008-1-150x150.jpg\" class=\"attachment-thumbnail size-thumbnail\" alt=\"\" \/><\/a>\n\t\t\t<\/div><\/figure>\n\t\t<\/div>\n\n<p>&nbsp;<\/p>\n<p>&nbsp;<\/p>\n","protected":false},"excerpt":{"rendered":"<p>Familienradtour am 21.07.2024 Bericht von Hilmar M\u00fcller: Bei herrlichstem Radlwetter trafen wir uns um 10.30 Uhr am Rathausplatz, wo uns der diesj\u00e4hrige Tourguide Stefan Rhein begr\u00fc\u00dfte. 17 Teilnehmer machten sich auf den Weg. Auf sch\u00f6n zu fahrenden Radwegen ging es zun\u00e4chst \u00fcber Lehnerz, Niesig, Horas nach K\u00e4mmerzell, wo eine erste kurze Verschnaufpause anstand. Danach ging &hellip; <a href=\"http:\/\/rhoenklub-petersberg.de\/index.php\/familienradtour-5\/\" class=\"more-link\"><span class=\"screen-reader-text\">Familienradtour<\/span> weiterlesen <span class=\"meta-nav\">&rarr;<\/span><\/a><\/p>\n","protected":false},"author":666667,"featured_media":0,"parent":0,"menu_order":0,"comment_status":"closed","ping_status":"closed","template":"","meta":{"footnotes":""},"class_list":["post-12923","page","type-page","status-publish","hentry"],"_links":{"self":[{"href":"http:\/\/rhoenklub-petersberg.de\/index.php\/wp-json\/wp\/v2\/pages\/12923","targetHints":{"allow":["GET"]}}],"collection":[{"href":"http:\/\/rhoenklub-petersberg.de\/index.php\/wp-json\/wp\/v2\/pages"}],"about":[{"href":"http:\/\/rhoenklub-petersberg.de\/index.php\/wp-json\/wp\/v2\/types\/page"}],"author":[{"embeddable":true,"href":"http:\/\/rhoenklub-petersberg.de\/index.php\/wp-json\/wp\/v2\/users\/666667"}],"replies":[{"embeddable":true,"href":"http:\/\/rhoenklub-petersberg.de\/index.php\/wp-json\/wp\/v2\/comments?post=12923"}],"version-history":[{"count":0,"href":"http:\/\/rhoenklub-petersberg.de\/index.php\/wp-json\/wp\/v2\/pages\/12923\/revisions"}],"wp:attachment":[{"href":"http:\/\/rhoenklub-petersberg.de\/index.php\/wp-json\/wp\/v2\/media?parent=12923"}],"curies":[{"name":"wp","href":"https:\/\/api.w.org\/{rel}","templated":true}]}}