{"id":12809,"date":"2024-06-14T18:33:35","date_gmt":"2024-06-14T18:33:35","guid":{"rendered":"http:\/\/rhoenklub-petersberg.de\/?page_id=12809"},"modified":"2024-06-14T18:33:35","modified_gmt":"2024-06-14T18:33:35","slug":"haunestausee-3","status":"publish","type":"page","link":"http:\/\/rhoenklub-petersberg.de\/index.php\/haunestausee-3\/","title":{"rendered":"Haunestausee"},"content":{"rendered":"<p align=\"center\"><span style=\"font-family: Arial, serif;\"><span style=\"font-size: medium;\"><u><b>Wanderung um den Haunestausee<\/b><\/u><\/span><\/span><\/p>\n<p align=\"left\"><span style=\"font-size: medium;\"><i>Bericht von Ursula Diegelmann:<\/i><\/span><\/p>\n<p><a name=\"_GoBack\"><\/a> <span style=\"font-family: Arial, serif;\"><span style=\"font-size: medium;\">Bei idealem Wanderwetter trafen sich zahlreiche Senioren des Zweigvereins Petersberg am Mittwoch, den 12. Juni, zu ihrer monatlichen Wanderung. Die Route f\u00fchrte in einer Teilstrecke um den Haunestausee mit Ausblicken auf die Staumauer. Matthias Faulhammer hatte die F\u00fchrung dieser ca. 5 km langen Tour \u00fcbernommen. Zum Abschluss wurde ins Cafe in Marbach eingekehrt und der Nachmittag klang bei Kaffee, Kuchen sowie netten Gespr\u00e4chen aus.<\/span><\/span><\/p>\n<div id='gallery-1' class='gallery galleryid-12809 gallery-columns-2 gallery-size-thumbnail'><figure class='gallery-item'>\n\t\t\t<div class='gallery-icon landscape'>\n\t\t\t\t<a href='http:\/\/rhoenklub-petersberg.de\/index.php\/haunestausee-3\/img-20240613-wa0000\/'><img loading=\"lazy\" decoding=\"async\" width=\"150\" height=\"150\" src=\"http:\/\/rhoenklub-petersberg.de\/wp-content\/uploads\/2024\/06\/IMG-20240613-WA0000-150x150.jpg\" class=\"attachment-thumbnail size-thumbnail\" alt=\"\" \/><\/a>\n\t\t\t<\/div><\/figure><figure class='gallery-item'>\n\t\t\t<div class='gallery-icon landscape'>\n\t\t\t\t<a href='http:\/\/rhoenklub-petersberg.de\/index.php\/haunestausee-3\/img-20240613-wa0001\/'><img loading=\"lazy\" decoding=\"async\" width=\"150\" height=\"150\" src=\"http:\/\/rhoenklub-petersberg.de\/wp-content\/uploads\/2024\/06\/IMG-20240613-WA0001-150x150.jpg\" class=\"attachment-thumbnail size-thumbnail\" alt=\"\" \/><\/a>\n\t\t\t<\/div><\/figure><figure class='gallery-item'>\n\t\t\t<div class='gallery-icon portrait'>\n\t\t\t\t<a href='http:\/\/rhoenklub-petersberg.de\/index.php\/haunestausee-3\/img-20240613-wa0002\/'><img loading=\"lazy\" decoding=\"async\" width=\"150\" height=\"150\" src=\"http:\/\/rhoenklub-petersberg.de\/wp-content\/uploads\/2024\/06\/IMG-20240613-WA0002-150x150.jpg\" class=\"attachment-thumbnail size-thumbnail\" alt=\"\" \/><\/a>\n\t\t\t<\/div><\/figure><figure class='gallery-item'>\n\t\t\t<div class='gallery-icon portrait'>\n\t\t\t\t<a href='http:\/\/rhoenklub-petersberg.de\/index.php\/haunestausee-3\/img-20240613-wa0003\/'><img loading=\"lazy\" decoding=\"async\" width=\"150\" height=\"150\" src=\"http:\/\/rhoenklub-petersberg.de\/wp-content\/uploads\/2024\/06\/IMG-20240613-WA0003-150x150.jpg\" class=\"attachment-thumbnail size-thumbnail\" alt=\"\" \/><\/a>\n\t\t\t<\/div><\/figure><figure class='gallery-item'>\n\t\t\t<div class='gallery-icon portrait'>\n\t\t\t\t<a href='http:\/\/rhoenklub-petersberg.de\/index.php\/haunestausee-3\/img-20240613-wa0004\/'><img loading=\"lazy\" decoding=\"async\" width=\"150\" height=\"150\" src=\"http:\/\/rhoenklub-petersberg.de\/wp-content\/uploads\/2024\/06\/IMG-20240613-WA0004-150x150.jpg\" class=\"attachment-thumbnail size-thumbnail\" alt=\"\" \/><\/a>\n\t\t\t<\/div><\/figure><figure class='gallery-item'>\n\t\t\t<div class='gallery-icon portrait'>\n\t\t\t\t<a href='http:\/\/rhoenklub-petersberg.de\/index.php\/haunestausee-3\/img-20240613-wa0005\/'><img loading=\"lazy\" decoding=\"async\" width=\"150\" height=\"150\" src=\"http:\/\/rhoenklub-petersberg.de\/wp-content\/uploads\/2024\/06\/IMG-20240613-WA0005-150x150.jpg\" class=\"attachment-thumbnail size-thumbnail\" alt=\"\" \/><\/a>\n\t\t\t<\/div><\/figure><figure class='gallery-item'>\n\t\t\t<div class='gallery-icon portrait'>\n\t\t\t\t<a href='http:\/\/rhoenklub-petersberg.de\/index.php\/haunestausee-3\/img-20240613-wa0006\/'><img loading=\"lazy\" decoding=\"async\" width=\"150\" height=\"150\" src=\"http:\/\/rhoenklub-petersberg.de\/wp-content\/uploads\/2024\/06\/IMG-20240613-WA0006-150x150.jpg\" class=\"attachment-thumbnail size-thumbnail\" alt=\"\" \/><\/a>\n\t\t\t<\/div><\/figure><figure class='gallery-item'>\n\t\t\t<div class='gallery-icon landscape'>\n\t\t\t\t<a href='http:\/\/rhoenklub-petersberg.de\/index.php\/haunestausee-3\/img-20240613-wa0007\/'><img loading=\"lazy\" decoding=\"async\" width=\"150\" height=\"150\" src=\"http:\/\/rhoenklub-petersberg.de\/wp-content\/uploads\/2024\/06\/IMG-20240613-WA0007-150x150.jpg\" class=\"attachment-thumbnail size-thumbnail\" alt=\"\" \/><\/a>\n\t\t\t<\/div><\/figure>\n\t\t<\/div>\n\n","protected":false},"excerpt":{"rendered":"<p>Wanderung um den Haunestausee Bericht von Ursula Diegelmann: Bei idealem Wanderwetter trafen sich zahlreiche Senioren des Zweigvereins Petersberg am Mittwoch, den 12. Juni, zu ihrer monatlichen Wanderung. Die Route f\u00fchrte in einer Teilstrecke um den Haunestausee mit Ausblicken auf die Staumauer. Matthias Faulhammer hatte die F\u00fchrung dieser ca. 5 km langen Tour \u00fcbernommen. Zum Abschluss &hellip; <a href=\"http:\/\/rhoenklub-petersberg.de\/index.php\/haunestausee-3\/\" class=\"more-link\"><span class=\"screen-reader-text\">Haunestausee<\/span> weiterlesen <span class=\"meta-nav\">&rarr;<\/span><\/a><\/p>\n","protected":false},"author":666667,"featured_media":0,"parent":0,"menu_order":0,"comment_status":"closed","ping_status":"closed","template":"","meta":{"footnotes":""},"class_list":["post-12809","page","type-page","status-publish","hentry"],"_links":{"self":[{"href":"http:\/\/rhoenklub-petersberg.de\/index.php\/wp-json\/wp\/v2\/pages\/12809","targetHints":{"allow":["GET"]}}],"collection":[{"href":"http:\/\/rhoenklub-petersberg.de\/index.php\/wp-json\/wp\/v2\/pages"}],"about":[{"href":"http:\/\/rhoenklub-petersberg.de\/index.php\/wp-json\/wp\/v2\/types\/page"}],"author":[{"embeddable":true,"href":"http:\/\/rhoenklub-petersberg.de\/index.php\/wp-json\/wp\/v2\/users\/666667"}],"replies":[{"embeddable":true,"href":"http:\/\/rhoenklub-petersberg.de\/index.php\/wp-json\/wp\/v2\/comments?post=12809"}],"version-history":[{"count":0,"href":"http:\/\/rhoenklub-petersberg.de\/index.php\/wp-json\/wp\/v2\/pages\/12809\/revisions"}],"wp:attachment":[{"href":"http:\/\/rhoenklub-petersberg.de\/index.php\/wp-json\/wp\/v2\/media?parent=12809"}],"curies":[{"name":"wp","href":"https:\/\/api.w.org\/{rel}","templated":true}]}}