{"id":12589,"date":"2024-03-11T09:59:55","date_gmt":"2024-03-11T09:59:55","guid":{"rendered":"http:\/\/rhoenklub-petersberg.de\/?page_id=12589"},"modified":"2024-03-11T09:59:55","modified_gmt":"2024-03-11T09:59:55","slug":"ulmenstein-2","status":"publish","type":"page","link":"http:\/\/rhoenklub-petersberg.de\/index.php\/ulmenstein-2\/","title":{"rendered":"Ulmenstein"},"content":{"rendered":"<p>&nbsp;<\/p>\n<p><em>Bericht von unserem Wanderwart Karl Schmitt:<\/em><\/p>\n<p><span style=\"color: #000000;\">Am Mittwoch, den 06.03.2024 trafen wir uns um 13.00 Uhr am Rathausplatz, um an der Wanderung Ulmenstein teilzunehmen. 15 Wanderer waren gekommen und nur zwei Autos. Nach kurzer Besprechung wollte Ursula ihr Auto holen, aber ein Nachz\u00fcgler (mit Auto) kam gerade rechtzeitig und wir konnten die Fahrt beginnen.<\/span><\/p>\n<p>Durch eine Umleitung wurden wir nochmal gefordert, aber dann waren wir endlich am Ausgangspunkt unserer Wanderung.<\/p>\n<p>Der Weg war recht beschwerlich, da es bergauf und bergab \u00fcber steinige Wege ging. Aber die sch\u00f6nen Aussichtspunkte entsch\u00e4digten uns und lie\u00dfen uns am Ende der Wanderung die Anstrengung vergessen.<\/p>\n<p>Die Einkehr im Kaffee in Almus war nochmal ein H\u00f6hepunkt der Wanderung. Wir wurden mit sehr guten und gro\u00dfen Kuchenst\u00fccken, Kaffee und Bier verw\u00f6hnt. Und so konnten wir die Heimreise antreten.<\/p>\n<div id='gallery-1' class='gallery galleryid-12589 gallery-columns-4 gallery-size-thumbnail'><figure class='gallery-item'>\n\t\t\t<div class='gallery-icon portrait'>\n\t\t\t\t<a href='http:\/\/rhoenklub-petersberg.de\/index.php\/ulmenstein-2\/img-20240307-wa0000\/'><img loading=\"lazy\" decoding=\"async\" width=\"150\" height=\"150\" src=\"http:\/\/rhoenklub-petersberg.de\/wp-content\/uploads\/2024\/03\/IMG-20240307-WA0000-150x150.jpg\" class=\"attachment-thumbnail size-thumbnail\" alt=\"\" \/><\/a>\n\t\t\t<\/div><\/figure><figure class='gallery-item'>\n\t\t\t<div class='gallery-icon portrait'>\n\t\t\t\t<a href='http:\/\/rhoenklub-petersberg.de\/index.php\/ulmenstein-2\/img-20240307-wa0001\/'><img loading=\"lazy\" decoding=\"async\" width=\"150\" height=\"150\" src=\"http:\/\/rhoenklub-petersberg.de\/wp-content\/uploads\/2024\/03\/IMG-20240307-WA0001-150x150.jpg\" class=\"attachment-thumbnail size-thumbnail\" alt=\"\" \/><\/a>\n\t\t\t<\/div><\/figure><figure class='gallery-item'>\n\t\t\t<div class='gallery-icon landscape'>\n\t\t\t\t<a href='http:\/\/rhoenklub-petersberg.de\/index.php\/ulmenstein-2\/img-20240307-wa0002\/'><img loading=\"lazy\" decoding=\"async\" width=\"150\" height=\"150\" src=\"http:\/\/rhoenklub-petersberg.de\/wp-content\/uploads\/2024\/03\/IMG-20240307-WA0002-150x150.jpg\" class=\"attachment-thumbnail size-thumbnail\" alt=\"\" \/><\/a>\n\t\t\t<\/div><\/figure><figure class='gallery-item'>\n\t\t\t<div class='gallery-icon portrait'>\n\t\t\t\t<a href='http:\/\/rhoenklub-petersberg.de\/index.php\/ulmenstein-2\/img-20240307-wa0003\/'><img loading=\"lazy\" decoding=\"async\" width=\"150\" height=\"150\" src=\"http:\/\/rhoenklub-petersberg.de\/wp-content\/uploads\/2024\/03\/IMG-20240307-WA0003-150x150.jpg\" class=\"attachment-thumbnail size-thumbnail\" alt=\"\" \/><\/a>\n\t\t\t<\/div><\/figure><figure class='gallery-item'>\n\t\t\t<div class='gallery-icon portrait'>\n\t\t\t\t<a href='http:\/\/rhoenklub-petersberg.de\/index.php\/ulmenstein-2\/img-20240307-wa0004\/'><img loading=\"lazy\" decoding=\"async\" width=\"150\" height=\"150\" src=\"http:\/\/rhoenklub-petersberg.de\/wp-content\/uploads\/2024\/03\/IMG-20240307-WA0004-150x150.jpg\" class=\"attachment-thumbnail size-thumbnail\" alt=\"\" \/><\/a>\n\t\t\t<\/div><\/figure><figure class='gallery-item'>\n\t\t\t<div class='gallery-icon landscape'>\n\t\t\t\t<a href='http:\/\/rhoenklub-petersberg.de\/index.php\/ulmenstein-2\/img-20240307-wa0005\/'><img loading=\"lazy\" decoding=\"async\" width=\"150\" height=\"150\" src=\"http:\/\/rhoenklub-petersberg.de\/wp-content\/uploads\/2024\/03\/IMG-20240307-WA0005-150x150.jpg\" class=\"attachment-thumbnail size-thumbnail\" alt=\"\" \/><\/a>\n\t\t\t<\/div><\/figure><figure class='gallery-item'>\n\t\t\t<div class='gallery-icon portrait'>\n\t\t\t\t<a href='http:\/\/rhoenklub-petersberg.de\/index.php\/ulmenstein-2\/img-20240310-wa0002\/'><img loading=\"lazy\" decoding=\"async\" width=\"150\" height=\"150\" src=\"http:\/\/rhoenklub-petersberg.de\/wp-content\/uploads\/2024\/03\/IMG-20240310-WA0002-150x150.jpg\" class=\"attachment-thumbnail size-thumbnail\" alt=\"\" \/><\/a>\n\t\t\t<\/div><\/figure><figure class='gallery-item'>\n\t\t\t<div class='gallery-icon portrait'>\n\t\t\t\t<a href='http:\/\/rhoenklub-petersberg.de\/index.php\/ulmenstein-2\/img-20240310-wa0003\/'><img loading=\"lazy\" decoding=\"async\" width=\"150\" height=\"150\" src=\"http:\/\/rhoenklub-petersberg.de\/wp-content\/uploads\/2024\/03\/IMG-20240310-WA0003-150x150.jpg\" class=\"attachment-thumbnail size-thumbnail\" alt=\"\" \/><\/a>\n\t\t\t<\/div><\/figure><figure class='gallery-item'>\n\t\t\t<div class='gallery-icon portrait'>\n\t\t\t\t<a href='http:\/\/rhoenklub-petersberg.de\/index.php\/ulmenstein-2\/img-20240310-wa0004\/'><img loading=\"lazy\" decoding=\"async\" width=\"150\" height=\"150\" src=\"http:\/\/rhoenklub-petersberg.de\/wp-content\/uploads\/2024\/03\/IMG-20240310-WA0004-150x150.jpg\" class=\"attachment-thumbnail size-thumbnail\" alt=\"\" \/><\/a>\n\t\t\t<\/div><\/figure><figure class='gallery-item'>\n\t\t\t<div class='gallery-icon portrait'>\n\t\t\t\t<a href='http:\/\/rhoenklub-petersberg.de\/index.php\/ulmenstein-2\/img-20240310-wa0005\/'><img loading=\"lazy\" decoding=\"async\" width=\"150\" height=\"150\" src=\"http:\/\/rhoenklub-petersberg.de\/wp-content\/uploads\/2024\/03\/IMG-20240310-WA0005-150x150.jpg\" class=\"attachment-thumbnail size-thumbnail\" alt=\"\" \/><\/a>\n\t\t\t<\/div><\/figure><figure class='gallery-item'>\n\t\t\t<div class='gallery-icon portrait'>\n\t\t\t\t<a href='http:\/\/rhoenklub-petersberg.de\/index.php\/ulmenstein-2\/img-20240310-wa0006\/'><img loading=\"lazy\" decoding=\"async\" width=\"150\" height=\"150\" src=\"http:\/\/rhoenklub-petersberg.de\/wp-content\/uploads\/2024\/03\/IMG-20240310-WA0006-150x150.jpg\" class=\"attachment-thumbnail size-thumbnail\" alt=\"\" \/><\/a>\n\t\t\t<\/div><\/figure>\n\t\t<\/div>\n\n","protected":false},"excerpt":{"rendered":"<p>&nbsp; Bericht von unserem Wanderwart Karl Schmitt: Am Mittwoch, den 06.03.2024 trafen wir uns um 13.00 Uhr am Rathausplatz, um an der Wanderung Ulmenstein teilzunehmen. 15 Wanderer waren gekommen und nur zwei Autos. Nach kurzer Besprechung wollte Ursula ihr Auto holen, aber ein Nachz\u00fcgler (mit Auto) kam gerade rechtzeitig und wir konnten die Fahrt beginnen. &hellip; <a href=\"http:\/\/rhoenklub-petersberg.de\/index.php\/ulmenstein-2\/\" class=\"more-link\"><span class=\"screen-reader-text\">Ulmenstein<\/span> weiterlesen <span class=\"meta-nav\">&rarr;<\/span><\/a><\/p>\n","protected":false},"author":666667,"featured_media":0,"parent":0,"menu_order":0,"comment_status":"closed","ping_status":"closed","template":"","meta":{"footnotes":""},"class_list":["post-12589","page","type-page","status-publish","hentry"],"_links":{"self":[{"href":"http:\/\/rhoenklub-petersberg.de\/index.php\/wp-json\/wp\/v2\/pages\/12589","targetHints":{"allow":["GET"]}}],"collection":[{"href":"http:\/\/rhoenklub-petersberg.de\/index.php\/wp-json\/wp\/v2\/pages"}],"about":[{"href":"http:\/\/rhoenklub-petersberg.de\/index.php\/wp-json\/wp\/v2\/types\/page"}],"author":[{"embeddable":true,"href":"http:\/\/rhoenklub-petersberg.de\/index.php\/wp-json\/wp\/v2\/users\/666667"}],"replies":[{"embeddable":true,"href":"http:\/\/rhoenklub-petersberg.de\/index.php\/wp-json\/wp\/v2\/comments?post=12589"}],"version-history":[{"count":0,"href":"http:\/\/rhoenklub-petersberg.de\/index.php\/wp-json\/wp\/v2\/pages\/12589\/revisions"}],"wp:attachment":[{"href":"http:\/\/rhoenklub-petersberg.de\/index.php\/wp-json\/wp\/v2\/media?parent=12589"}],"curies":[{"name":"wp","href":"https:\/\/api.w.org\/{rel}","templated":true}]}}