{"id":12502,"date":"2024-01-21T17:38:53","date_gmt":"2024-01-21T17:38:53","guid":{"rendered":"http:\/\/rhoenklub-petersberg.de\/?page_id=12502"},"modified":"2024-01-21T17:38:53","modified_gmt":"2024-01-21T17:38:53","slug":"stadtfuehrung-5","status":"publish","type":"page","link":"http:\/\/rhoenklub-petersberg.de\/index.php\/stadtfuehrung-5\/","title":{"rendered":"Stadtf\u00fchrung"},"content":{"rendered":"<p><u><b>Seniorenwanderung<\/b><\/u><\/p>\n<p><i>Bericht von J\u00fcrgen Sauerbier: <\/i><\/p>\n<p><span style=\"font-size: large;\">Mittwochswanderung Rh\u00f6nklub Petersberg <\/span><span style=\"font-size: large;\">10.01.2024<\/span><\/p>\n<p><span style=\"font-size: large;\">F\u00fchrung J\u00fcrgen Sauerbier<\/span><\/p>\n<p><span style=\"font-size: large;\">Verlauf:<\/span><\/p>\n<p><span style=\"font-size: large;\">13.30 Treffen Eingang Schlo\u00dfstra\u00dfe\u00a0zum ehemaligen Residenzschloss.<\/span><\/p>\n<p><span style=\"font-size: large;\">&#8211; Erkl\u00e4rung zum Heertor<\/span><\/p>\n<p><span style=\"font-size: large;\">&#8211; Geschichte des Sp\u00e4tlesereiters<\/span><\/p>\n<p><span style=\"font-size: large;\">&#8211; Geschichte des Schlosses<\/span><\/p>\n<p><span style=\"font-size: large;\">&#8211; \u00dcber\u00a0Pauluspromenade zur Orangerie<\/span><\/p>\n<p><span style=\"font-size: large;\">&#8211; Erkl\u00e4rung zum Geb\u00e4ude\u00a0 und Flora Vase<\/span><\/p>\n<p><span style=\"font-size: large;\">&#8211; Dom: Beschreibung der Fassade,<\/span><\/p>\n<p><span style=\"font-size: large;\">besichtigung des Krippchens<\/span><\/p>\n<p><span style=\"font-size: large;\">&#8211; Blick ins Dommuseum<\/span><\/p>\n<p><span style=\"font-size: large;\">&#8211; \u00dcber Domdechanei Garten,\u00a0Kanalstra\u00dfe<\/span><\/p>\n<p><span style=\"font-size: large;\">zum Cafe Herzlich.<\/span><\/p>\n<p><span style=\"font-size: large;\">&#8211; Gem\u00fctliches\u00a0Beisammensein und<\/span><\/p>\n<p><span style=\"font-size: large;\">Abschluss<\/span><\/p>\n<p><span style=\"font-size: large;\">&#8211; Ende gegen 16.30 Uhr<\/span><\/p>\n<div id='gallery-1' class='gallery galleryid-12502 gallery-columns-5 gallery-size-thumbnail'><figure class='gallery-item'>\n\t\t\t<div class='gallery-icon landscape'>\n\t\t\t\t<a href='http:\/\/rhoenklub-petersberg.de\/index.php\/stadtfuehrung-5\/20240119_103445\/'><img loading=\"lazy\" decoding=\"async\" width=\"150\" height=\"150\" src=\"http:\/\/rhoenklub-petersberg.de\/wp-content\/uploads\/2024\/01\/20240119_103445-150x150.jpg\" class=\"attachment-thumbnail size-thumbnail\" alt=\"\" srcset=\"http:\/\/rhoenklub-petersberg.de\/wp-content\/uploads\/2024\/01\/20240119_103445-150x150.jpg 150w, http:\/\/rhoenklub-petersberg.de\/wp-content\/uploads\/2024\/01\/20240119_103445-300x300.jpg 300w, http:\/\/rhoenklub-petersberg.de\/wp-content\/uploads\/2024\/01\/20240119_103445-1024x1024.jpg 1024w, http:\/\/rhoenklub-petersberg.de\/wp-content\/uploads\/2024\/01\/20240119_103445-768x768.jpg 768w, http:\/\/rhoenklub-petersberg.de\/wp-content\/uploads\/2024\/01\/20240119_103445-1536x1536.jpg 1536w, http:\/\/rhoenklub-petersberg.de\/wp-content\/uploads\/2024\/01\/20240119_103445-2048x2048.jpg 2048w, http:\/\/rhoenklub-petersberg.de\/wp-content\/uploads\/2024\/01\/20240119_103445-scaled-e1705858476684.jpg 1750w\" sizes=\"auto, (max-width: 150px) 100vw, 150px\" \/><\/a>\n\t\t\t<\/div><\/figure><figure class='gallery-item'>\n\t\t\t<div class='gallery-icon portrait'>\n\t\t\t\t<a href='http:\/\/rhoenklub-petersberg.de\/index.php\/stadtfuehrung-5\/img-20240118-wa0003\/'><img loading=\"lazy\" decoding=\"async\" width=\"150\" height=\"150\" src=\"http:\/\/rhoenklub-petersberg.de\/wp-content\/uploads\/2024\/01\/IMG-20240118-WA0003-150x150.jpg\" class=\"attachment-thumbnail size-thumbnail\" alt=\"\" \/><\/a>\n\t\t\t<\/div><\/figure><figure class='gallery-item'>\n\t\t\t<div class='gallery-icon portrait'>\n\t\t\t\t<a href='http:\/\/rhoenklub-petersberg.de\/index.php\/stadtfuehrung-5\/img-20240118-wa0005\/'><img loading=\"lazy\" decoding=\"async\" width=\"150\" height=\"150\" src=\"http:\/\/rhoenklub-petersberg.de\/wp-content\/uploads\/2024\/01\/IMG-20240118-WA0005-150x150.jpg\" class=\"attachment-thumbnail size-thumbnail\" alt=\"\" \/><\/a>\n\t\t\t<\/div><\/figure><figure class='gallery-item'>\n\t\t\t<div class='gallery-icon portrait'>\n\t\t\t\t<a href='http:\/\/rhoenklub-petersberg.de\/index.php\/stadtfuehrung-5\/img-20240118-wa0006\/'><img loading=\"lazy\" decoding=\"async\" width=\"150\" height=\"150\" src=\"http:\/\/rhoenklub-petersberg.de\/wp-content\/uploads\/2024\/01\/IMG-20240118-WA0006-150x150.jpg\" class=\"attachment-thumbnail size-thumbnail\" alt=\"\" \/><\/a>\n\t\t\t<\/div><\/figure><figure class='gallery-item'>\n\t\t\t<div class='gallery-icon landscape'>\n\t\t\t\t<a href='http:\/\/rhoenklub-petersberg.de\/index.php\/stadtfuehrung-5\/img-20240118-wa0007\/'><img loading=\"lazy\" decoding=\"async\" width=\"150\" height=\"150\" src=\"http:\/\/rhoenklub-petersberg.de\/wp-content\/uploads\/2024\/01\/IMG-20240118-WA0007-150x150.jpg\" class=\"attachment-thumbnail size-thumbnail\" alt=\"\" \/><\/a>\n\t\t\t<\/div><\/figure><figure class='gallery-item'>\n\t\t\t<div class='gallery-icon portrait'>\n\t\t\t\t<a href='http:\/\/rhoenklub-petersberg.de\/index.php\/stadtfuehrung-5\/img-20240118-wa0008\/'><img loading=\"lazy\" decoding=\"async\" width=\"150\" height=\"150\" src=\"http:\/\/rhoenklub-petersberg.de\/wp-content\/uploads\/2024\/01\/IMG-20240118-WA0008-150x150.jpg\" class=\"attachment-thumbnail size-thumbnail\" alt=\"\" \/><\/a>\n\t\t\t<\/div><\/figure><figure class='gallery-item'>\n\t\t\t<div class='gallery-icon portrait'>\n\t\t\t\t<a href='http:\/\/rhoenklub-petersberg.de\/index.php\/stadtfuehrung-5\/img-20240118-wa0009\/'><img loading=\"lazy\" decoding=\"async\" width=\"150\" height=\"150\" src=\"http:\/\/rhoenklub-petersberg.de\/wp-content\/uploads\/2024\/01\/IMG-20240118-WA0009-150x150.jpg\" class=\"attachment-thumbnail size-thumbnail\" alt=\"\" \/><\/a>\n\t\t\t<\/div><\/figure><figure class='gallery-item'>\n\t\t\t<div class='gallery-icon portrait'>\n\t\t\t\t<a href='http:\/\/rhoenklub-petersberg.de\/index.php\/stadtfuehrung-5\/img-20240118-wa0010\/'><img loading=\"lazy\" decoding=\"async\" width=\"150\" height=\"150\" src=\"http:\/\/rhoenklub-petersberg.de\/wp-content\/uploads\/2024\/01\/IMG-20240118-WA0010-150x150.jpg\" class=\"attachment-thumbnail size-thumbnail\" alt=\"\" \/><\/a>\n\t\t\t<\/div><\/figure><figure class='gallery-item'>\n\t\t\t<div class='gallery-icon portrait'>\n\t\t\t\t<a href='http:\/\/rhoenklub-petersberg.de\/index.php\/stadtfuehrung-5\/img-20240118-wa0011\/'><img loading=\"lazy\" decoding=\"async\" width=\"150\" height=\"150\" src=\"http:\/\/rhoenklub-petersberg.de\/wp-content\/uploads\/2024\/01\/IMG-20240118-WA0011-150x150.jpg\" class=\"attachment-thumbnail size-thumbnail\" alt=\"\" \/><\/a>\n\t\t\t<\/div><\/figure><figure class='gallery-item'>\n\t\t\t<div class='gallery-icon portrait'>\n\t\t\t\t<a href='http:\/\/rhoenklub-petersberg.de\/index.php\/stadtfuehrung-5\/img-20240118-wa0012\/'><img loading=\"lazy\" decoding=\"async\" width=\"150\" height=\"150\" src=\"http:\/\/rhoenklub-petersberg.de\/wp-content\/uploads\/2024\/01\/IMG-20240118-WA0012-150x150.jpg\" class=\"attachment-thumbnail size-thumbnail\" alt=\"\" \/><\/a>\n\t\t\t<\/div><\/figure><figure class='gallery-item'>\n\t\t\t<div class='gallery-icon portrait'>\n\t\t\t\t<a href='http:\/\/rhoenklub-petersberg.de\/index.php\/stadtfuehrung-5\/img-20240118-wa0013\/'><img loading=\"lazy\" decoding=\"async\" width=\"150\" height=\"150\" src=\"http:\/\/rhoenklub-petersberg.de\/wp-content\/uploads\/2024\/01\/IMG-20240118-WA0013-150x150.jpg\" class=\"attachment-thumbnail size-thumbnail\" alt=\"\" \/><\/a>\n\t\t\t<\/div><\/figure><figure class='gallery-item'>\n\t\t\t<div class='gallery-icon portrait'>\n\t\t\t\t<a href='http:\/\/rhoenklub-petersberg.de\/index.php\/stadtfuehrung-5\/img-20240118-wa0014\/'><img loading=\"lazy\" decoding=\"async\" width=\"150\" height=\"150\" src=\"http:\/\/rhoenklub-petersberg.de\/wp-content\/uploads\/2024\/01\/IMG-20240118-WA0014-150x150.jpg\" class=\"attachment-thumbnail size-thumbnail\" alt=\"\" \/><\/a>\n\t\t\t<\/div><\/figure><figure class='gallery-item'>\n\t\t\t<div class='gallery-icon portrait'>\n\t\t\t\t<a href='http:\/\/rhoenklub-petersberg.de\/index.php\/stadtfuehrung-5\/img-20240118-wa0015\/'><img loading=\"lazy\" decoding=\"async\" width=\"150\" height=\"150\" src=\"http:\/\/rhoenklub-petersberg.de\/wp-content\/uploads\/2024\/01\/IMG-20240118-WA0015-150x150.jpg\" class=\"attachment-thumbnail size-thumbnail\" alt=\"\" \/><\/a>\n\t\t\t<\/div><\/figure><figure class='gallery-item'>\n\t\t\t<div class='gallery-icon portrait'>\n\t\t\t\t<a href='http:\/\/rhoenklub-petersberg.de\/index.php\/stadtfuehrung-5\/img-20240118-wa0016\/'><img loading=\"lazy\" decoding=\"async\" width=\"150\" height=\"150\" src=\"http:\/\/rhoenklub-petersberg.de\/wp-content\/uploads\/2024\/01\/IMG-20240118-WA0016-150x150.jpg\" class=\"attachment-thumbnail size-thumbnail\" alt=\"\" \/><\/a>\n\t\t\t<\/div><\/figure><figure class='gallery-item'>\n\t\t\t<div class='gallery-icon portrait'>\n\t\t\t\t<a href='http:\/\/rhoenklub-petersberg.de\/index.php\/stadtfuehrung-5\/img-20240118-wa0017\/'><img loading=\"lazy\" decoding=\"async\" width=\"150\" height=\"150\" src=\"http:\/\/rhoenklub-petersberg.de\/wp-content\/uploads\/2024\/01\/IMG-20240118-WA0017-150x150.jpg\" class=\"attachment-thumbnail size-thumbnail\" alt=\"\" \/><\/a>\n\t\t\t<\/div><\/figure><figure class='gallery-item'>\n\t\t\t<div class='gallery-icon portrait'>\n\t\t\t\t<a href='http:\/\/rhoenklub-petersberg.de\/index.php\/stadtfuehrung-5\/img-20240118-wa0019\/'><img loading=\"lazy\" decoding=\"async\" width=\"150\" height=\"150\" src=\"http:\/\/rhoenklub-petersberg.de\/wp-content\/uploads\/2024\/01\/IMG-20240118-WA0019-150x150.jpg\" class=\"attachment-thumbnail size-thumbnail\" alt=\"\" \/><\/a>\n\t\t\t<\/div><\/figure><figure class='gallery-item'>\n\t\t\t<div class='gallery-icon portrait'>\n\t\t\t\t<a href='http:\/\/rhoenklub-petersberg.de\/index.php\/stadtfuehrung-5\/img-20240118-wa0027\/'><img loading=\"lazy\" decoding=\"async\" width=\"150\" height=\"150\" src=\"http:\/\/rhoenklub-petersberg.de\/wp-content\/uploads\/2024\/01\/IMG-20240118-WA0027-150x150.jpg\" class=\"attachment-thumbnail size-thumbnail\" alt=\"\" \/><\/a>\n\t\t\t<\/div><\/figure><figure class='gallery-item'>\n\t\t\t<div class='gallery-icon portrait'>\n\t\t\t\t<a href='http:\/\/rhoenklub-petersberg.de\/index.php\/stadtfuehrung-5\/img-20240118-wa0029\/'><img loading=\"lazy\" decoding=\"async\" width=\"150\" height=\"150\" src=\"http:\/\/rhoenklub-petersberg.de\/wp-content\/uploads\/2024\/01\/IMG-20240118-WA0029-150x150.jpg\" class=\"attachment-thumbnail size-thumbnail\" alt=\"\" \/><\/a>\n\t\t\t<\/div><\/figure><figure class='gallery-item'>\n\t\t\t<div class='gallery-icon landscape'>\n\t\t\t\t<a href='http:\/\/rhoenklub-petersberg.de\/index.php\/stadtfuehrung-5\/img-20240118-wa0030\/'><img loading=\"lazy\" decoding=\"async\" width=\"150\" height=\"150\" src=\"http:\/\/rhoenklub-petersberg.de\/wp-content\/uploads\/2024\/01\/IMG-20240118-WA0030-150x150.jpg\" class=\"attachment-thumbnail size-thumbnail\" alt=\"\" \/><\/a>\n\t\t\t<\/div><\/figure><figure class='gallery-item'>\n\t\t\t<div class='gallery-icon landscape'>\n\t\t\t\t<a href='http:\/\/rhoenklub-petersberg.de\/index.php\/stadtfuehrung-5\/img-20240118-wa0031\/'><img loading=\"lazy\" decoding=\"async\" width=\"150\" height=\"150\" src=\"http:\/\/rhoenklub-petersberg.de\/wp-content\/uploads\/2024\/01\/IMG-20240118-WA0031-150x150.jpg\" class=\"attachment-thumbnail size-thumbnail\" alt=\"\" \/><\/a>\n\t\t\t<\/div><\/figure><figure class='gallery-item'>\n\t\t\t<div class='gallery-icon portrait'>\n\t\t\t\t<a href='http:\/\/rhoenklub-petersberg.de\/index.php\/stadtfuehrung-5\/img-20240118-wa0032\/'><img loading=\"lazy\" decoding=\"async\" width=\"150\" height=\"150\" src=\"http:\/\/rhoenklub-petersberg.de\/wp-content\/uploads\/2024\/01\/IMG-20240118-WA0032-150x150.jpg\" class=\"attachment-thumbnail size-thumbnail\" alt=\"\" \/><\/a>\n\t\t\t<\/div><\/figure><figure class='gallery-item'>\n\t\t\t<div class='gallery-icon portrait'>\n\t\t\t\t<a href='http:\/\/rhoenklub-petersberg.de\/index.php\/stadtfuehrung-5\/img-20240118-wa0033\/'><img loading=\"lazy\" decoding=\"async\" width=\"150\" height=\"150\" src=\"http:\/\/rhoenklub-petersberg.de\/wp-content\/uploads\/2024\/01\/IMG-20240118-WA0033-150x150.jpg\" class=\"attachment-thumbnail size-thumbnail\" alt=\"\" \/><\/a>\n\t\t\t<\/div><\/figure><figure class='gallery-item'>\n\t\t\t<div class='gallery-icon portrait'>\n\t\t\t\t<a href='http:\/\/rhoenklub-petersberg.de\/index.php\/stadtfuehrung-5\/img-20240118-wa0035\/'><img loading=\"lazy\" decoding=\"async\" width=\"150\" height=\"150\" src=\"http:\/\/rhoenklub-petersberg.de\/wp-content\/uploads\/2024\/01\/IMG-20240118-WA0035-150x150.jpg\" class=\"attachment-thumbnail size-thumbnail\" alt=\"\" \/><\/a>\n\t\t\t<\/div><\/figure>\n\t\t<\/div>\n\n","protected":false},"excerpt":{"rendered":"<p>Seniorenwanderung Bericht von J\u00fcrgen Sauerbier: Mittwochswanderung Rh\u00f6nklub Petersberg 10.01.2024 F\u00fchrung J\u00fcrgen Sauerbier Verlauf: 13.30 Treffen Eingang Schlo\u00dfstra\u00dfe\u00a0zum ehemaligen Residenzschloss. &#8211; Erkl\u00e4rung zum Heertor &#8211; Geschichte des Sp\u00e4tlesereiters &#8211; Geschichte des Schlosses &#8211; \u00dcber\u00a0Pauluspromenade zur Orangerie &#8211; Erkl\u00e4rung zum Geb\u00e4ude\u00a0 und Flora Vase &#8211; Dom: Beschreibung der Fassade, besichtigung des Krippchens &#8211; Blick ins Dommuseum &#8211; &hellip; <a href=\"http:\/\/rhoenklub-petersberg.de\/index.php\/stadtfuehrung-5\/\" class=\"more-link\"><span class=\"screen-reader-text\">Stadtf\u00fchrung<\/span> weiterlesen <span class=\"meta-nav\">&rarr;<\/span><\/a><\/p>\n","protected":false},"author":666667,"featured_media":0,"parent":0,"menu_order":0,"comment_status":"closed","ping_status":"closed","template":"","meta":{"footnotes":""},"class_list":["post-12502","page","type-page","status-publish","hentry"],"_links":{"self":[{"href":"http:\/\/rhoenklub-petersberg.de\/index.php\/wp-json\/wp\/v2\/pages\/12502","targetHints":{"allow":["GET"]}}],"collection":[{"href":"http:\/\/rhoenklub-petersberg.de\/index.php\/wp-json\/wp\/v2\/pages"}],"about":[{"href":"http:\/\/rhoenklub-petersberg.de\/index.php\/wp-json\/wp\/v2\/types\/page"}],"author":[{"embeddable":true,"href":"http:\/\/rhoenklub-petersberg.de\/index.php\/wp-json\/wp\/v2\/users\/666667"}],"replies":[{"embeddable":true,"href":"http:\/\/rhoenklub-petersberg.de\/index.php\/wp-json\/wp\/v2\/comments?post=12502"}],"version-history":[{"count":0,"href":"http:\/\/rhoenklub-petersberg.de\/index.php\/wp-json\/wp\/v2\/pages\/12502\/revisions"}],"wp:attachment":[{"href":"http:\/\/rhoenklub-petersberg.de\/index.php\/wp-json\/wp\/v2\/media?parent=12502"}],"curies":[{"name":"wp","href":"https:\/\/api.w.org\/{rel}","templated":true}]}}