{"id":12409,"date":"2023-12-06T16:15:32","date_gmt":"2023-12-06T16:15:32","guid":{"rendered":"http:\/\/rhoenklub-petersberg.de\/?page_id=12409"},"modified":"2023-12-06T16:15:32","modified_gmt":"2023-12-06T16:15:32","slug":"weihnachtsmarktfahrt","status":"publish","type":"page","link":"http:\/\/rhoenklub-petersberg.de\/index.php\/weihnachtsmarktfahrt\/","title":{"rendered":"Weihnachtsmarktfahrt"},"content":{"rendered":"<p class=\"western\" align=\"center\"><span style=\"font-family: Century Schoolbook, serif;\"><span style=\"font-size: large;\"><i><b>Weihnachtsmarktfahrt nach R\u00fcdesheim am Rhein<\/b><\/i><\/span><\/span><\/p>\n<p class=\"western\"><span style=\"font-family: Century Schoolbook, serif;\"><span style=\"font-size: medium;\"><i><b>Am Samstag, den 02.12.2023, einem frostig, kalten Morgen, fanden sich am Petersberger Rathausplatz 45 freudige Gesichter ein, welche sich auf die diesj\u00e4hrige Weihnachtsmarktfahrt nach R\u00fcdesheim am Rhein aufmachten.<\/b><\/i><\/span><\/span><\/p>\n<p class=\"western\"><span style=\"font-family: Century Schoolbook, serif;\"><span style=\"font-size: medium;\"><i><b>Unser Busfahrer \u201eMike\u201c von der Firma Stumpf brachte uns sicher nach R\u00fcdesheim, wo wir gegen 10.15 Uhr an einem Parkplatz unser Fr\u00fchst\u00fcck einnahmen. <\/b><\/i><\/span><\/span><\/p>\n<p class=\"western\"><span style=\"font-family: Century Schoolbook, serif;\"><span style=\"font-size: medium;\"><i><b>Dann dauerte es auch nicht mehr lange und der Winzerexpress war da.<\/b><\/i><\/span><\/span><\/p>\n<p class=\"western\"><span style=\"font-family: Century Schoolbook, serif;\"><span style=\"font-size: medium;\"><i><b>Der Winzerexpress existiert seit 1978. Er chauffiert \u201eGro\u00df und Klein\u201c durch die Gassen und Weinberge von dem St\u00e4dtchen R\u00fcdesheim.<\/b><\/i><\/span><\/span><\/p>\n<p class=\"western\"><span style=\"font-family: Century Schoolbook, serif;\"><span style=\"font-size: medium;\"><i><b>Auf der ca. 45min\u00fctigen Rundfahrt haben wir viel \u00fcber Stadt, Land und Leute erfahren. Wir haben das Niederwalddenkmal, die Abtei \u201eSt. Hildegard\u201c und den Blick auf den Rhein mal aus einer ganz anderen Perspektive gesehen. <\/b><\/i><\/span><\/span><\/p>\n<p class=\"western\"><span style=\"font-family: Century Schoolbook, serif;\"><span style=\"font-size: medium;\"><i><b>Nach der Fahrt mit dem Winzerexpress ging es dann ins St\u00e4dtchen zur Erkundung des Weihnachtsmarktes.<\/b><\/i><\/span><\/span><\/p>\n<p class=\"western\"><span style=\"font-family: Century Schoolbook, serif;\"><span style=\"font-size: medium;\"><i><b>Der Weihnachtsmarkt der Nationen, wie dieser dort genannt wird, begeht seit \u00fcber 25 Jahren die Vorweihnacht in besonderer Weise. <\/b><\/i><\/span><\/span><\/p>\n<p class=\"western\"><a name=\"_GoBack\"><\/a> <span style=\"font-family: Century Schoolbook, serif;\"><span style=\"font-size: medium;\"><i><b>\u00dcber 12 Nationen aus 4 Kontinenten bieten Waren, Spezialit\u00e4ten, <\/b><\/i><\/span><\/span><\/p>\n<p class=\"western\"><span style=\"font-family: Century Schoolbook, serif;\"><span style=\"font-size: medium;\"><i><b>Gewohnheiten und Br\u00e4uche an. <\/b><\/i><\/span><\/span><\/p>\n<p class=\"western\"><span style=\"font-family: Century Schoolbook, serif;\"><span style=\"font-size: medium;\"><i><b>So verging die Zeit wie im Fluge und um 18.00 Uhr fanden sich alle wieder p\u00fcnktlich am Busparkplatz ein, wo wir dann die Heimfahrt an den Petersberg antraten. <\/b><\/i><\/span><\/span><\/p>\n<p class=\"western\"><span style=\"font-family: Century Schoolbook, serif;\"><span style=\"font-size: medium;\"><i><b>Und so verbleiben wir bei der Devise:<\/b><\/i><\/span><\/span><\/p>\n<p class=\"western\" align=\"center\">\u201e<span style=\"font-family: Century Schoolbook, serif;\"><span style=\"font-size: large;\"><i><b>Vorfreude auf die n\u00e4chste Weihnachtsmarktfahrt ist die sch\u00f6nste Freude !\u201c<\/b><\/i><\/span><\/span><\/p>\n<p class=\"western\">\u201e <span style=\"font-family: Century Schoolbook, serif;\"><span style=\"font-size: medium;\"><i><b>Frisch auf \u201c<\/b><\/i><\/span><\/span><\/p>\n<p class=\"western\"><span style=\"font-family: Century Schoolbook, serif;\"><span style=\"font-size: medium;\"><i><b>Kulturwart (in)<\/b><\/i><\/span><\/span><\/p>\n<p class=\"western\"><span style=\"font-family: Century Schoolbook, serif;\"><span style=\"font-size: medium;\"><i><b>Judith Klimek-Ettinger<\/b><\/i><\/span><\/span><\/p>\n<div id='gallery-1' class='gallery galleryid-12409 gallery-columns-4 gallery-size-thumbnail'><figure class='gallery-item'>\n\t\t\t<div class='gallery-icon landscape'>\n\t\t\t\t<a href='http:\/\/rhoenklub-petersberg.de\/index.php\/weihnachtsmarktfahrt\/img-20231205-wa0001\/'><img loading=\"lazy\" decoding=\"async\" width=\"150\" height=\"150\" src=\"http:\/\/rhoenklub-petersberg.de\/wp-content\/uploads\/2023\/12\/IMG-20231205-WA0001-150x150.jpg\" class=\"attachment-thumbnail size-thumbnail\" alt=\"\" \/><\/a>\n\t\t\t<\/div><\/figure><figure class='gallery-item'>\n\t\t\t<div class='gallery-icon portrait'>\n\t\t\t\t<a href='http:\/\/rhoenklub-petersberg.de\/index.php\/weihnachtsmarktfahrt\/img-20231205-wa0003\/'><img loading=\"lazy\" decoding=\"async\" width=\"150\" height=\"150\" src=\"http:\/\/rhoenklub-petersberg.de\/wp-content\/uploads\/2023\/12\/IMG-20231205-WA0003-150x150.jpg\" class=\"attachment-thumbnail size-thumbnail\" alt=\"\" \/><\/a>\n\t\t\t<\/div><\/figure><figure class='gallery-item'>\n\t\t\t<div class='gallery-icon landscape'>\n\t\t\t\t<a href='http:\/\/rhoenklub-petersberg.de\/index.php\/weihnachtsmarktfahrt\/img-20231205-wa0004\/'><img loading=\"lazy\" decoding=\"async\" width=\"150\" height=\"150\" src=\"http:\/\/rhoenklub-petersberg.de\/wp-content\/uploads\/2023\/12\/IMG-20231205-WA0004-150x150.jpg\" class=\"attachment-thumbnail size-thumbnail\" alt=\"\" \/><\/a>\n\t\t\t<\/div><\/figure><figure class='gallery-item'>\n\t\t\t<div class='gallery-icon portrait'>\n\t\t\t\t<a href='http:\/\/rhoenklub-petersberg.de\/index.php\/weihnachtsmarktfahrt\/img-20231205-wa0005\/'><img loading=\"lazy\" decoding=\"async\" width=\"150\" height=\"150\" src=\"http:\/\/rhoenklub-petersberg.de\/wp-content\/uploads\/2023\/12\/IMG-20231205-WA0005-150x150.jpg\" class=\"attachment-thumbnail size-thumbnail\" alt=\"\" \/><\/a>\n\t\t\t<\/div><\/figure><figure class='gallery-item'>\n\t\t\t<div class='gallery-icon portrait'>\n\t\t\t\t<a href='http:\/\/rhoenklub-petersberg.de\/index.php\/weihnachtsmarktfahrt\/img-20231205-wa0006\/'><img loading=\"lazy\" decoding=\"async\" width=\"150\" height=\"150\" src=\"http:\/\/rhoenklub-petersberg.de\/wp-content\/uploads\/2023\/12\/IMG-20231205-WA0006-150x150.jpg\" class=\"attachment-thumbnail size-thumbnail\" alt=\"\" \/><\/a>\n\t\t\t<\/div><\/figure><figure class='gallery-item'>\n\t\t\t<div class='gallery-icon portrait'>\n\t\t\t\t<a href='http:\/\/rhoenklub-petersberg.de\/index.php\/weihnachtsmarktfahrt\/img-20231205-wa0007\/'><img loading=\"lazy\" decoding=\"async\" width=\"150\" height=\"150\" src=\"http:\/\/rhoenklub-petersberg.de\/wp-content\/uploads\/2023\/12\/IMG-20231205-WA0007-150x150.jpg\" class=\"attachment-thumbnail size-thumbnail\" alt=\"\" srcset=\"http:\/\/rhoenklub-petersberg.de\/wp-content\/uploads\/2023\/12\/IMG-20231205-WA0007-150x150.jpg 150w, http:\/\/rhoenklub-petersberg.de\/wp-content\/uploads\/2023\/12\/IMG-20231205-WA0007-576x576.jpg 576w\" sizes=\"auto, (max-width: 150px) 100vw, 150px\" \/><\/a>\n\t\t\t<\/div><\/figure><figure class='gallery-item'>\n\t\t\t<div class='gallery-icon portrait'>\n\t\t\t\t<a href='http:\/\/rhoenklub-petersberg.de\/index.php\/weihnachtsmarktfahrt\/img-20231205-wa0008\/'><img loading=\"lazy\" decoding=\"async\" width=\"150\" height=\"150\" src=\"http:\/\/rhoenklub-petersberg.de\/wp-content\/uploads\/2023\/12\/IMG-20231205-WA0008-150x150.jpg\" class=\"attachment-thumbnail size-thumbnail\" alt=\"\" \/><\/a>\n\t\t\t<\/div><\/figure><figure class='gallery-item'>\n\t\t\t<div class='gallery-icon portrait'>\n\t\t\t\t<a href='http:\/\/rhoenklub-petersberg.de\/index.php\/weihnachtsmarktfahrt\/img-20231205-wa0009\/'><img loading=\"lazy\" decoding=\"async\" width=\"150\" height=\"150\" src=\"http:\/\/rhoenklub-petersberg.de\/wp-content\/uploads\/2023\/12\/IMG-20231205-WA0009-150x150.jpg\" class=\"attachment-thumbnail size-thumbnail\" alt=\"\" \/><\/a>\n\t\t\t<\/div><\/figure><figure class='gallery-item'>\n\t\t\t<div class='gallery-icon portrait'>\n\t\t\t\t<a href='http:\/\/rhoenklub-petersberg.de\/index.php\/weihnachtsmarktfahrt\/img-20231205-wa0010\/'><img loading=\"lazy\" decoding=\"async\" width=\"150\" height=\"150\" src=\"http:\/\/rhoenklub-petersberg.de\/wp-content\/uploads\/2023\/12\/IMG-20231205-WA0010-150x150.jpg\" class=\"attachment-thumbnail size-thumbnail\" alt=\"\" \/><\/a>\n\t\t\t<\/div><\/figure><figure class='gallery-item'>\n\t\t\t<div class='gallery-icon portrait'>\n\t\t\t\t<a href='http:\/\/rhoenklub-petersberg.de\/index.php\/weihnachtsmarktfahrt\/img-20231205-wa0011\/'><img loading=\"lazy\" decoding=\"async\" width=\"150\" height=\"150\" src=\"http:\/\/rhoenklub-petersberg.de\/wp-content\/uploads\/2023\/12\/IMG-20231205-WA0011-150x150.jpg\" class=\"attachment-thumbnail size-thumbnail\" alt=\"\" \/><\/a>\n\t\t\t<\/div><\/figure><figure class='gallery-item'>\n\t\t\t<div class='gallery-icon portrait'>\n\t\t\t\t<a href='http:\/\/rhoenklub-petersberg.de\/index.php\/weihnachtsmarktfahrt\/img-20231205-wa0012\/'><img loading=\"lazy\" decoding=\"async\" width=\"150\" height=\"150\" src=\"http:\/\/rhoenklub-petersberg.de\/wp-content\/uploads\/2023\/12\/IMG-20231205-WA0012-150x150.jpg\" class=\"attachment-thumbnail size-thumbnail\" alt=\"\" \/><\/a>\n\t\t\t<\/div><\/figure><figure class='gallery-item'>\n\t\t\t<div class='gallery-icon landscape'>\n\t\t\t\t<a href='http:\/\/rhoenklub-petersberg.de\/index.php\/weihnachtsmarktfahrt\/img-20231205-wa0013\/'><img loading=\"lazy\" decoding=\"async\" width=\"150\" height=\"150\" src=\"http:\/\/rhoenklub-petersberg.de\/wp-content\/uploads\/2023\/12\/IMG-20231205-WA0013-150x150.jpg\" class=\"attachment-thumbnail size-thumbnail\" alt=\"\" \/><\/a>\n\t\t\t<\/div><\/figure><figure class='gallery-item'>\n\t\t\t<div class='gallery-icon landscape'>\n\t\t\t\t<a href='http:\/\/rhoenklub-petersberg.de\/index.php\/weihnachtsmarktfahrt\/img-20231205-wa0014\/'><img loading=\"lazy\" decoding=\"async\" width=\"150\" height=\"150\" src=\"http:\/\/rhoenklub-petersberg.de\/wp-content\/uploads\/2023\/12\/IMG-20231205-WA0014-150x150.jpg\" class=\"attachment-thumbnail size-thumbnail\" alt=\"\" \/><\/a>\n\t\t\t<\/div><\/figure><figure class='gallery-item'>\n\t\t\t<div class='gallery-icon portrait'>\n\t\t\t\t<a href='http:\/\/rhoenklub-petersberg.de\/index.php\/weihnachtsmarktfahrt\/img-20231205-wa0015\/'><img loading=\"lazy\" decoding=\"async\" width=\"150\" height=\"150\" src=\"http:\/\/rhoenklub-petersberg.de\/wp-content\/uploads\/2023\/12\/IMG-20231205-WA0015-150x150.jpg\" class=\"attachment-thumbnail size-thumbnail\" alt=\"\" \/><\/a>\n\t\t\t<\/div><\/figure><figure class='gallery-item'>\n\t\t\t<div class='gallery-icon landscape'>\n\t\t\t\t<a href='http:\/\/rhoenklub-petersberg.de\/index.php\/weihnachtsmarktfahrt\/img-20231205-wa0016\/'><img loading=\"lazy\" decoding=\"async\" width=\"150\" height=\"150\" src=\"http:\/\/rhoenklub-petersberg.de\/wp-content\/uploads\/2023\/12\/IMG-20231205-WA0016-150x150.jpg\" class=\"attachment-thumbnail size-thumbnail\" alt=\"\" \/><\/a>\n\t\t\t<\/div><\/figure><figure class='gallery-item'>\n\t\t\t<div class='gallery-icon portrait'>\n\t\t\t\t<a href='http:\/\/rhoenklub-petersberg.de\/index.php\/weihnachtsmarktfahrt\/img-20231205-wa0017\/'><img loading=\"lazy\" decoding=\"async\" width=\"150\" height=\"150\" src=\"http:\/\/rhoenklub-petersberg.de\/wp-content\/uploads\/2023\/12\/IMG-20231205-WA0017-150x150.jpg\" class=\"attachment-thumbnail size-thumbnail\" alt=\"\" \/><\/a>\n\t\t\t<\/div><\/figure><figure class='gallery-item'>\n\t\t\t<div class='gallery-icon landscape'>\n\t\t\t\t<a href='http:\/\/rhoenklub-petersberg.de\/index.php\/weihnachtsmarktfahrt\/img-20231205-wa0019\/'><img loading=\"lazy\" decoding=\"async\" width=\"150\" height=\"150\" src=\"http:\/\/rhoenklub-petersberg.de\/wp-content\/uploads\/2023\/12\/IMG-20231205-WA0019-150x150.jpg\" class=\"attachment-thumbnail size-thumbnail\" alt=\"\" \/><\/a>\n\t\t\t<\/div><\/figure><figure class='gallery-item'>\n\t\t\t<div class='gallery-icon portrait'>\n\t\t\t\t<a href='http:\/\/rhoenklub-petersberg.de\/index.php\/weihnachtsmarktfahrt\/img-20231205-wa0002\/'><img loading=\"lazy\" decoding=\"async\" width=\"150\" height=\"150\" src=\"http:\/\/rhoenklub-petersberg.de\/wp-content\/uploads\/2023\/12\/IMG-20231205-WA0002-150x150.jpg\" class=\"attachment-thumbnail size-thumbnail\" alt=\"\" \/><\/a>\n\t\t\t<\/div><\/figure><figure class='gallery-item'>\n\t\t\t<div class='gallery-icon landscape'>\n\t\t\t\t<a href='http:\/\/rhoenklub-petersberg.de\/index.php\/weihnachtsmarktfahrt\/img-20231205-wa0018\/'><img loading=\"lazy\" decoding=\"async\" width=\"150\" height=\"150\" src=\"http:\/\/rhoenklub-petersberg.de\/wp-content\/uploads\/2023\/12\/IMG-20231205-WA0018-150x150.jpg\" class=\"attachment-thumbnail size-thumbnail\" alt=\"\" \/><\/a>\n\t\t\t<\/div><\/figure><figure class='gallery-item'>\n\t\t\t<div class='gallery-icon portrait'>\n\t\t\t\t<a href='http:\/\/rhoenklub-petersberg.de\/index.php\/weihnachtsmarktfahrt\/img-20231205-wa0020\/'><img loading=\"lazy\" decoding=\"async\" width=\"150\" height=\"150\" src=\"http:\/\/rhoenklub-petersberg.de\/wp-content\/uploads\/2023\/12\/IMG-20231205-WA0020-150x150.jpg\" class=\"attachment-thumbnail size-thumbnail\" alt=\"\" \/><\/a>\n\t\t\t<\/div><\/figure><figure class='gallery-item'>\n\t\t\t<div class='gallery-icon portrait'>\n\t\t\t\t<a href='http:\/\/rhoenklub-petersberg.de\/index.php\/weihnachtsmarktfahrt\/img-20231205-wa0021\/'><img loading=\"lazy\" decoding=\"async\" width=\"150\" height=\"150\" src=\"http:\/\/rhoenklub-petersberg.de\/wp-content\/uploads\/2023\/12\/IMG-20231205-WA0021-150x150.jpg\" class=\"attachment-thumbnail size-thumbnail\" alt=\"\" \/><\/a>\n\t\t\t<\/div><\/figure>\n\t\t<\/div>\n\n","protected":false},"excerpt":{"rendered":"<p>Weihnachtsmarktfahrt nach R\u00fcdesheim am Rhein Am Samstag, den 02.12.2023, einem frostig, kalten Morgen, fanden sich am Petersberger Rathausplatz 45 freudige Gesichter ein, welche sich auf die diesj\u00e4hrige Weihnachtsmarktfahrt nach R\u00fcdesheim am Rhein aufmachten. Unser Busfahrer \u201eMike\u201c von der Firma Stumpf brachte uns sicher nach R\u00fcdesheim, wo wir gegen 10.15 Uhr an einem Parkplatz unser Fr\u00fchst\u00fcck &hellip; <a href=\"http:\/\/rhoenklub-petersberg.de\/index.php\/weihnachtsmarktfahrt\/\" class=\"more-link\"><span class=\"screen-reader-text\">Weihnachtsmarktfahrt<\/span> weiterlesen <span class=\"meta-nav\">&rarr;<\/span><\/a><\/p>\n","protected":false},"author":666667,"featured_media":0,"parent":0,"menu_order":0,"comment_status":"closed","ping_status":"closed","template":"","meta":{"footnotes":""},"class_list":["post-12409","page","type-page","status-publish","hentry"],"_links":{"self":[{"href":"http:\/\/rhoenklub-petersberg.de\/index.php\/wp-json\/wp\/v2\/pages\/12409","targetHints":{"allow":["GET"]}}],"collection":[{"href":"http:\/\/rhoenklub-petersberg.de\/index.php\/wp-json\/wp\/v2\/pages"}],"about":[{"href":"http:\/\/rhoenklub-petersberg.de\/index.php\/wp-json\/wp\/v2\/types\/page"}],"author":[{"embeddable":true,"href":"http:\/\/rhoenklub-petersberg.de\/index.php\/wp-json\/wp\/v2\/users\/666667"}],"replies":[{"embeddable":true,"href":"http:\/\/rhoenklub-petersberg.de\/index.php\/wp-json\/wp\/v2\/comments?post=12409"}],"version-history":[{"count":0,"href":"http:\/\/rhoenklub-petersberg.de\/index.php\/wp-json\/wp\/v2\/pages\/12409\/revisions"}],"wp:attachment":[{"href":"http:\/\/rhoenklub-petersberg.de\/index.php\/wp-json\/wp\/v2\/media?parent=12409"}],"curies":[{"name":"wp","href":"https:\/\/api.w.org\/{rel}","templated":true}]}}