{"id":12300,"date":"2023-10-02T10:12:39","date_gmt":"2023-10-02T10:12:39","guid":{"rendered":"http:\/\/rhoenklub-petersberg.de\/?page_id=12300"},"modified":"2023-10-02T10:12:39","modified_gmt":"2023-10-02T10:12:39","slug":"apfelpressen","status":"publish","type":"page","link":"http:\/\/rhoenklub-petersberg.de\/index.php\/apfelpressen\/","title":{"rendered":"Apfelpressen"},"content":{"rendered":"<p align=\"center\"><span style=\"font-family: Arial Rounded MT Bold, sans-serif;\"><span style=\"font-size: x-large;\"><u>Apfelsaftherstellung am 23. Sept <\/u><\/span><\/span><\/p>\n<p align=\"center\">\n<p><span style=\"font-family: Arial Rounded MT Bold, sans-serif;\"><span style=\"font-size: large;\">Bei herrlichstem Sonnenschein haben wir mit den Rh\u00f6nklubkinder an der Rh\u00f6nklubh\u00fctte Petersberg Apfelsaft selbst hergestellt.<\/span><\/span><\/p>\n<p><span style=\"font-family: Arial Rounded MT Bold, sans-serif;\"><span style=\"font-size: large;\">Aus einem gut gef\u00fcllten Anh\u00e4nger, voller gespendeter \u00c4pfel aus der Region, haben wir insgesamt ca. 200 Liter naturtr\u00fcben, leckeren Apfelsaft gewonnen.<\/span><\/span><\/p>\n<p><span style=\"font-family: Arial Rounded MT Bold, sans-serif;\"><span style=\"font-size: large;\">Der Einsatz der Kinder war gro\u00df und beim Waschen, Zerkleinern und Pressen der \u00c4pfel hatten alle gro\u00dfen Spa\u00df.<\/span><\/span><\/p>\n<p><span style=\"font-family: Arial Rounded MT Bold, sans-serif;\"><span style=\"font-size: large;\">Zur Haltbarkeit wurde der Saft erhitzt und jeweils zu 5 Litern und 3 Litern abgef\u00fcllt und jede Familie bekam den selbst hergestellten Saft zum Genie\u00dfen mit nach Hause.<\/span><\/span><\/p>\n<p><span style=\"font-family: Arial Rounded MT Bold, sans-serif;\"><span style=\"font-size: large;\">Nach getaner Arbeit haben wir den Tag ausklingen lassen bei leckerer Apfelschorle, Waffeln am Stiel und Grillw\u00fcrstchen.<\/span><\/span><\/p>\n<p><span style=\"font-family: Arial Rounded MT Bold, sans-serif;\"><span style=\"font-size: large;\">Es war ein wundersch\u00f6ner Tag mit reger Teilnahme der Rh\u00f6nklubkinder und ihren Familien.<\/span><\/span><\/p>\n<p><span style=\"font-family: Arial Rounded MT Bold, sans-serif;\"><span style=\"font-size: large;\">Wir bedanken uns ganz herzlich bei allen Spendern und Helfern, die uns diesen Tag erm\u00f6glicht haben.<\/span><\/span><\/p>\n<p><span style=\"font-family: Arial Rounded MT Bold, sans-serif;\"><span style=\"font-size: large;\">Wir freuen uns auf weitere sch\u00f6ne Aktionstage mit den Rh\u00f6nklubkindern.<\/span><\/span><\/p>\n<p>&nbsp;<\/p>\n<p align=\"center\"><span style=\"font-family: Arial Rounded MT Bold, sans-serif;\"><span style=\"font-size: large;\">Frisch auf, eure Jugendwartinnen<\/span><\/span><\/p>\n<p align=\"center\"><span style=\"font-family: Arial Rounded MT Bold, sans-serif;\"><span style=\"font-size: large;\">Ann-Kristin Leipold &amp; Daniela V\u00f6ller<\/span><\/span><\/p>\n<p align=\"center\">\n<div id='gallery-1' class='gallery galleryid-12300 gallery-columns-5 gallery-size-thumbnail'><figure class='gallery-item'>\n\t\t\t<div class='gallery-icon landscape'>\n\t\t\t\t<a href='http:\/\/rhoenklub-petersberg.de\/index.php\/apfelpressen\/img-20231002-wa0001\/'><img loading=\"lazy\" decoding=\"async\" width=\"150\" height=\"150\" src=\"http:\/\/rhoenklub-petersberg.de\/wp-content\/uploads\/2023\/10\/IMG-20231002-WA0001-150x150.jpg\" class=\"attachment-thumbnail size-thumbnail\" alt=\"\" \/><\/a>\n\t\t\t<\/div><\/figure><figure class='gallery-item'>\n\t\t\t<div class='gallery-icon portrait'>\n\t\t\t\t<a href='http:\/\/rhoenklub-petersberg.de\/index.php\/apfelpressen\/img-20231002-wa0002\/'><img loading=\"lazy\" decoding=\"async\" width=\"150\" height=\"150\" src=\"http:\/\/rhoenklub-petersberg.de\/wp-content\/uploads\/2023\/10\/IMG-20231002-WA0002-150x150.jpg\" class=\"attachment-thumbnail size-thumbnail\" alt=\"\" \/><\/a>\n\t\t\t<\/div><\/figure><figure class='gallery-item'>\n\t\t\t<div class='gallery-icon landscape'>\n\t\t\t\t<a href='http:\/\/rhoenklub-petersberg.de\/index.php\/apfelpressen\/img-20231002-wa0003\/'><img loading=\"lazy\" decoding=\"async\" width=\"150\" height=\"150\" src=\"http:\/\/rhoenklub-petersberg.de\/wp-content\/uploads\/2023\/10\/IMG-20231002-WA0003-150x150.jpg\" class=\"attachment-thumbnail size-thumbnail\" alt=\"\" \/><\/a>\n\t\t\t<\/div><\/figure><figure class='gallery-item'>\n\t\t\t<div class='gallery-icon portrait'>\n\t\t\t\t<a href='http:\/\/rhoenklub-petersberg.de\/index.php\/apfelpressen\/img-20231002-wa0004\/'><img loading=\"lazy\" decoding=\"async\" width=\"150\" height=\"150\" src=\"http:\/\/rhoenklub-petersberg.de\/wp-content\/uploads\/2023\/10\/IMG-20231002-WA0004-150x150.jpg\" class=\"attachment-thumbnail size-thumbnail\" alt=\"\" \/><\/a>\n\t\t\t<\/div><\/figure><figure class='gallery-item'>\n\t\t\t<div class='gallery-icon landscape'>\n\t\t\t\t<a href='http:\/\/rhoenklub-petersberg.de\/index.php\/apfelpressen\/img-20231002-wa0005\/'><img loading=\"lazy\" decoding=\"async\" width=\"150\" height=\"150\" src=\"http:\/\/rhoenklub-petersberg.de\/wp-content\/uploads\/2023\/10\/IMG-20231002-WA0005-150x150.jpg\" class=\"attachment-thumbnail size-thumbnail\" alt=\"\" \/><\/a>\n\t\t\t<\/div><\/figure><figure class='gallery-item'>\n\t\t\t<div class='gallery-icon portrait'>\n\t\t\t\t<a href='http:\/\/rhoenklub-petersberg.de\/index.php\/apfelpressen\/img-20231002-wa0006\/'><img loading=\"lazy\" decoding=\"async\" width=\"150\" height=\"150\" src=\"http:\/\/rhoenklub-petersberg.de\/wp-content\/uploads\/2023\/10\/IMG-20231002-WA0006-150x150.jpg\" class=\"attachment-thumbnail size-thumbnail\" alt=\"\" \/><\/a>\n\t\t\t<\/div><\/figure><figure class='gallery-item'>\n\t\t\t<div class='gallery-icon landscape'>\n\t\t\t\t<a href='http:\/\/rhoenklub-petersberg.de\/index.php\/apfelpressen\/img-20231002-wa0007\/'><img loading=\"lazy\" decoding=\"async\" width=\"150\" height=\"150\" src=\"http:\/\/rhoenklub-petersberg.de\/wp-content\/uploads\/2023\/10\/IMG-20231002-WA0007-150x150.jpg\" class=\"attachment-thumbnail size-thumbnail\" alt=\"\" \/><\/a>\n\t\t\t<\/div><\/figure><figure class='gallery-item'>\n\t\t\t<div class='gallery-icon landscape'>\n\t\t\t\t<a href='http:\/\/rhoenklub-petersberg.de\/index.php\/apfelpressen\/img-20231002-wa0008\/'><img loading=\"lazy\" decoding=\"async\" width=\"150\" height=\"150\" src=\"http:\/\/rhoenklub-petersberg.de\/wp-content\/uploads\/2023\/10\/IMG-20231002-WA0008-150x150.jpg\" class=\"attachment-thumbnail size-thumbnail\" alt=\"\" \/><\/a>\n\t\t\t<\/div><\/figure><figure class='gallery-item'>\n\t\t\t<div class='gallery-icon landscape'>\n\t\t\t\t<a href='http:\/\/rhoenklub-petersberg.de\/index.php\/apfelpressen\/img-20231002-wa0009\/'><img loading=\"lazy\" decoding=\"async\" width=\"150\" height=\"150\" src=\"http:\/\/rhoenklub-petersberg.de\/wp-content\/uploads\/2023\/10\/IMG-20231002-WA0009-150x150.jpg\" class=\"attachment-thumbnail size-thumbnail\" alt=\"\" \/><\/a>\n\t\t\t<\/div><\/figure><figure class='gallery-item'>\n\t\t\t<div class='gallery-icon landscape'>\n\t\t\t\t<a href='http:\/\/rhoenklub-petersberg.de\/index.php\/apfelpressen\/img-20231002-wa0010\/'><img loading=\"lazy\" decoding=\"async\" width=\"150\" height=\"150\" src=\"http:\/\/rhoenklub-petersberg.de\/wp-content\/uploads\/2023\/10\/IMG-20231002-WA0010-150x150.jpg\" class=\"attachment-thumbnail size-thumbnail\" alt=\"\" \/><\/a>\n\t\t\t<\/div><\/figure><figure class='gallery-item'>\n\t\t\t<div class='gallery-icon portrait'>\n\t\t\t\t<a href='http:\/\/rhoenklub-petersberg.de\/index.php\/apfelpressen\/img-20231002-wa0011\/'><img loading=\"lazy\" decoding=\"async\" width=\"150\" height=\"150\" src=\"http:\/\/rhoenklub-petersberg.de\/wp-content\/uploads\/2023\/10\/IMG-20231002-WA0011-150x150.jpg\" class=\"attachment-thumbnail size-thumbnail\" alt=\"\" \/><\/a>\n\t\t\t<\/div><\/figure><figure class='gallery-item'>\n\t\t\t<div class='gallery-icon portrait'>\n\t\t\t\t<a href='http:\/\/rhoenklub-petersberg.de\/index.php\/apfelpressen\/img-20231002-wa0012\/'><img loading=\"lazy\" decoding=\"async\" width=\"150\" height=\"150\" src=\"http:\/\/rhoenklub-petersberg.de\/wp-content\/uploads\/2023\/10\/IMG-20231002-WA0012-150x150.jpg\" class=\"attachment-thumbnail size-thumbnail\" alt=\"\" \/><\/a>\n\t\t\t<\/div><\/figure><figure class='gallery-item'>\n\t\t\t<div class='gallery-icon landscape'>\n\t\t\t\t<a href='http:\/\/rhoenklub-petersberg.de\/index.php\/apfelpressen\/img-20231002-wa0013\/'><img loading=\"lazy\" decoding=\"async\" width=\"150\" height=\"150\" src=\"http:\/\/rhoenklub-petersberg.de\/wp-content\/uploads\/2023\/10\/IMG-20231002-WA0013-150x150.jpg\" class=\"attachment-thumbnail size-thumbnail\" alt=\"\" \/><\/a>\n\t\t\t<\/div><\/figure><figure class='gallery-item'>\n\t\t\t<div class='gallery-icon landscape'>\n\t\t\t\t<a href='http:\/\/rhoenklub-petersberg.de\/index.php\/apfelpressen\/img-20231002-wa0014\/'><img loading=\"lazy\" decoding=\"async\" width=\"150\" height=\"150\" src=\"http:\/\/rhoenklub-petersberg.de\/wp-content\/uploads\/2023\/10\/IMG-20231002-WA0014-150x150.jpg\" class=\"attachment-thumbnail size-thumbnail\" alt=\"\" \/><\/a>\n\t\t\t<\/div><\/figure><figure class='gallery-item'>\n\t\t\t<div class='gallery-icon landscape'>\n\t\t\t\t<a href='http:\/\/rhoenklub-petersberg.de\/index.php\/apfelpressen\/img-20231002-wa0015\/'><img loading=\"lazy\" decoding=\"async\" width=\"150\" height=\"150\" src=\"http:\/\/rhoenklub-petersberg.de\/wp-content\/uploads\/2023\/10\/IMG-20231002-WA0015-150x150.jpg\" class=\"attachment-thumbnail size-thumbnail\" alt=\"\" \/><\/a>\n\t\t\t<\/div><\/figure><figure class='gallery-item'>\n\t\t\t<div class='gallery-icon portrait'>\n\t\t\t\t<a href='http:\/\/rhoenklub-petersberg.de\/index.php\/apfelpressen\/img-20231002-wa0016\/'><img loading=\"lazy\" decoding=\"async\" width=\"150\" height=\"150\" src=\"http:\/\/rhoenklub-petersberg.de\/wp-content\/uploads\/2023\/10\/IMG-20231002-WA0016-150x150.jpg\" class=\"attachment-thumbnail size-thumbnail\" alt=\"\" \/><\/a>\n\t\t\t<\/div><\/figure><figure class='gallery-item'>\n\t\t\t<div class='gallery-icon portrait'>\n\t\t\t\t<a href='http:\/\/rhoenklub-petersberg.de\/index.php\/apfelpressen\/img-20231002-wa0017\/'><img loading=\"lazy\" decoding=\"async\" width=\"150\" height=\"150\" src=\"http:\/\/rhoenklub-petersberg.de\/wp-content\/uploads\/2023\/10\/IMG-20231002-WA0017-150x150.jpg\" class=\"attachment-thumbnail size-thumbnail\" alt=\"\" \/><\/a>\n\t\t\t<\/div><\/figure><figure class='gallery-item'>\n\t\t\t<div class='gallery-icon landscape'>\n\t\t\t\t<a href='http:\/\/rhoenklub-petersberg.de\/index.php\/apfelpressen\/img-20231002-wa0018\/'><img loading=\"lazy\" decoding=\"async\" width=\"150\" height=\"150\" src=\"http:\/\/rhoenklub-petersberg.de\/wp-content\/uploads\/2023\/10\/IMG-20231002-WA0018-150x150.jpg\" class=\"attachment-thumbnail size-thumbnail\" alt=\"\" \/><\/a>\n\t\t\t<\/div><\/figure><figure class='gallery-item'>\n\t\t\t<div class='gallery-icon landscape'>\n\t\t\t\t<a href='http:\/\/rhoenklub-petersberg.de\/index.php\/apfelpressen\/img-20231002-wa0019\/'><img loading=\"lazy\" decoding=\"async\" width=\"150\" height=\"150\" src=\"http:\/\/rhoenklub-petersberg.de\/wp-content\/uploads\/2023\/10\/IMG-20231002-WA0019-150x150.jpg\" class=\"attachment-thumbnail size-thumbnail\" alt=\"\" \/><\/a>\n\t\t\t<\/div><\/figure><figure class='gallery-item'>\n\t\t\t<div class='gallery-icon landscape'>\n\t\t\t\t<a href='http:\/\/rhoenklub-petersberg.de\/index.php\/apfelpressen\/img-20231002-wa0020\/'><img loading=\"lazy\" decoding=\"async\" width=\"150\" height=\"150\" src=\"http:\/\/rhoenklub-petersberg.de\/wp-content\/uploads\/2023\/10\/IMG-20231002-WA0020-150x150.jpg\" class=\"attachment-thumbnail size-thumbnail\" alt=\"\" \/><\/a>\n\t\t\t<\/div><\/figure><figure class='gallery-item'>\n\t\t\t<div class='gallery-icon portrait'>\n\t\t\t\t<a href='http:\/\/rhoenklub-petersberg.de\/index.php\/apfelpressen\/img-20231002-wa0021\/'><img loading=\"lazy\" decoding=\"async\" width=\"150\" height=\"150\" src=\"http:\/\/rhoenklub-petersberg.de\/wp-content\/uploads\/2023\/10\/IMG-20231002-WA0021-150x150.jpg\" class=\"attachment-thumbnail size-thumbnail\" alt=\"\" \/><\/a>\n\t\t\t<\/div><\/figure><figure class='gallery-item'>\n\t\t\t<div class='gallery-icon landscape'>\n\t\t\t\t<a href='http:\/\/rhoenklub-petersberg.de\/index.php\/apfelpressen\/img-20231002-wa0022\/'><img loading=\"lazy\" decoding=\"async\" width=\"150\" height=\"150\" src=\"http:\/\/rhoenklub-petersberg.de\/wp-content\/uploads\/2023\/10\/IMG-20231002-WA0022-150x150.jpg\" class=\"attachment-thumbnail size-thumbnail\" alt=\"\" \/><\/a>\n\t\t\t<\/div><\/figure><figure class='gallery-item'>\n\t\t\t<div class='gallery-icon portrait'>\n\t\t\t\t<a href='http:\/\/rhoenklub-petersberg.de\/index.php\/apfelpressen\/img-20231002-wa0023\/'><img loading=\"lazy\" decoding=\"async\" width=\"150\" height=\"150\" src=\"http:\/\/rhoenklub-petersberg.de\/wp-content\/uploads\/2023\/10\/IMG-20231002-WA0023-150x150.jpg\" class=\"attachment-thumbnail size-thumbnail\" alt=\"\" \/><\/a>\n\t\t\t<\/div><\/figure><figure class='gallery-item'>\n\t\t\t<div class='gallery-icon landscape'>\n\t\t\t\t<a href='http:\/\/rhoenklub-petersberg.de\/index.php\/apfelpressen\/img-20231002-wa0024\/'><img loading=\"lazy\" decoding=\"async\" width=\"150\" height=\"150\" src=\"http:\/\/rhoenklub-petersberg.de\/wp-content\/uploads\/2023\/10\/IMG-20231002-WA0024-150x150.jpg\" class=\"attachment-thumbnail size-thumbnail\" alt=\"\" \/><\/a>\n\t\t\t<\/div><\/figure><figure class='gallery-item'>\n\t\t\t<div class='gallery-icon portrait'>\n\t\t\t\t<a href='http:\/\/rhoenklub-petersberg.de\/index.php\/apfelpressen\/img-20231002-wa0025\/'><img loading=\"lazy\" decoding=\"async\" width=\"150\" height=\"150\" src=\"http:\/\/rhoenklub-petersberg.de\/wp-content\/uploads\/2023\/10\/IMG-20231002-WA0025-150x150.jpg\" class=\"attachment-thumbnail size-thumbnail\" alt=\"\" \/><\/a>\n\t\t\t<\/div><\/figure>\n\t\t<\/div>\n\n","protected":false},"excerpt":{"rendered":"<p>Apfelsaftherstellung am 23. Sept Bei herrlichstem Sonnenschein haben wir mit den Rh\u00f6nklubkinder an der Rh\u00f6nklubh\u00fctte Petersberg Apfelsaft selbst hergestellt. Aus einem gut gef\u00fcllten Anh\u00e4nger, voller gespendeter \u00c4pfel aus der Region, haben wir insgesamt ca. 200 Liter naturtr\u00fcben, leckeren Apfelsaft gewonnen. Der Einsatz der Kinder war gro\u00df und beim Waschen, Zerkleinern und Pressen der \u00c4pfel hatten &hellip; <a href=\"http:\/\/rhoenklub-petersberg.de\/index.php\/apfelpressen\/\" class=\"more-link\"><span class=\"screen-reader-text\">Apfelpressen<\/span> weiterlesen <span class=\"meta-nav\">&rarr;<\/span><\/a><\/p>\n","protected":false},"author":666667,"featured_media":0,"parent":0,"menu_order":0,"comment_status":"closed","ping_status":"closed","template":"","meta":{"footnotes":""},"class_list":["post-12300","page","type-page","status-publish","hentry"],"_links":{"self":[{"href":"http:\/\/rhoenklub-petersberg.de\/index.php\/wp-json\/wp\/v2\/pages\/12300","targetHints":{"allow":["GET"]}}],"collection":[{"href":"http:\/\/rhoenklub-petersberg.de\/index.php\/wp-json\/wp\/v2\/pages"}],"about":[{"href":"http:\/\/rhoenklub-petersberg.de\/index.php\/wp-json\/wp\/v2\/types\/page"}],"author":[{"embeddable":true,"href":"http:\/\/rhoenklub-petersberg.de\/index.php\/wp-json\/wp\/v2\/users\/666667"}],"replies":[{"embeddable":true,"href":"http:\/\/rhoenklub-petersberg.de\/index.php\/wp-json\/wp\/v2\/comments?post=12300"}],"version-history":[{"count":0,"href":"http:\/\/rhoenklub-petersberg.de\/index.php\/wp-json\/wp\/v2\/pages\/12300\/revisions"}],"wp:attachment":[{"href":"http:\/\/rhoenklub-petersberg.de\/index.php\/wp-json\/wp\/v2\/media?parent=12300"}],"curies":[{"name":"wp","href":"https:\/\/api.w.org\/{rel}","templated":true}]}}