{"id":12177,"date":"2023-08-14T16:48:14","date_gmt":"2023-08-14T16:48:14","guid":{"rendered":"http:\/\/rhoenklub-petersberg.de\/?page_id=12177"},"modified":"2023-09-06T10:22:50","modified_gmt":"2023-09-06T10:22:50","slug":"sommerfest-2023","status":"publish","type":"page","link":"http:\/\/rhoenklub-petersberg.de\/index.php\/sommerfest-2023\/","title":{"rendered":"Sommerfest 2023"},"content":{"rendered":"<div id='gallery-1' class='gallery galleryid-12177 gallery-columns-4 gallery-size-thumbnail'><figure class='gallery-item'>\n\t\t\t<div class='gallery-icon portrait'>\n\t\t\t\t<a href='http:\/\/rhoenklub-petersberg.de\/index.php\/sommerfest-2023\/img-20230805-wa0010\/'><img loading=\"lazy\" decoding=\"async\" width=\"150\" height=\"150\" src=\"http:\/\/rhoenklub-petersberg.de\/wp-content\/uploads\/2023\/08\/IMG-20230805-WA0010-150x150.jpg\" class=\"attachment-thumbnail size-thumbnail\" alt=\"\" \/><\/a>\n\t\t\t<\/div><\/figure><figure class='gallery-item'>\n\t\t\t<div class='gallery-icon portrait'>\n\t\t\t\t<a href='http:\/\/rhoenklub-petersberg.de\/index.php\/sommerfest-2023\/img-20230805-wa0003\/'><img loading=\"lazy\" decoding=\"async\" width=\"150\" height=\"150\" src=\"http:\/\/rhoenklub-petersberg.de\/wp-content\/uploads\/2023\/08\/IMG-20230805-WA0003-150x150.jpg\" class=\"attachment-thumbnail size-thumbnail\" alt=\"\" \/><\/a>\n\t\t\t<\/div><\/figure><figure class='gallery-item'>\n\t\t\t<div class='gallery-icon landscape'>\n\t\t\t\t<a href='http:\/\/rhoenklub-petersberg.de\/index.php\/sommerfest-2023\/img-20230805-wa0004\/'><img loading=\"lazy\" decoding=\"async\" width=\"150\" height=\"150\" src=\"http:\/\/rhoenklub-petersberg.de\/wp-content\/uploads\/2023\/08\/IMG-20230805-WA0004-150x150.jpg\" class=\"attachment-thumbnail size-thumbnail\" alt=\"\" \/><\/a>\n\t\t\t<\/div><\/figure><figure class='gallery-item'>\n\t\t\t<div class='gallery-icon portrait'>\n\t\t\t\t<a href='http:\/\/rhoenklub-petersberg.de\/index.php\/sommerfest-2023\/img-20230805-wa0005\/'><img loading=\"lazy\" decoding=\"async\" width=\"150\" height=\"150\" src=\"http:\/\/rhoenklub-petersberg.de\/wp-content\/uploads\/2023\/08\/IMG-20230805-WA0005-150x150.jpg\" class=\"attachment-thumbnail size-thumbnail\" alt=\"\" \/><\/a>\n\t\t\t<\/div><\/figure><figure class='gallery-item'>\n\t\t\t<div class='gallery-icon landscape'>\n\t\t\t\t<a href='http:\/\/rhoenklub-petersberg.de\/index.php\/sommerfest-2023\/img-20230805-wa0006\/'><img loading=\"lazy\" decoding=\"async\" width=\"150\" height=\"150\" src=\"http:\/\/rhoenklub-petersberg.de\/wp-content\/uploads\/2023\/08\/IMG-20230805-WA0006-150x150.jpg\" class=\"attachment-thumbnail size-thumbnail\" alt=\"\" \/><\/a>\n\t\t\t<\/div><\/figure><figure class='gallery-item'>\n\t\t\t<div class='gallery-icon portrait'>\n\t\t\t\t<a href='http:\/\/rhoenklub-petersberg.de\/index.php\/sommerfest-2023\/img-20230805-wa0007\/'><img loading=\"lazy\" decoding=\"async\" width=\"150\" height=\"150\" src=\"http:\/\/rhoenklub-petersberg.de\/wp-content\/uploads\/2023\/08\/IMG-20230805-WA0007-150x150.jpg\" class=\"attachment-thumbnail size-thumbnail\" alt=\"\" \/><\/a>\n\t\t\t<\/div><\/figure><figure class='gallery-item'>\n\t\t\t<div class='gallery-icon landscape'>\n\t\t\t\t<a href='http:\/\/rhoenklub-petersberg.de\/index.php\/sommerfest-2023\/img-20230805-wa0008\/'><img loading=\"lazy\" decoding=\"async\" width=\"150\" height=\"150\" src=\"http:\/\/rhoenklub-petersberg.de\/wp-content\/uploads\/2023\/08\/IMG-20230805-WA0008-150x150.jpg\" class=\"attachment-thumbnail size-thumbnail\" alt=\"\" \/><\/a>\n\t\t\t<\/div><\/figure><figure class='gallery-item'>\n\t\t\t<div class='gallery-icon landscape'>\n\t\t\t\t<a href='http:\/\/rhoenklub-petersberg.de\/index.php\/sommerfest-2023\/img-20230805-wa0009\/'><img loading=\"lazy\" decoding=\"async\" width=\"150\" height=\"150\" src=\"http:\/\/rhoenklub-petersberg.de\/wp-content\/uploads\/2023\/08\/IMG-20230805-WA0009-150x150.jpg\" class=\"attachment-thumbnail size-thumbnail\" alt=\"\" \/><\/a>\n\t\t\t<\/div><\/figure>\n\t\t<\/div>\n\n<p><span style=\"font-family: Arial, serif;\"><span style=\"font-size: medium;\">Das traditionelle Sommerfest des Rh\u00f6nklub Zweigvereins Petersberg <\/span><\/span><span style=\"font-family: Arial, serif;\"><span style=\"font-size: medium;\">wurde diesmal in Verbindung mit dem 75 j\u00e4hrigen Jubil\u00e4um 3 Tage lang <\/span><\/span><span style=\"font-family: Arial, serif;\"><span style=\"font-size: medium;\">vom 05. &#8211; 07. August<\/span><\/span><span style=\"font-family: Arial, serif;\"><span style=\"font-size: medium;\"> gefeiert . <\/span><\/span><\/p>\n<p><span style=\"font-family: Arial, serif;\"><span style=\"font-size: medium;\">Der 1. Vorsitzende Andreas Leipold konnte G\u00e4ste der Partnervereine aus Niesig und Breitungen sowie Wanderer de<\/span><\/span><span style=\"font-family: Arial, serif;\"><span style=\"font-size: medium;\">s<\/span><\/span><span style=\"font-family: Arial, serif;\"><span style=\"font-size: medium;\"> befreundeten Rh\u00f6nklub Zweigverein aus Bachrain begr\u00fc\u00dfen. <\/span><\/span><\/p>\n<p><span style=\"font-family: Arial, serif;\"><span style=\"font-size: medium;\">Das Fest startete am Samstag um 17.00 Uhr. Es gab Steaks und W\u00fcrstchen mit Pommes vom Grill, Gyros Pfanne mit Champignons und H\u00f6ppkartoffeln. Um 20 Uhr spielten dann \u201eDie Feten-Buben\u201c auf und sorgten f\u00fcr sehr viel Stimmung. Bis weit nach Mitternacht wurde getanzt und gefeiert.<\/span><\/span><\/p>\n<p>&nbsp;<\/p>\n<p>Samstagabend: 05.08. :<\/p>\n<div id='gallery-2' class='gallery galleryid-12177 gallery-columns-4 gallery-size-thumbnail'><figure class='gallery-item'>\n\t\t\t<div class='gallery-icon landscape'>\n\t\t\t\t<a href='http:\/\/rhoenklub-petersberg.de\/index.php\/sommerfest-2023\/20230814_183349\/'><img loading=\"lazy\" decoding=\"async\" width=\"150\" height=\"150\" src=\"http:\/\/rhoenklub-petersberg.de\/wp-content\/uploads\/2023\/08\/20230814_183349-150x150.jpg\" class=\"attachment-thumbnail size-thumbnail\" alt=\"\" aria-describedby=\"gallery-2-12178\" srcset=\"http:\/\/rhoenklub-petersberg.de\/wp-content\/uploads\/2023\/08\/20230814_183349-150x150.jpg 150w, http:\/\/rhoenklub-petersberg.de\/wp-content\/uploads\/2023\/08\/20230814_183349-300x300.jpg 300w, http:\/\/rhoenklub-petersberg.de\/wp-content\/uploads\/2023\/08\/20230814_183349-1024x1024.jpg 1024w, http:\/\/rhoenklub-petersberg.de\/wp-content\/uploads\/2023\/08\/20230814_183349-768x768.jpg 768w, http:\/\/rhoenklub-petersberg.de\/wp-content\/uploads\/2023\/08\/20230814_183349-1536x1536.jpg 1536w, http:\/\/rhoenklub-petersberg.de\/wp-content\/uploads\/2023\/08\/20230814_183349-2048x2048.jpg 2048w, http:\/\/rhoenklub-petersberg.de\/wp-content\/uploads\/2023\/08\/20230814_183349-scaled-e1692031444952.jpg 1750w\" sizes=\"auto, (max-width: 150px) 100vw, 150px\" \/><\/a>\n\t\t\t<\/div>\n\t\t\t\t<figcaption class='wp-caption-text gallery-caption' id='gallery-2-12178'>\n\t\t\t\tRh\u00f6nklub Niesig\n\t\t\t\t<\/figcaption><\/figure><figure class='gallery-item'>\n\t\t\t<div class='gallery-icon landscape'>\n\t\t\t\t<a href='http:\/\/rhoenklub-petersberg.de\/index.php\/sommerfest-2023\/20230814_183710\/'><img loading=\"lazy\" decoding=\"async\" width=\"150\" height=\"150\" src=\"http:\/\/rhoenklub-petersberg.de\/wp-content\/uploads\/2023\/08\/20230814_183710-150x150.jpg\" class=\"attachment-thumbnail size-thumbnail\" alt=\"\" srcset=\"http:\/\/rhoenklub-petersberg.de\/wp-content\/uploads\/2023\/08\/20230814_183710-150x150.jpg 150w, http:\/\/rhoenklub-petersberg.de\/wp-content\/uploads\/2023\/08\/20230814_183710-300x300.jpg 300w, http:\/\/rhoenklub-petersberg.de\/wp-content\/uploads\/2023\/08\/20230814_183710-1024x1024.jpg 1024w, http:\/\/rhoenklub-petersberg.de\/wp-content\/uploads\/2023\/08\/20230814_183710-768x768.jpg 768w, http:\/\/rhoenklub-petersberg.de\/wp-content\/uploads\/2023\/08\/20230814_183710-1536x1536.jpg 1536w, http:\/\/rhoenklub-petersberg.de\/wp-content\/uploads\/2023\/08\/20230814_183710-2048x2048.jpg 2048w, http:\/\/rhoenklub-petersberg.de\/wp-content\/uploads\/2023\/08\/20230814_183710-scaled-e1692031463103.jpg 1750w\" sizes=\"auto, (max-width: 150px) 100vw, 150px\" \/><\/a>\n\t\t\t<\/div><\/figure><figure class='gallery-item'>\n\t\t\t<div class='gallery-icon landscape'>\n\t\t\t\t<a href='http:\/\/rhoenklub-petersberg.de\/index.php\/sommerfest-2023\/20230814_184134\/'><img loading=\"lazy\" decoding=\"async\" width=\"150\" height=\"150\" src=\"http:\/\/rhoenklub-petersberg.de\/wp-content\/uploads\/2023\/08\/20230814_184134-150x150.jpg\" class=\"attachment-thumbnail size-thumbnail\" alt=\"\" srcset=\"http:\/\/rhoenklub-petersberg.de\/wp-content\/uploads\/2023\/08\/20230814_184134-150x150.jpg 150w, http:\/\/rhoenklub-petersberg.de\/wp-content\/uploads\/2023\/08\/20230814_184134-300x300.jpg 300w, http:\/\/rhoenklub-petersberg.de\/wp-content\/uploads\/2023\/08\/20230814_184134-1024x1024.jpg 1024w, http:\/\/rhoenklub-petersberg.de\/wp-content\/uploads\/2023\/08\/20230814_184134-768x768.jpg 768w, http:\/\/rhoenklub-petersberg.de\/wp-content\/uploads\/2023\/08\/20230814_184134-1536x1536.jpg 1536w, http:\/\/rhoenklub-petersberg.de\/wp-content\/uploads\/2023\/08\/20230814_184134-2048x2048.jpg 2048w, http:\/\/rhoenklub-petersberg.de\/wp-content\/uploads\/2023\/08\/20230814_184134-scaled-e1692031481333.jpg 1750w\" sizes=\"auto, (max-width: 150px) 100vw, 150px\" \/><\/a>\n\t\t\t<\/div><\/figure><figure class='gallery-item'>\n\t\t\t<div class='gallery-icon portrait'>\n\t\t\t\t<a href='http:\/\/rhoenklub-petersberg.de\/index.php\/sommerfest-2023\/img-20230806-wa0002\/'><img loading=\"lazy\" decoding=\"async\" width=\"150\" height=\"150\" src=\"http:\/\/rhoenklub-petersberg.de\/wp-content\/uploads\/2023\/08\/IMG-20230806-WA0002-150x150.jpg\" class=\"attachment-thumbnail size-thumbnail\" alt=\"\" aria-describedby=\"gallery-2-12181\" \/><\/a>\n\t\t\t<\/div>\n\t\t\t\t<figcaption class='wp-caption-text gallery-caption' id='gallery-2-12181'>\n\t\t\t\tVolki in Hochform\n\t\t\t\t<\/figcaption><\/figure>\n\t\t<\/div>\n\n<p><span style=\"font-family: Arial, serif;\"><span style=\"font-size: medium;\">Am Sonntag, den <\/span><\/span> <span style=\"font-family: Arial, serif;\"><span style=\"font-size: medium;\">06. Aug. fand ein kleiner Festakt statt.<\/span><\/span><span style=\"font-family: Arial, serif;\"><span style=\"font-size: medium;\"> Der Pr\u00e4sident des Hauptvorstandes<\/span><\/span> <span style=\"font-family: Arial, serif;\"><span style=\"font-size: medium;\">J\u00fcrgen Reinhard sowie der Regionalvorsitzende Philipp Jahn , B\u00fcrgermeister Carsten Fro\u00df , Ortsvorsteher Peter Scheel <\/span><\/span><span style=\"font-family: Arial, serif;\"><span style=\"font-size: medium;\">richteten kurze Gru\u00df und Dankesworte an den Verein. <\/span><\/span><span style=\"font-family: Arial, serif;\"><span style=\"font-size: medium;\">Der 1. Vors. Rochus M\u00fcller vom Partnerverein Breitungen \u00fcberreichte dem 1. Vorsitzenden Andreas Leipold als Andenken einen Mispelbaum, der am n\u00e4chsten Tag auch gleich eingepflanzt wurde. A<\/span><\/span><span style=\"font-family: Arial, serif;\"><span style=\"font-size: medium;\">m Ende<\/span><\/span> <span style=\"font-family: Arial, serif;\"><span style=\"font-size: medium;\">des <\/span><\/span><span style=\"font-family: Arial, serif;\"><span style=\"font-size: medium;\">Festaktes wurden die diesj\u00e4hrigen Jubilare geehrt. F\u00fcr 75 Jahre Wigbert Bug, der leider nicht kommen konnte, f\u00fcr 65 Jahre Gisela Sch\u00e4fer, f\u00fcr 50 Jahre Fritz Kramer und Anneliese Spahn , f\u00fcr 40 Jahre Harald und Marlies Peil , 25 Jahre Gerhard und Elvira Beck, sowie Oscar Goebel, Ruthard Wolz , FelixGaul , Georg Gaul, Thomas M\u00fcller und Ulrich Kr\u00e4mer.<\/span><\/span><\/p>\n<p><span style=\"font-family: Arial, serif;\"><span style=\"font-size: medium;\">Anschlie\u00dfend st\u00e4rkte man sich mit einem leckeren Essen und verbrachte noch ein paar gem\u00fctliche Stunden auf der Rauschenbergh\u00fctte.<\/span><\/span><\/p>\n<p>&nbsp;<\/p>\n<div id='gallery-3' class='gallery galleryid-12177 gallery-columns-2 gallery-size-thumbnail'><figure class='gallery-item'>\n\t\t\t<div class='gallery-icon landscape'>\n\t\t\t\t<a href='http:\/\/rhoenklub-petersberg.de\/index.php\/sommerfest-2023\/20230815_093511\/'><img loading=\"lazy\" decoding=\"async\" width=\"150\" height=\"150\" src=\"http:\/\/rhoenklub-petersberg.de\/wp-content\/uploads\/2023\/08\/20230815_093511-150x150.jpg\" class=\"attachment-thumbnail size-thumbnail\" alt=\"\" srcset=\"http:\/\/rhoenklub-petersberg.de\/wp-content\/uploads\/2023\/08\/20230815_093511-150x150.jpg 150w, http:\/\/rhoenklub-petersberg.de\/wp-content\/uploads\/2023\/08\/20230815_093511-300x300.jpg 300w, http:\/\/rhoenklub-petersberg.de\/wp-content\/uploads\/2023\/08\/20230815_093511-1024x1024.jpg 1024w, http:\/\/rhoenklub-petersberg.de\/wp-content\/uploads\/2023\/08\/20230815_093511-768x768.jpg 768w, http:\/\/rhoenklub-petersberg.de\/wp-content\/uploads\/2023\/08\/20230815_093511-1536x1536.jpg 1536w, http:\/\/rhoenklub-petersberg.de\/wp-content\/uploads\/2023\/08\/20230815_093511-2048x2048.jpg 2048w, http:\/\/rhoenklub-petersberg.de\/wp-content\/uploads\/2023\/08\/20230815_093511-scaled-e1692274264331.jpg 1750w\" sizes=\"auto, (max-width: 150px) 100vw, 150px\" \/><\/a>\n\t\t\t<\/div><\/figure><figure class='gallery-item'>\n\t\t\t<div class='gallery-icon landscape'>\n\t\t\t\t<a href='http:\/\/rhoenklub-petersberg.de\/index.php\/sommerfest-2023\/20230815_094021\/'><img loading=\"lazy\" decoding=\"async\" width=\"150\" height=\"150\" src=\"http:\/\/rhoenklub-petersberg.de\/wp-content\/uploads\/2023\/08\/20230815_094021-150x150.jpg\" class=\"attachment-thumbnail size-thumbnail\" alt=\"\" srcset=\"http:\/\/rhoenklub-petersberg.de\/wp-content\/uploads\/2023\/08\/20230815_094021-150x150.jpg 150w, http:\/\/rhoenklub-petersberg.de\/wp-content\/uploads\/2023\/08\/20230815_094021-300x300.jpg 300w, http:\/\/rhoenklub-petersberg.de\/wp-content\/uploads\/2023\/08\/20230815_094021-1024x1024.jpg 1024w, http:\/\/rhoenklub-petersberg.de\/wp-content\/uploads\/2023\/08\/20230815_094021-768x768.jpg 768w, http:\/\/rhoenklub-petersberg.de\/wp-content\/uploads\/2023\/08\/20230815_094021-1536x1536.jpg 1536w, http:\/\/rhoenklub-petersberg.de\/wp-content\/uploads\/2023\/08\/20230815_094021-2048x2048.jpg 2048w, http:\/\/rhoenklub-petersberg.de\/wp-content\/uploads\/2023\/08\/20230815_094021-scaled-e1692274282868.jpg 1750w\" sizes=\"auto, (max-width: 150px) 100vw, 150px\" \/><\/a>\n\t\t\t<\/div><\/figure>\n\t\t<\/div>\n\n<p><strong>Sonntagmorgen 06.08.\u00a0\u00a0 u.a.\u00a0 \u00a0 Ehrungen der Jubilare<\/strong><\/p>\n<p>Sonntagmittag: Kinderbelustigung mit circus ikarus<\/p>\n<div id='gallery-4' class='gallery galleryid-12177 gallery-columns-3 gallery-size-thumbnail'><figure class='gallery-item'>\n\t\t\t<div class='gallery-icon landscape'>\n\t\t\t\t<a href='http:\/\/rhoenklub-petersberg.de\/index.php\/sommerfest-2023\/img-20230807-wa0010\/'><img loading=\"lazy\" decoding=\"async\" width=\"150\" height=\"150\" src=\"http:\/\/rhoenklub-petersberg.de\/wp-content\/uploads\/2023\/08\/IMG-20230807-WA0010-150x150.jpg\" class=\"attachment-thumbnail size-thumbnail\" alt=\"\" \/><\/a>\n\t\t\t<\/div><\/figure><figure class='gallery-item'>\n\t\t\t<div class='gallery-icon landscape'>\n\t\t\t\t<a href='http:\/\/rhoenklub-petersberg.de\/index.php\/sommerfest-2023\/img-20230807-wa0011\/'><img loading=\"lazy\" decoding=\"async\" width=\"150\" height=\"150\" src=\"http:\/\/rhoenklub-petersberg.de\/wp-content\/uploads\/2023\/08\/IMG-20230807-WA0011-150x150.jpg\" class=\"attachment-thumbnail size-thumbnail\" alt=\"\" \/><\/a>\n\t\t\t<\/div><\/figure><figure class='gallery-item'>\n\t\t\t<div class='gallery-icon portrait'>\n\t\t\t\t<a href='http:\/\/rhoenklub-petersberg.de\/index.php\/sommerfest-2023\/img-20230807-wa0012\/'><img loading=\"lazy\" decoding=\"async\" width=\"150\" height=\"150\" src=\"http:\/\/rhoenklub-petersberg.de\/wp-content\/uploads\/2023\/08\/IMG-20230807-WA0012-150x150.jpg\" class=\"attachment-thumbnail size-thumbnail\" alt=\"\" \/><\/a>\n\t\t\t<\/div><\/figure><figure class='gallery-item'>\n\t\t\t<div class='gallery-icon portrait'>\n\t\t\t\t<a href='http:\/\/rhoenklub-petersberg.de\/index.php\/sommerfest-2023\/img-20230807-wa0013\/'><img loading=\"lazy\" decoding=\"async\" width=\"150\" height=\"150\" src=\"http:\/\/rhoenklub-petersberg.de\/wp-content\/uploads\/2023\/08\/IMG-20230807-WA0013-150x150.jpg\" class=\"attachment-thumbnail size-thumbnail\" alt=\"\" \/><\/a>\n\t\t\t<\/div><\/figure><figure class='gallery-item'>\n\t\t\t<div class='gallery-icon portrait'>\n\t\t\t\t<a href='http:\/\/rhoenklub-petersberg.de\/index.php\/sommerfest-2023\/img-20230807-wa0014\/'><img loading=\"lazy\" decoding=\"async\" width=\"150\" height=\"150\" src=\"http:\/\/rhoenklub-petersberg.de\/wp-content\/uploads\/2023\/08\/IMG-20230807-WA0014-150x150.jpg\" class=\"attachment-thumbnail size-thumbnail\" alt=\"\" \/><\/a>\n\t\t\t<\/div><\/figure><figure class='gallery-item'>\n\t\t\t<div class='gallery-icon landscape'>\n\t\t\t\t<a href='http:\/\/rhoenklub-petersberg.de\/index.php\/sommerfest-2023\/img-20230807-wa0015\/'><img loading=\"lazy\" decoding=\"async\" width=\"150\" height=\"150\" src=\"http:\/\/rhoenklub-petersberg.de\/wp-content\/uploads\/2023\/08\/IMG-20230807-WA0015-150x150.jpg\" class=\"attachment-thumbnail size-thumbnail\" alt=\"\" \/><\/a>\n\t\t\t<\/div><\/figure>\n\t\t<\/div>\n\n<p>Sonntag Mittag<\/p>\n<div id='gallery-5' class='gallery galleryid-12177 gallery-columns-1 gallery-size-thumbnail'><figure class='gallery-item'>\n\t\t\t<div class='gallery-icon landscape'>\n\t\t\t\t<a href='http:\/\/rhoenklub-petersberg.de\/index.php\/sommerfest-2023\/20230815_094624\/'><img loading=\"lazy\" decoding=\"async\" width=\"150\" height=\"150\" src=\"http:\/\/rhoenklub-petersberg.de\/wp-content\/uploads\/2023\/08\/20230815_094624-150x150.jpg\" class=\"attachment-thumbnail size-thumbnail\" alt=\"\" srcset=\"http:\/\/rhoenklub-petersberg.de\/wp-content\/uploads\/2023\/08\/20230815_094624-150x150.jpg 150w, http:\/\/rhoenklub-petersberg.de\/wp-content\/uploads\/2023\/08\/20230815_094624-300x300.jpg 300w, http:\/\/rhoenklub-petersberg.de\/wp-content\/uploads\/2023\/08\/20230815_094624-1024x1024.jpg 1024w, http:\/\/rhoenklub-petersberg.de\/wp-content\/uploads\/2023\/08\/20230815_094624-768x768.jpg 768w, http:\/\/rhoenklub-petersberg.de\/wp-content\/uploads\/2023\/08\/20230815_094624-1536x1536.jpg 1536w, http:\/\/rhoenklub-petersberg.de\/wp-content\/uploads\/2023\/08\/20230815_094624-2048x2048.jpg 2048w, http:\/\/rhoenklub-petersberg.de\/wp-content\/uploads\/2023\/08\/20230815_094624-scaled-e1692355709181.jpg 1750w\" sizes=\"auto, (max-width: 150px) 100vw, 150px\" \/><\/a>\n\t\t\t<\/div><\/figure>\n\t\t<\/div>\n\n<p><span style=\"font-family: Arial, serif;\"><span style=\"font-size: medium;\">F\u00fcr die allerbeste Stimmung sorgten am Montag Abend zum Haxe und Kesselfleischessen die \u201eFidelen Biebertaler\u201c. Hier wurde geschunkelt und getanzt<\/span><\/span><\/p>\n<p><span style=\"font-family: Arial, serif;\"><span style=\"font-size: medium;\">und die Stimmung stieg von Stunde zu Stunde.<\/span><\/span><\/p>\n<p><span style=\"font-family: Arial, serif;\"><span style=\"font-size: medium;\">Alles in allem waren die 3 Tage trotz des nicht so tollen Wetters gelungen.<\/span><\/span><\/p>\n<p>&nbsp;<\/p>\n<div id='gallery-6' class='gallery galleryid-12177 gallery-columns-2 gallery-size-thumbnail'><figure class='gallery-item'>\n\t\t\t<div class='gallery-icon landscape'>\n\t\t\t\t<a href='http:\/\/rhoenklub-petersberg.de\/index.php\/sommerfest-2023\/20230815_094804\/'><img loading=\"lazy\" decoding=\"async\" width=\"150\" height=\"150\" src=\"http:\/\/rhoenklub-petersberg.de\/wp-content\/uploads\/2023\/08\/20230815_094804-150x150.jpg\" class=\"attachment-thumbnail size-thumbnail\" alt=\"\" srcset=\"http:\/\/rhoenklub-petersberg.de\/wp-content\/uploads\/2023\/08\/20230815_094804-150x150.jpg 150w, http:\/\/rhoenklub-petersberg.de\/wp-content\/uploads\/2023\/08\/20230815_094804-300x300.jpg 300w, http:\/\/rhoenklub-petersberg.de\/wp-content\/uploads\/2023\/08\/20230815_094804-1024x1024.jpg 1024w, http:\/\/rhoenklub-petersberg.de\/wp-content\/uploads\/2023\/08\/20230815_094804-768x768.jpg 768w, http:\/\/rhoenklub-petersberg.de\/wp-content\/uploads\/2023\/08\/20230815_094804-1536x1536.jpg 1536w, http:\/\/rhoenklub-petersberg.de\/wp-content\/uploads\/2023\/08\/20230815_094804-2048x2048.jpg 2048w, http:\/\/rhoenklub-petersberg.de\/wp-content\/uploads\/2023\/08\/20230815_094804-scaled-e1692355622895.jpg 1750w\" sizes=\"auto, (max-width: 150px) 100vw, 150px\" \/><\/a>\n\t\t\t<\/div><\/figure><figure class='gallery-item'>\n\t\t\t<div class='gallery-icon landscape'>\n\t\t\t\t<a href='http:\/\/rhoenklub-petersberg.de\/index.php\/sommerfest-2023\/20230815_094945\/'><img loading=\"lazy\" decoding=\"async\" width=\"150\" height=\"150\" src=\"http:\/\/rhoenklub-petersberg.de\/wp-content\/uploads\/2023\/08\/20230815_094945-150x150.jpg\" class=\"attachment-thumbnail size-thumbnail\" alt=\"\" srcset=\"http:\/\/rhoenklub-petersberg.de\/wp-content\/uploads\/2023\/08\/20230815_094945-150x150.jpg 150w, http:\/\/rhoenklub-petersberg.de\/wp-content\/uploads\/2023\/08\/20230815_094945-300x300.jpg 300w, http:\/\/rhoenklub-petersberg.de\/wp-content\/uploads\/2023\/08\/20230815_094945-1024x1024.jpg 1024w, http:\/\/rhoenklub-petersberg.de\/wp-content\/uploads\/2023\/08\/20230815_094945-768x768.jpg 768w, http:\/\/rhoenklub-petersberg.de\/wp-content\/uploads\/2023\/08\/20230815_094945-1536x1536.jpg 1536w, http:\/\/rhoenklub-petersberg.de\/wp-content\/uploads\/2023\/08\/20230815_094945-2048x2048.jpg 2048w, http:\/\/rhoenklub-petersberg.de\/wp-content\/uploads\/2023\/08\/20230815_094945-scaled-e1692355644283.jpg 1750w\" sizes=\"auto, (max-width: 150px) 100vw, 150px\" \/><\/a>\n\t\t\t<\/div><\/figure>\n\t\t<\/div>\n\n<p><strong>J\u00fcngstes Mitglied:<\/strong><\/p>\n<div id='gallery-7' class='gallery galleryid-12177 gallery-columns-1 gallery-size-thumbnail'><figure class='gallery-item'>\n\t\t\t<div class='gallery-icon landscape'>\n\t\t\t\t<a href='http:\/\/rhoenklub-petersberg.de\/index.php\/sommerfest-2023\/img-20230807-wa0022\/'><img loading=\"lazy\" decoding=\"async\" width=\"150\" height=\"150\" src=\"http:\/\/rhoenklub-petersberg.de\/wp-content\/uploads\/2023\/08\/IMG-20230807-WA0022-150x150.jpg\" class=\"attachment-thumbnail size-thumbnail\" alt=\"\" aria-describedby=\"gallery-7-12209\" \/><\/a>\n\t\t\t<\/div>\n\t\t\t\t<figcaption class='wp-caption-text gallery-caption' id='gallery-7-12209'>\n\t\t\t\tNoch kein Jahr \n\t\t\t\t<\/figcaption><\/figure>\n\t\t<\/div>\n\n<p><strong>Dienstag morgen: Mispelbaumpflanzung<\/strong><\/p>\n<div id='gallery-8' class='gallery galleryid-12177 gallery-columns-1 gallery-size-thumbnail'><figure class='gallery-item'>\n\t\t\t<div class='gallery-icon landscape'>\n\t\t\t\t<a href='http:\/\/rhoenklub-petersberg.de\/index.php\/sommerfest-2023\/20230815_095146\/'><img loading=\"lazy\" decoding=\"async\" width=\"150\" height=\"150\" src=\"http:\/\/rhoenklub-petersberg.de\/wp-content\/uploads\/2023\/08\/20230815_095146-150x150.jpg\" class=\"attachment-thumbnail size-thumbnail\" alt=\"\" srcset=\"http:\/\/rhoenklub-petersberg.de\/wp-content\/uploads\/2023\/08\/20230815_095146-150x150.jpg 150w, http:\/\/rhoenklub-petersberg.de\/wp-content\/uploads\/2023\/08\/20230815_095146-300x300.jpg 300w, http:\/\/rhoenklub-petersberg.de\/wp-content\/uploads\/2023\/08\/20230815_095146-1024x1024.jpg 1024w, http:\/\/rhoenklub-petersberg.de\/wp-content\/uploads\/2023\/08\/20230815_095146-768x768.jpg 768w, http:\/\/rhoenklub-petersberg.de\/wp-content\/uploads\/2023\/08\/20230815_095146-1536x1536.jpg 1536w, http:\/\/rhoenklub-petersberg.de\/wp-content\/uploads\/2023\/08\/20230815_095146-2048x2048.jpg 2048w, http:\/\/rhoenklub-petersberg.de\/wp-content\/uploads\/2023\/08\/20230815_095146-scaled-e1692359481138.jpg 1750w\" sizes=\"auto, (max-width: 150px) 100vw, 150px\" \/><\/a>\n\t\t\t<\/div><\/figure>\n\t\t<\/div>\n\n<p><span style=\"font-family: Arial, serif;\"><span style=\"font-size: medium;\">Der 1. Vorsitzende Andreas Leipold dankt im Namen des Vorstandes allen flei\u00dfigen Helferinnen und Helfern f\u00fcr ihre Unterst\u00fctzung beim Ausrichten eines rundum gelungenen Festes.<\/span><\/span><\/p>\n","protected":false},"excerpt":{"rendered":"<p>Das traditionelle Sommerfest des Rh\u00f6nklub Zweigvereins Petersberg wurde diesmal in Verbindung mit dem 75 j\u00e4hrigen Jubil\u00e4um 3 Tage lang vom 05. &#8211; 07. August gefeiert . Der 1. Vorsitzende Andreas Leipold konnte G\u00e4ste der Partnervereine aus Niesig und Breitungen sowie Wanderer des befreundeten Rh\u00f6nklub Zweigverein aus Bachrain begr\u00fc\u00dfen. Das Fest startete am Samstag um 17.00 &hellip; <a href=\"http:\/\/rhoenklub-petersberg.de\/index.php\/sommerfest-2023\/\" class=\"more-link\"><span class=\"screen-reader-text\">Sommerfest 2023<\/span> weiterlesen <span class=\"meta-nav\">&rarr;<\/span><\/a><\/p>\n","protected":false},"author":666667,"featured_media":0,"parent":0,"menu_order":0,"comment_status":"closed","ping_status":"closed","template":"","meta":{"footnotes":""},"class_list":["post-12177","page","type-page","status-publish","hentry"],"_links":{"self":[{"href":"http:\/\/rhoenklub-petersberg.de\/index.php\/wp-json\/wp\/v2\/pages\/12177","targetHints":{"allow":["GET"]}}],"collection":[{"href":"http:\/\/rhoenklub-petersberg.de\/index.php\/wp-json\/wp\/v2\/pages"}],"about":[{"href":"http:\/\/rhoenklub-petersberg.de\/index.php\/wp-json\/wp\/v2\/types\/page"}],"author":[{"embeddable":true,"href":"http:\/\/rhoenklub-petersberg.de\/index.php\/wp-json\/wp\/v2\/users\/666667"}],"replies":[{"embeddable":true,"href":"http:\/\/rhoenklub-petersberg.de\/index.php\/wp-json\/wp\/v2\/comments?post=12177"}],"version-history":[{"count":0,"href":"http:\/\/rhoenklub-petersberg.de\/index.php\/wp-json\/wp\/v2\/pages\/12177\/revisions"}],"wp:attachment":[{"href":"http:\/\/rhoenklub-petersberg.de\/index.php\/wp-json\/wp\/v2\/media?parent=12177"}],"curies":[{"name":"wp","href":"https:\/\/api.w.org\/{rel}","templated":true}]}}