{"id":12071,"date":"2023-07-12T16:21:34","date_gmt":"2023-07-12T16:21:34","guid":{"rendered":"http:\/\/rhoenklub-petersberg.de\/?page_id=12071"},"modified":"2023-07-12T16:21:34","modified_gmt":"2023-07-12T16:21:34","slug":"bierwanderung-4","status":"publish","type":"page","link":"http:\/\/rhoenklub-petersberg.de\/index.php\/bierwanderung-4\/","title":{"rendered":"Bierwanderung"},"content":{"rendered":"<p class=\"western\"><span style=\"font-size: medium;\">Hei\u00df ersehnt war sie endlich da &#8211; die diesj\u00e4hrige Bierwanderung um Traisbach. Und &#8222;hei\u00df&#8220; zog es sich durch den ganzen Tag. <\/span><\/p>\n<p><span style=\"font-size: medium;\">In Traisbach starteten um 16:00 Uhr &#8222;nur&#8220; 20 Wander-, Rad- und Trinkfreunde mit guter Laune und gro\u00dfem Durst. Die erste Etappe ging m\u00fchselig bergauf, aber man war ja noch frisch und die Aussicht auf ein kaltes Frischgezapftes lie\u00df uns z\u00fcgig vorankommen. Nach einer Bierl\u00e4nge ging es weiter zur n\u00e4chsten Etappe, die schon im Tal sichtbar war. Dort erwartete uns neben k\u00fchlen Getr\u00e4nken auch eine Grillstation mit Rh\u00f6ner Schwartemagen-Burgern, die gern angenommen wurden. In einem Pool konnten sich Kinder, Hunde und auch erwachsene Wanderer abk\u00fchlen. Erfrischt und gest\u00e4rkt ging es weiter zur n\u00e4chsten Station. Allmus. <\/span><\/p>\n<p><span style=\"font-size: medium;\">Die Pl\u00e4tze um die Kastanie im sch\u00f6nen Biergarten waren voll besetzt, der Grill und die Biertheke stark frequentiert. Auf das erste Bier folgte das zweite, das dritte und man h\u00f6rte auf zu z\u00e4hlen. Irgendwann musste die Tour fortgesetzt werden und letztendlich folgten wir unserem Wanderf\u00fchrer Martin M\u00fcller widerstandslos. Unter gl\u00fchender Sonne liefen wir das n\u00e4chste St\u00fcck \u00fcber den Radweg Richtung Traisbach. Zum Gl\u00fcck gab es noch eine Zwischenstation mit guter Musik und dem n\u00e4chsten Frischgezapften, Softgetr\u00e4nken und auch Kirschkernschn\u00e4psen. Der Weg ist das Ziel und es war bereits in Sicht, so dass wir gegen 20:30 Uhr die Festhalle Merz erreichten. Dort wurden wir empfangen mit Grill, Getr\u00e4nken und Musik. <\/span><\/p>\n<p><span style=\"font-size: medium;\">Am Ende hat unser Team den 4. Platz des Tages erreicht und wir erhielten als Preis ein Dutzend Bierkr\u00fcge, die &#8211; danke Martin! &#8211; einmal bef\u00fcllt wurden. Mit guter Laune und Partystimmung mit den &#8222;Fetenbuben&#8220; lie\u00dfen wir den Abend gesellig ausklingen und freuen uns auf das n\u00e4chste Jahr, mit hoffentlich wieder zahlreicherem Erscheinen und Blick auf den 1. Platz.<\/span><\/p>\n<div id='gallery-1' class='gallery galleryid-12071 gallery-columns-2 gallery-size-thumbnail'><figure class='gallery-item'>\n\t\t\t<div class='gallery-icon portrait'>\n\t\t\t\t<a href='http:\/\/rhoenklub-petersberg.de\/index.php\/bierwanderung-4\/20230708_162419\/'><img loading=\"lazy\" decoding=\"async\" width=\"150\" height=\"150\" src=\"http:\/\/rhoenklub-petersberg.de\/wp-content\/uploads\/2023\/07\/20230708_162419-scaled-e1689178610813-150x150.jpg\" class=\"attachment-thumbnail size-thumbnail\" alt=\"\" \/><\/a>\n\t\t\t<\/div><\/figure><figure class='gallery-item'>\n\t\t\t<div class='gallery-icon portrait'>\n\t\t\t\t<a href='http:\/\/rhoenklub-petersberg.de\/index.php\/bierwanderung-4\/20230708_162442\/'><img loading=\"lazy\" decoding=\"async\" width=\"150\" height=\"150\" src=\"http:\/\/rhoenklub-petersberg.de\/wp-content\/uploads\/2023\/07\/20230708_162442-scaled-e1689178633124-150x150.jpg\" class=\"attachment-thumbnail size-thumbnail\" alt=\"\" \/><\/a>\n\t\t\t<\/div><\/figure><figure class='gallery-item'>\n\t\t\t<div class='gallery-icon portrait'>\n\t\t\t\t<a href='http:\/\/rhoenklub-petersberg.de\/index.php\/bierwanderung-4\/20230708_162800\/'><img loading=\"lazy\" decoding=\"async\" width=\"150\" height=\"150\" src=\"http:\/\/rhoenklub-petersberg.de\/wp-content\/uploads\/2023\/07\/20230708_162800-scaled-e1689178657712-150x150.jpg\" class=\"attachment-thumbnail size-thumbnail\" alt=\"\" \/><\/a>\n\t\t\t<\/div><\/figure><figure class='gallery-item'>\n\t\t\t<div class='gallery-icon portrait'>\n\t\t\t\t<a href='http:\/\/rhoenklub-petersberg.de\/index.php\/bierwanderung-4\/20230708_204533\/'><img loading=\"lazy\" decoding=\"async\" width=\"150\" height=\"150\" src=\"http:\/\/rhoenklub-petersberg.de\/wp-content\/uploads\/2023\/07\/20230708_204533-scaled-e1689178675420-150x150.jpg\" class=\"attachment-thumbnail size-thumbnail\" alt=\"\" \/><\/a>\n\t\t\t<\/div><\/figure><figure class='gallery-item'>\n\t\t\t<div class='gallery-icon landscape'>\n\t\t\t\t<a href='http:\/\/rhoenklub-petersberg.de\/index.php\/bierwanderung-4\/20230708_205118\/'><img loading=\"lazy\" decoding=\"async\" width=\"150\" height=\"150\" src=\"http:\/\/rhoenklub-petersberg.de\/wp-content\/uploads\/2023\/07\/20230708_205118-scaled-e1689178689394-150x150.jpg\" class=\"attachment-thumbnail size-thumbnail\" alt=\"\" \/><\/a>\n\t\t\t<\/div><\/figure><figure class='gallery-item'>\n\t\t\t<div class='gallery-icon portrait'>\n\t\t\t\t<a href='http:\/\/rhoenklub-petersberg.de\/index.php\/bierwanderung-4\/20230708_213904\/'><img loading=\"lazy\" decoding=\"async\" width=\"150\" height=\"150\" src=\"http:\/\/rhoenklub-petersberg.de\/wp-content\/uploads\/2023\/07\/20230708_213904-scaled-e1689178833157-150x150.jpg\" class=\"attachment-thumbnail size-thumbnail\" alt=\"\" \/><\/a>\n\t\t\t<\/div><\/figure><figure class='gallery-item'>\n\t\t\t<div class='gallery-icon portrait'>\n\t\t\t\t<a href='http:\/\/rhoenklub-petersberg.de\/index.php\/bierwanderung-4\/20230708_215156\/'><img loading=\"lazy\" decoding=\"async\" width=\"150\" height=\"150\" src=\"http:\/\/rhoenklub-petersberg.de\/wp-content\/uploads\/2023\/07\/20230708_215156-scaled-e1689178850700-150x150.jpg\" class=\"attachment-thumbnail size-thumbnail\" alt=\"\" \/><\/a>\n\t\t\t<\/div><\/figure>\n\t\t<\/div>\n\n","protected":false},"excerpt":{"rendered":"<p>Hei\u00df ersehnt war sie endlich da &#8211; die diesj\u00e4hrige Bierwanderung um Traisbach. Und &#8222;hei\u00df&#8220; zog es sich durch den ganzen Tag. In Traisbach starteten um 16:00 Uhr &#8222;nur&#8220; 20 Wander-, Rad- und Trinkfreunde mit guter Laune und gro\u00dfem Durst. Die erste Etappe ging m\u00fchselig bergauf, aber man war ja noch frisch und die Aussicht auf &hellip; <a href=\"http:\/\/rhoenklub-petersberg.de\/index.php\/bierwanderung-4\/\" class=\"more-link\"><span class=\"screen-reader-text\">Bierwanderung<\/span> weiterlesen <span class=\"meta-nav\">&rarr;<\/span><\/a><\/p>\n","protected":false},"author":666667,"featured_media":0,"parent":0,"menu_order":0,"comment_status":"closed","ping_status":"closed","template":"","meta":{"footnotes":""},"class_list":["post-12071","page","type-page","status-publish","hentry"],"_links":{"self":[{"href":"http:\/\/rhoenklub-petersberg.de\/index.php\/wp-json\/wp\/v2\/pages\/12071","targetHints":{"allow":["GET"]}}],"collection":[{"href":"http:\/\/rhoenklub-petersberg.de\/index.php\/wp-json\/wp\/v2\/pages"}],"about":[{"href":"http:\/\/rhoenklub-petersberg.de\/index.php\/wp-json\/wp\/v2\/types\/page"}],"author":[{"embeddable":true,"href":"http:\/\/rhoenklub-petersberg.de\/index.php\/wp-json\/wp\/v2\/users\/666667"}],"replies":[{"embeddable":true,"href":"http:\/\/rhoenklub-petersberg.de\/index.php\/wp-json\/wp\/v2\/comments?post=12071"}],"version-history":[{"count":0,"href":"http:\/\/rhoenklub-petersberg.de\/index.php\/wp-json\/wp\/v2\/pages\/12071\/revisions"}],"wp:attachment":[{"href":"http:\/\/rhoenklub-petersberg.de\/index.php\/wp-json\/wp\/v2\/media?parent=12071"}],"curies":[{"name":"wp","href":"https:\/\/api.w.org\/{rel}","templated":true}]}}