{"id":11568,"date":"2022-12-11T10:46:10","date_gmt":"2022-12-11T10:46:10","guid":{"rendered":"http:\/\/rhoenklub-petersberg.de\/?page_id=11568"},"modified":"2022-12-11T10:46:10","modified_gmt":"2022-12-11T10:46:10","slug":"nikolauswanderung-4","status":"publish","type":"page","link":"http:\/\/rhoenklub-petersberg.de\/index.php\/nikolauswanderung-4\/","title":{"rendered":"Nikolauswanderung"},"content":{"rendered":"<p><i>Bericht von unserem Mitglied Annette Schwab:<\/i><\/p>\n<p>Am Dienstag den 6. Dezember trafen sich die Senioren zur Nikolauswanderung rund um den Rauschenberg . Danach ging es in die wundersch\u00f6n dekorierte Rauschenbergh\u00fctte.<\/p>\n<p>Dort verbrachten wir bei Kerzenschein einen sch\u00f6nen adventlichen Nachmittag mit Kaffee, Kuchen, sangen Adventslieder und lauschten dem Text von der wundersch\u00f6nen kleinen Insel.<\/p>\n<div id='gallery-1' class='gallery galleryid-11568 gallery-columns-2 gallery-size-thumbnail'><figure class='gallery-item'>\n\t\t\t<div class='gallery-icon landscape'>\n\t\t\t\t<a href='http:\/\/rhoenklub-petersberg.de\/index.php\/nikolauswanderung-4\/img-20221210-wa0001\/'><img loading=\"lazy\" decoding=\"async\" width=\"150\" height=\"150\" src=\"http:\/\/rhoenklub-petersberg.de\/wp-content\/uploads\/2022\/12\/IMG-20221210-WA0001-150x150.jpg\" class=\"attachment-thumbnail size-thumbnail\" alt=\"\" \/><\/a>\n\t\t\t<\/div><\/figure><figure class='gallery-item'>\n\t\t\t<div class='gallery-icon landscape'>\n\t\t\t\t<a href='http:\/\/rhoenklub-petersberg.de\/index.php\/nikolauswanderung-4\/20221211_103602\/'><img loading=\"lazy\" decoding=\"async\" width=\"150\" height=\"150\" src=\"http:\/\/rhoenklub-petersberg.de\/wp-content\/uploads\/2022\/12\/20221211_103602-150x150.jpg\" class=\"attachment-thumbnail size-thumbnail\" alt=\"\" \/><\/a>\n\t\t\t<\/div><\/figure><figure class='gallery-item'>\n\t\t\t<div class='gallery-icon landscape'>\n\t\t\t\t<a href='http:\/\/rhoenklub-petersberg.de\/index.php\/nikolauswanderung-4\/20221211_103634\/'><img loading=\"lazy\" decoding=\"async\" width=\"150\" height=\"150\" src=\"http:\/\/rhoenklub-petersberg.de\/wp-content\/uploads\/2022\/12\/20221211_103634-150x150.jpg\" class=\"attachment-thumbnail size-thumbnail\" alt=\"\" \/><\/a>\n\t\t\t<\/div><\/figure><figure class='gallery-item'>\n\t\t\t<div class='gallery-icon landscape'>\n\t\t\t\t<a href='http:\/\/rhoenklub-petersberg.de\/index.php\/nikolauswanderung-4\/20221211_103756\/'><img loading=\"lazy\" decoding=\"async\" width=\"150\" height=\"150\" src=\"http:\/\/rhoenklub-petersberg.de\/wp-content\/uploads\/2022\/12\/20221211_103756-150x150.jpg\" class=\"attachment-thumbnail size-thumbnail\" alt=\"\" \/><\/a>\n\t\t\t<\/div><\/figure><figure class='gallery-item'>\n\t\t\t<div class='gallery-icon portrait'>\n\t\t\t\t<a href='http:\/\/rhoenklub-petersberg.de\/index.php\/nikolauswanderung-4\/20221211_103716\/'><img loading=\"lazy\" decoding=\"async\" width=\"150\" height=\"150\" src=\"http:\/\/rhoenklub-petersberg.de\/wp-content\/uploads\/2022\/12\/20221211_103716-150x150.jpg\" class=\"attachment-thumbnail size-thumbnail\" alt=\"\" \/><\/a>\n\t\t\t<\/div><\/figure>\n\t\t<\/div>\n\n","protected":false},"excerpt":{"rendered":"<p>Bericht von unserem Mitglied Annette Schwab: Am Dienstag den 6. Dezember trafen sich die Senioren zur Nikolauswanderung rund um den Rauschenberg . Danach ging es in die wundersch\u00f6n dekorierte Rauschenbergh\u00fctte. Dort verbrachten wir bei Kerzenschein einen sch\u00f6nen adventlichen Nachmittag mit Kaffee, Kuchen, sangen Adventslieder und lauschten dem Text von der wundersch\u00f6nen kleinen Insel.<\/p>\n","protected":false},"author":666667,"featured_media":0,"parent":0,"menu_order":0,"comment_status":"closed","ping_status":"closed","template":"","meta":{"footnotes":""},"class_list":["post-11568","page","type-page","status-publish","hentry"],"_links":{"self":[{"href":"http:\/\/rhoenklub-petersberg.de\/index.php\/wp-json\/wp\/v2\/pages\/11568","targetHints":{"allow":["GET"]}}],"collection":[{"href":"http:\/\/rhoenklub-petersberg.de\/index.php\/wp-json\/wp\/v2\/pages"}],"about":[{"href":"http:\/\/rhoenklub-petersberg.de\/index.php\/wp-json\/wp\/v2\/types\/page"}],"author":[{"embeddable":true,"href":"http:\/\/rhoenklub-petersberg.de\/index.php\/wp-json\/wp\/v2\/users\/666667"}],"replies":[{"embeddable":true,"href":"http:\/\/rhoenklub-petersberg.de\/index.php\/wp-json\/wp\/v2\/comments?post=11568"}],"version-history":[{"count":0,"href":"http:\/\/rhoenklub-petersberg.de\/index.php\/wp-json\/wp\/v2\/pages\/11568\/revisions"}],"wp:attachment":[{"href":"http:\/\/rhoenklub-petersberg.de\/index.php\/wp-json\/wp\/v2\/media?parent=11568"}],"curies":[{"name":"wp","href":"https:\/\/api.w.org\/{rel}","templated":true}]}}