{"id":11291,"date":"2022-08-18T17:09:04","date_gmt":"2022-08-18T17:09:04","guid":{"rendered":"http:\/\/rhoenklub-petersberg.de\/?page_id=11291"},"modified":"2022-08-18T17:09:21","modified_gmt":"2022-08-18T17:09:21","slug":"sommerfest-5","status":"publish","type":"page","link":"http:\/\/rhoenklub-petersberg.de\/index.php\/sommerfest-5\/","title":{"rendered":"Sommerfest"},"content":{"rendered":"<p><span style=\"font-family: Arial, sans-serif;\"><u><b>Sommerfest an der Rauschenbergh\u00fctte<\/b><\/u><\/span><\/p>\n<p><span style=\"font-family: Arial, sans-serif;\"><i>Bericht von Michaela Gaul (Schriftf\u00fchrerin):<\/i><\/span><\/p>\n<p><span style=\"font-family: Arial, sans-serif;\">Bei herrlichem Wetter startete am Samstag, den 06.08.2022 um 17.00 Uhr das traditionelle Rh\u00f6nklubfest des Zweigvereins Petersberg. <\/span><\/p>\n<p><span style=\"font-family: Arial, sans-serif;\">Hierbei konnte der 1. Vorsitzende neben vielen G\u00e4sten auch zahlreiche Mitglieder des Nachbarvereins Niesig begr\u00fc\u00dfen.<\/span><\/p>\n<p><span style=\"font-family: Arial, sans-serif;\">Da Grillverbot an allen \u00f6ffentlichen Pl\u00e4tzen herrschte, mu\u00dfte der Rh\u00f6nklub kurzfristig mit dem Essen umplanen.. <\/span><\/p>\n<p><span style=\"font-family: Arial, sans-serif;\">Man bot den G\u00e4sten daher leckere Klopse und Spie\u00dfbraten mit verschiedenen Beilagen an, welches auch sehr gut angenommen wurde. <\/span><\/p>\n<p><span style=\"font-family: Arial, sans-serif;\">Der H\u00f6hepunkt des Abends fand dann so gegen 20 Uhr auf dem \u00fcber der H\u00fctte gelegenen <\/span><span style=\"font-family: Arial, sans-serif;\">Parkplatz statt. Dort spielten die \u201e FETEN BUBEN \u201e bis weit nach 2 Uhr in der Nacht auf.<\/span><\/p>\n<p><span style=\"font-family: Arial, sans-serif;\">Die Stimmung war riesig und selbst die Nachbarschaft, die zu Hause geblieben war, erz\u00e4hlten am Sonntagmorgen von dieser tollen Musik.<\/span><\/p>\n<p><span style=\"font-family: Arial, sans-serif;\">Am Sonntag, den 07.08.2022 ging es dann weiter ab 10.00 Uhr mit dem Fr\u00fchschoppen. <\/span><\/p>\n<p><span style=\"font-family: Arial, sans-serif;\">Gegen 11 Uhr fand dann f\u00fcr die Kinder ein Ponyreiten an der &#8222;Turner Ruh&#8220; statt.<\/span><\/p>\n<p><span style=\"font-family: Arial, sans-serif;\">Den ganzen Tag wurden wieder Klopse, Spie\u00dfbraten und zus\u00e4tzlich Schaschlik und Curryw\u00fcrstchen in So\u00dfe angeboten.<\/span><\/p>\n<p><span style=\"font-family: Arial, sans-serif;\">Ab 14 Uhr war dann auch das Kuchenbuffet er\u00f6ffnet und bis 17 Uhr folgte ein buntes Kinderprogramm.<\/span><\/p>\n<p><span style=\"font-family: Arial, sans-serif;\">So klang dann zu sp\u00e4ter Stunde ein rundum gelungenes Fest aus.<\/span><\/p>\n<p><span style=\"font-family: Arial, sans-serif;\"><b>Der 1. Vorsitzende Andreas Leipold dankt im Namen des Vorstandes allen flei\u00dfigen Helfern f\u00fcr ihre Unterst\u00fctzung.<\/b><\/span><\/p>\n<div id='gallery-1' class='gallery galleryid-11291 gallery-columns-3 gallery-size-thumbnail'><figure class='gallery-item'>\n\t\t\t<div class='gallery-icon landscape'>\n\t\t\t\t<a href='http:\/\/rhoenklub-petersberg.de\/index.php\/sommerfest-5\/20220807_170225_resized\/'><img loading=\"lazy\" decoding=\"async\" width=\"150\" height=\"150\" src=\"http:\/\/rhoenklub-petersberg.de\/wp-content\/uploads\/2022\/08\/20220807_170225_resized-150x150.jpg\" class=\"attachment-thumbnail size-thumbnail\" alt=\"\" \/><\/a>\n\t\t\t<\/div><\/figure><figure class='gallery-item'>\n\t\t\t<div class='gallery-icon landscape'>\n\t\t\t\t<a href='http:\/\/rhoenklub-petersberg.de\/index.php\/sommerfest-5\/20220807_170317_resized\/'><img loading=\"lazy\" decoding=\"async\" width=\"150\" height=\"150\" src=\"http:\/\/rhoenklub-petersberg.de\/wp-content\/uploads\/2022\/08\/20220807_170317_resized-150x150.jpg\" class=\"attachment-thumbnail size-thumbnail\" alt=\"\" aria-describedby=\"gallery-1-11293\" \/><\/a>\n\t\t\t<\/div>\n\t\t\t\t<figcaption class='wp-caption-text gallery-caption' id='gallery-1-11293'>\n\t\t\t\tDie Helfer bei der Arbeit\n\t\t\t\t<\/figcaption><\/figure><figure class='gallery-item'>\n\t\t\t<div class='gallery-icon landscape'>\n\t\t\t\t<a href='http:\/\/rhoenklub-petersberg.de\/index.php\/sommerfest-5\/20220807_170501_resized\/'><img loading=\"lazy\" decoding=\"async\" width=\"150\" height=\"150\" src=\"http:\/\/rhoenklub-petersberg.de\/wp-content\/uploads\/2022\/08\/20220807_170501_resized-150x150.jpg\" class=\"attachment-thumbnail size-thumbnail\" alt=\"\" aria-describedby=\"gallery-1-11294\" \/><\/a>\n\t\t\t<\/div>\n\t\t\t\t<figcaption class='wp-caption-text gallery-caption' id='gallery-1-11294'>\n\t\t\t\tDie Dorfsch\u00f6nheiten\n\t\t\t\t<\/figcaption><\/figure><figure class='gallery-item'>\n\t\t\t<div class='gallery-icon landscape'>\n\t\t\t\t<a href='http:\/\/rhoenklub-petersberg.de\/index.php\/sommerfest-5\/20220807_171128_001_resized\/'><img loading=\"lazy\" decoding=\"async\" width=\"150\" height=\"150\" src=\"http:\/\/rhoenklub-petersberg.de\/wp-content\/uploads\/2022\/08\/20220807_171128_001_resized-150x150.jpg\" class=\"attachment-thumbnail size-thumbnail\" alt=\"\" aria-describedby=\"gallery-1-11296\" \/><\/a>\n\t\t\t<\/div>\n\t\t\t\t<figcaption class='wp-caption-text gallery-caption' id='gallery-1-11296'>\n\t\t\t\tDie Helfer bei der Arbeit\n\t\t\t\t<\/figcaption><\/figure><figure class='gallery-item'>\n\t\t\t<div class='gallery-icon landscape'>\n\t\t\t\t<a href='http:\/\/rhoenklub-petersberg.de\/index.php\/sommerfest-5\/20220807_171738_resized\/'><img loading=\"lazy\" decoding=\"async\" width=\"150\" height=\"150\" src=\"http:\/\/rhoenklub-petersberg.de\/wp-content\/uploads\/2022\/08\/20220807_171738_resized-150x150.jpg\" class=\"attachment-thumbnail size-thumbnail\" alt=\"\" aria-describedby=\"gallery-1-11297\" \/><\/a>\n\t\t\t<\/div>\n\t\t\t\t<figcaption class='wp-caption-text gallery-caption' id='gallery-1-11297'>\n\t\t\t\tDie Helfer bei der Arbeit\n\t\t\t\t<\/figcaption><\/figure><figure class='gallery-item'>\n\t\t\t<div class='gallery-icon landscape'>\n\t\t\t\t<a href='http:\/\/rhoenklub-petersberg.de\/index.php\/sommerfest-5\/20220807_184833_002_resized\/'><img loading=\"lazy\" decoding=\"async\" width=\"150\" height=\"150\" src=\"http:\/\/rhoenklub-petersberg.de\/wp-content\/uploads\/2022\/08\/20220807_184833_002_resized-150x150.jpg\" class=\"attachment-thumbnail size-thumbnail\" alt=\"\" aria-describedby=\"gallery-1-11298\" \/><\/a>\n\t\t\t<\/div>\n\t\t\t\t<figcaption class='wp-caption-text gallery-caption' id='gallery-1-11298'>\n\t\t\t\tProst !!!\n\t\t\t\t<\/figcaption><\/figure><figure class='gallery-item'>\n\t\t\t<div class='gallery-icon landscape'>\n\t\t\t\t<a href='http:\/\/rhoenklub-petersberg.de\/index.php\/sommerfest-5\/20220807_185919_resized\/'><img loading=\"lazy\" decoding=\"async\" width=\"150\" height=\"150\" src=\"http:\/\/rhoenklub-petersberg.de\/wp-content\/uploads\/2022\/08\/20220807_185919_resized-150x150.jpg\" class=\"attachment-thumbnail size-thumbnail\" alt=\"\" aria-describedby=\"gallery-1-11299\" \/><\/a>\n\t\t\t<\/div>\n\t\t\t\t<figcaption class='wp-caption-text gallery-caption' id='gallery-1-11299'>\n\t\t\t\tDie Helfer bei der Arbeit\n\t\t\t\t<\/figcaption><\/figure><figure class='gallery-item'>\n\t\t\t<div class='gallery-icon landscape'>\n\t\t\t\t<a href='http:\/\/rhoenklub-petersberg.de\/index.php\/sommerfest-5\/20220807_185934_resized\/'><img loading=\"lazy\" decoding=\"async\" width=\"150\" height=\"150\" src=\"http:\/\/rhoenklub-petersberg.de\/wp-content\/uploads\/2022\/08\/20220807_185934_resized-150x150.jpg\" class=\"attachment-thumbnail size-thumbnail\" alt=\"\" aria-describedby=\"gallery-1-11300\" \/><\/a>\n\t\t\t<\/div>\n\t\t\t\t<figcaption class='wp-caption-text gallery-caption' id='gallery-1-11300'>\n\t\t\t\t2. Vors. Andreas K\u00fcmpel\n\t\t\t\t<\/figcaption><\/figure><figure class='gallery-item'>\n\t\t\t<div class='gallery-icon landscape'>\n\t\t\t\t<a href='http:\/\/rhoenklub-petersberg.de\/index.php\/sommerfest-5\/20220807_190000_001_resized\/'><img loading=\"lazy\" decoding=\"async\" width=\"150\" height=\"150\" src=\"http:\/\/rhoenklub-petersberg.de\/wp-content\/uploads\/2022\/08\/20220807_190000_001_resized-150x150.jpg\" class=\"attachment-thumbnail size-thumbnail\" alt=\"\" aria-describedby=\"gallery-1-11301\" \/><\/a>\n\t\t\t<\/div>\n\t\t\t\t<figcaption class='wp-caption-text gallery-caption' id='gallery-1-11301'>\n\t\t\t\tDie Helfer nach der Arbeit\n\t\t\t\t<\/figcaption><\/figure><figure class='gallery-item'>\n\t\t\t<div class='gallery-icon landscape'>\n\t\t\t\t<a href='http:\/\/rhoenklub-petersberg.de\/index.php\/sommerfest-5\/20220807_190017_resized\/'><img loading=\"lazy\" decoding=\"async\" width=\"150\" height=\"150\" src=\"http:\/\/rhoenklub-petersberg.de\/wp-content\/uploads\/2022\/08\/20220807_190017_resized-150x150.jpg\" class=\"attachment-thumbnail size-thumbnail\" alt=\"\" \/><\/a>\n\t\t\t<\/div><\/figure><figure class='gallery-item'>\n\t\t\t<div class='gallery-icon landscape'>\n\t\t\t\t<a href='http:\/\/rhoenklub-petersberg.de\/index.php\/sommerfest-5\/20220807_200039_resized\/'><img loading=\"lazy\" decoding=\"async\" width=\"150\" height=\"150\" src=\"http:\/\/rhoenklub-petersberg.de\/wp-content\/uploads\/2022\/08\/20220807_200039_resized-150x150.jpg\" class=\"attachment-thumbnail size-thumbnail\" alt=\"\" \/><\/a>\n\t\t\t<\/div><\/figure><figure class='gallery-item'>\n\t\t\t<div class='gallery-icon landscape'>\n\t\t\t\t<a href='http:\/\/rhoenklub-petersberg.de\/index.php\/sommerfest-5\/20220807_211055_resized\/'><img loading=\"lazy\" decoding=\"async\" width=\"150\" height=\"150\" src=\"http:\/\/rhoenklub-petersberg.de\/wp-content\/uploads\/2022\/08\/20220807_211055_resized-150x150.jpg\" class=\"attachment-thumbnail size-thumbnail\" alt=\"\" \/><\/a>\n\t\t\t<\/div><\/figure><figure class='gallery-item'>\n\t\t\t<div class='gallery-icon landscape'>\n\t\t\t\t<a href='http:\/\/rhoenklub-petersberg.de\/index.php\/sommerfest-5\/20220807_211103_resized\/'><img loading=\"lazy\" decoding=\"async\" width=\"150\" height=\"150\" src=\"http:\/\/rhoenklub-petersberg.de\/wp-content\/uploads\/2022\/08\/20220807_211103_resized-150x150.jpg\" class=\"attachment-thumbnail size-thumbnail\" alt=\"\" aria-describedby=\"gallery-1-11305\" \/><\/a>\n\t\t\t<\/div>\n\t\t\t\t<figcaption class='wp-caption-text gallery-caption' id='gallery-1-11305'>\n\t\t\t\tDie Helfer bei der Arbeit\n\t\t\t\t<\/figcaption><\/figure><figure class='gallery-item'>\n\t\t\t<div class='gallery-icon landscape'>\n\t\t\t\t<a href='http:\/\/rhoenklub-petersberg.de\/index.php\/sommerfest-5\/img-20220807-wa0005\/'><img loading=\"lazy\" decoding=\"async\" width=\"150\" height=\"150\" src=\"http:\/\/rhoenklub-petersberg.de\/wp-content\/uploads\/2022\/08\/IMG-20220807-WA0005-e1660842140687-150x150.jpg\" class=\"attachment-thumbnail size-thumbnail\" alt=\"\" aria-describedby=\"gallery-1-11306\" \/><\/a>\n\t\t\t<\/div>\n\t\t\t\t<figcaption class='wp-caption-text gallery-caption' id='gallery-1-11306'>\n\t\t\t\tDie Helfer bei der Arbeit\n\t\t\t\t<\/figcaption><\/figure><figure class='gallery-item'>\n\t\t\t<div class='gallery-icon portrait'>\n\t\t\t\t<a href='http:\/\/rhoenklub-petersberg.de\/index.php\/sommerfest-5\/img-20220807-wa0007\/'><img loading=\"lazy\" decoding=\"async\" width=\"150\" height=\"150\" src=\"http:\/\/rhoenklub-petersberg.de\/wp-content\/uploads\/2022\/08\/IMG-20220807-WA0007-e1660842164924-150x150.jpg\" class=\"attachment-thumbnail size-thumbnail\" alt=\"\" aria-describedby=\"gallery-1-11307\" \/><\/a>\n\t\t\t<\/div>\n\t\t\t\t<figcaption class='wp-caption-text gallery-caption' id='gallery-1-11307'>\n\t\t\t\tDie Helfer machen Pause\n\t\t\t\t<\/figcaption><\/figure><figure class='gallery-item'>\n\t\t\t<div class='gallery-icon landscape'>\n\t\t\t\t<a href='http:\/\/rhoenklub-petersberg.de\/index.php\/sommerfest-5\/img-20220809-wa0003\/'><img loading=\"lazy\" decoding=\"async\" width=\"150\" height=\"150\" src=\"http:\/\/rhoenklub-petersberg.de\/wp-content\/uploads\/2022\/08\/IMG-20220809-WA0003-150x150.jpg\" class=\"attachment-thumbnail size-thumbnail\" alt=\"\" aria-describedby=\"gallery-1-11308\" \/><\/a>\n\t\t\t<\/div>\n\t\t\t\t<figcaption class='wp-caption-text gallery-caption' id='gallery-1-11308'>\n\t\t\t\tMontagmorgen nach dem Aufr\u00e4umen \n\t\t\t\t<\/figcaption><\/figure><figure class='gallery-item'>\n\t\t\t<div class='gallery-icon landscape'>\n\t\t\t\t<a href='http:\/\/rhoenklub-petersberg.de\/index.php\/sommerfest-5\/img-20220809-wa0004\/'><img loading=\"lazy\" decoding=\"async\" width=\"150\" height=\"150\" src=\"http:\/\/rhoenklub-petersberg.de\/wp-content\/uploads\/2022\/08\/IMG-20220809-WA0004-150x150.jpg\" class=\"attachment-thumbnail size-thumbnail\" alt=\"\" aria-describedby=\"gallery-1-11309\" \/><\/a>\n\t\t\t<\/div>\n\t\t\t\t<figcaption class='wp-caption-text gallery-caption' id='gallery-1-11309'>\n\t\t\t\tEs ist geschafft\n\t\t\t\t<\/figcaption><\/figure><figure class='gallery-item'>\n\t\t\t<div class='gallery-icon landscape'>\n\t\t\t\t<a href='http:\/\/rhoenklub-petersberg.de\/index.php\/sommerfest-5\/img-20220809-wa0005\/'><img loading=\"lazy\" decoding=\"async\" width=\"150\" height=\"150\" src=\"http:\/\/rhoenklub-petersberg.de\/wp-content\/uploads\/2022\/08\/IMG-20220809-WA0005-150x150.jpg\" class=\"attachment-thumbnail size-thumbnail\" alt=\"\" aria-describedby=\"gallery-1-11310\" \/><\/a>\n\t\t\t<\/div>\n\t\t\t\t<figcaption class='wp-caption-text gallery-caption' id='gallery-1-11310'>\n\t\t\t\tSamstagabend\n\t\t\t\t<\/figcaption><\/figure><figure class='gallery-item'>\n\t\t\t<div class='gallery-icon landscape'>\n\t\t\t\t<a href='http:\/\/rhoenklub-petersberg.de\/index.php\/sommerfest-5\/img-20220809-wa0006\/'><img loading=\"lazy\" decoding=\"async\" width=\"150\" height=\"150\" src=\"http:\/\/rhoenklub-petersberg.de\/wp-content\/uploads\/2022\/08\/IMG-20220809-WA0006-e1660842195576-150x150.jpg\" class=\"attachment-thumbnail size-thumbnail\" alt=\"\" aria-describedby=\"gallery-1-11311\" \/><\/a>\n\t\t\t<\/div>\n\t\t\t\t<figcaption class='wp-caption-text gallery-caption' id='gallery-1-11311'>\n\t\t\t\tSamstagabend\n\t\t\t\t<\/figcaption><\/figure>\n\t\t<\/div>\n\n","protected":false},"excerpt":{"rendered":"<p>Sommerfest an der Rauschenbergh\u00fctte Bericht von Michaela Gaul (Schriftf\u00fchrerin): Bei herrlichem Wetter startete am Samstag, den 06.08.2022 um 17.00 Uhr das traditionelle Rh\u00f6nklubfest des Zweigvereins Petersberg. Hierbei konnte der 1. Vorsitzende neben vielen G\u00e4sten auch zahlreiche Mitglieder des Nachbarvereins Niesig begr\u00fc\u00dfen. Da Grillverbot an allen \u00f6ffentlichen Pl\u00e4tzen herrschte, mu\u00dfte der Rh\u00f6nklub kurzfristig mit dem Essen &hellip; <a href=\"http:\/\/rhoenklub-petersberg.de\/index.php\/sommerfest-5\/\" class=\"more-link\"><span class=\"screen-reader-text\">Sommerfest<\/span> weiterlesen <span class=\"meta-nav\">&rarr;<\/span><\/a><\/p>\n","protected":false},"author":666667,"featured_media":0,"parent":0,"menu_order":0,"comment_status":"closed","ping_status":"closed","template":"","meta":{"footnotes":""},"class_list":["post-11291","page","type-page","status-publish","hentry"],"_links":{"self":[{"href":"http:\/\/rhoenklub-petersberg.de\/index.php\/wp-json\/wp\/v2\/pages\/11291","targetHints":{"allow":["GET"]}}],"collection":[{"href":"http:\/\/rhoenklub-petersberg.de\/index.php\/wp-json\/wp\/v2\/pages"}],"about":[{"href":"http:\/\/rhoenklub-petersberg.de\/index.php\/wp-json\/wp\/v2\/types\/page"}],"author":[{"embeddable":true,"href":"http:\/\/rhoenklub-petersberg.de\/index.php\/wp-json\/wp\/v2\/users\/666667"}],"replies":[{"embeddable":true,"href":"http:\/\/rhoenklub-petersberg.de\/index.php\/wp-json\/wp\/v2\/comments?post=11291"}],"version-history":[{"count":0,"href":"http:\/\/rhoenklub-petersberg.de\/index.php\/wp-json\/wp\/v2\/pages\/11291\/revisions"}],"wp:attachment":[{"href":"http:\/\/rhoenklub-petersberg.de\/index.php\/wp-json\/wp\/v2\/media?parent=11291"}],"curies":[{"name":"wp","href":"https:\/\/api.w.org\/{rel}","templated":true}]}}