{"id":11150,"date":"2022-05-31T10:39:21","date_gmt":"2022-05-31T10:39:21","guid":{"rendered":"http:\/\/rhoenklub-petersberg.de\/?page_id=11150"},"modified":"2022-06-02T09:04:37","modified_gmt":"2022-06-02T09:04:37","slug":"naturschutzwanderung-6","status":"publish","type":"page","link":"http:\/\/rhoenklub-petersberg.de\/index.php\/naturschutzwanderung-6\/","title":{"rendered":"Naturschutzwanderung"},"content":{"rendered":"<p><i>Bericht von unserem Wanderwart Karl Schmitt:<\/i><\/p>\n<p>Am 29.05.2022 trafen sich 38 Wanderer und 8 Kinder um 13.15 Uhr am Rathausplatz und fuhren in Fahrgemeinschaften zum Schwedenwall. Hier trafen wir den Rh\u00f6nranger Hubert Stumpf der uns zu der Naturschutzwanderung\u00a0herzlich willkommen\u00a0hie\u00df. Die etwa\u00a04,5 km lange Tour f\u00fchrte uns vom Parkplatz Schwedenwall Richtung Osten zum W\u00fcrzburger Haus das wir nach ca. 2 km erreichten. Die sch\u00f6ne Lage, der herrliche Ausblick und nicht zuletzt der erste Durst f\u00fchrten dazu, das schon hier eine Rast eingelegt wurde. Weiter f\u00fchrte uns der Weg jetzt in S\u00fcdwestliche Richtung zur Hohen H\u00f6lle. Ab hier f\u00fchrte uns der Weg in Richtung Norden und wir erreichten den Parkplatz Schwedenwall nach ca. 2 Std. Es war nicht nur eine sch\u00f6ne Wanderung, sondern wir bekamen einiges aus der geschichtlichen Entwicklung \u00fcber Blumen, Gr\u00e4ser und Kr\u00e4uter erz\u00e4hlt.<\/p>\n<p>Daf\u00fcr nochmal herzlichen Dank.<\/p>\n<p>Den Abschlu\u00df der Wanderung fand in der Simmelsberger H\u00fctte statt. Hier gab es leckeren Kuchen, f\u00fcr K\u00e4se und Wurstliebhaber wurde K\u00e4se und Wurstplatten gereicht. Auch f\u00fcr die Kinder kam keine Langeweile auf. Beim W\u00fcrzburger Haus wurden die Pferde und der Esel beobachtet, auf der Tour Schmetterlinge gejagt und bei den Schaukeln an der Simmelsberger H\u00fctte, Mutproben durchgef\u00fchrt, die auch einige Male schmerzhaft endeten.<\/p>\n<p>Zum Schlu\u00df waren alle Schmerzen vergessen und wir traten gegen 18.00 und 18.30 Uhr den Heimweg an.<\/p>\n<div id='gallery-1' class='gallery galleryid-11150 gallery-columns-3 gallery-size-thumbnail'><figure class='gallery-item'>\n\t\t\t<div class='gallery-icon portrait'>\n\t\t\t\t<a href='http:\/\/rhoenklub-petersberg.de\/index.php\/naturschutzwanderung-6\/img-20220602-wa0000\/'><img loading=\"lazy\" decoding=\"async\" width=\"150\" height=\"150\" src=\"http:\/\/rhoenklub-petersberg.de\/wp-content\/uploads\/2022\/06\/IMG-20220602-WA0000-150x150.jpg\" class=\"attachment-thumbnail size-thumbnail\" alt=\"\" \/><\/a>\n\t\t\t<\/div><\/figure><figure class='gallery-item'>\n\t\t\t<div class='gallery-icon portrait'>\n\t\t\t\t<a href='http:\/\/rhoenklub-petersberg.de\/index.php\/naturschutzwanderung-6\/img-20220602-wa0001\/'><img loading=\"lazy\" decoding=\"async\" width=\"150\" height=\"150\" src=\"http:\/\/rhoenklub-petersberg.de\/wp-content\/uploads\/2022\/06\/IMG-20220602-WA0001-150x150.jpg\" class=\"attachment-thumbnail size-thumbnail\" alt=\"\" \/><\/a>\n\t\t\t<\/div><\/figure><figure class='gallery-item'>\n\t\t\t<div class='gallery-icon landscape'>\n\t\t\t\t<a href='http:\/\/rhoenklub-petersberg.de\/index.php\/naturschutzwanderung-6\/img-20220602-wa0002\/'><img loading=\"lazy\" decoding=\"async\" width=\"150\" height=\"150\" src=\"http:\/\/rhoenklub-petersberg.de\/wp-content\/uploads\/2022\/06\/IMG-20220602-WA0002-150x150.jpg\" class=\"attachment-thumbnail size-thumbnail\" alt=\"\" \/><\/a>\n\t\t\t<\/div><\/figure><figure class='gallery-item'>\n\t\t\t<div class='gallery-icon landscape'>\n\t\t\t\t<a href='http:\/\/rhoenklub-petersberg.de\/index.php\/naturschutzwanderung-6\/img-20220602-wa0003\/'><img loading=\"lazy\" decoding=\"async\" width=\"150\" height=\"150\" src=\"http:\/\/rhoenklub-petersberg.de\/wp-content\/uploads\/2022\/06\/IMG-20220602-WA0003-150x150.jpg\" class=\"attachment-thumbnail size-thumbnail\" alt=\"\" \/><\/a>\n\t\t\t<\/div><\/figure><figure class='gallery-item'>\n\t\t\t<div class='gallery-icon portrait'>\n\t\t\t\t<a href='http:\/\/rhoenklub-petersberg.de\/index.php\/naturschutzwanderung-6\/img-20220602-wa0004\/'><img loading=\"lazy\" decoding=\"async\" width=\"150\" height=\"150\" src=\"http:\/\/rhoenklub-petersberg.de\/wp-content\/uploads\/2022\/06\/IMG-20220602-WA0004-150x150.jpg\" class=\"attachment-thumbnail size-thumbnail\" alt=\"\" \/><\/a>\n\t\t\t<\/div><\/figure>\n\t\t<\/div>\n\n","protected":false},"excerpt":{"rendered":"<p>Bericht von unserem Wanderwart Karl Schmitt: Am 29.05.2022 trafen sich 38 Wanderer und 8 Kinder um 13.15 Uhr am Rathausplatz und fuhren in Fahrgemeinschaften zum Schwedenwall. Hier trafen wir den Rh\u00f6nranger Hubert Stumpf der uns zu der Naturschutzwanderung\u00a0herzlich willkommen\u00a0hie\u00df. Die etwa\u00a04,5 km lange Tour f\u00fchrte uns vom Parkplatz Schwedenwall Richtung Osten zum W\u00fcrzburger Haus das &hellip; <a href=\"http:\/\/rhoenklub-petersberg.de\/index.php\/naturschutzwanderung-6\/\" class=\"more-link\"><span class=\"screen-reader-text\">Naturschutzwanderung<\/span> weiterlesen <span class=\"meta-nav\">&rarr;<\/span><\/a><\/p>\n","protected":false},"author":666667,"featured_media":0,"parent":0,"menu_order":0,"comment_status":"closed","ping_status":"closed","template":"","meta":{"footnotes":""},"class_list":["post-11150","page","type-page","status-publish","hentry"],"_links":{"self":[{"href":"http:\/\/rhoenklub-petersberg.de\/index.php\/wp-json\/wp\/v2\/pages\/11150","targetHints":{"allow":["GET"]}}],"collection":[{"href":"http:\/\/rhoenklub-petersberg.de\/index.php\/wp-json\/wp\/v2\/pages"}],"about":[{"href":"http:\/\/rhoenklub-petersberg.de\/index.php\/wp-json\/wp\/v2\/types\/page"}],"author":[{"embeddable":true,"href":"http:\/\/rhoenklub-petersberg.de\/index.php\/wp-json\/wp\/v2\/users\/666667"}],"replies":[{"embeddable":true,"href":"http:\/\/rhoenklub-petersberg.de\/index.php\/wp-json\/wp\/v2\/comments?post=11150"}],"version-history":[{"count":0,"href":"http:\/\/rhoenklub-petersberg.de\/index.php\/wp-json\/wp\/v2\/pages\/11150\/revisions"}],"wp:attachment":[{"href":"http:\/\/rhoenklub-petersberg.de\/index.php\/wp-json\/wp\/v2\/media?parent=11150"}],"curies":[{"name":"wp","href":"https:\/\/api.w.org\/{rel}","templated":true}]}}