{"id":10667,"date":"2020-12-02T11:00:03","date_gmt":"2020-12-02T11:00:03","guid":{"rendered":"http:\/\/rhoenklub-petersberg.de\/?page_id=10667"},"modified":"2025-12-04T13:10:57","modified_gmt":"2025-12-04T13:10:57","slug":"wander-und-veranstaltungsplan-2021","status":"publish","type":"page","link":"http:\/\/rhoenklub-petersberg.de\/index.php\/wander-und-veranstaltungsplan-2021\/","title":{"rendered":"Wander-und Veranstaltungsplan 2026"},"content":{"rendered":"<header class=\"entry-header\"><\/header>\n<div class=\"entry-content\">\n<div class=\"entry-content\">\n<p>Liebe Mitglieder und Rh\u00f6nklubfreunde !<\/p>\n<p>Der neue Wander- und Veranstaltungsplan 2026 ist fertig.<br \/>\nSehr viele aktive Mitglieder haben sich wieder bereit erkl\u00e4rt, f\u00fcr Euch eine Wanderung zu f\u00fchren, einen Vortrag zu halten, Fahrten zu organisieren, mit Euch zu basteln und noch einiges mehr.<br \/>\nAuf diese Weise\u00a0 konnte wieder ein vielseitiges und ansprechendes Programm f\u00fcr das Jahr 2026 zusammengestellt werden.<\/p>\n<p>Auf der <strong>Au\u00dfenseite<\/strong> findet Ihr ein <strong>Mitgliedsanmeldung,<\/strong> <strong>allgemeine Informationen und den Text des Kreuzbergliedes.<br \/>\n<\/strong><\/p>\n<p><a href=\"http:\/\/rhoenklub-petersberg.de\/wp-content\/uploads\/2025\/12\/Wanderplan-2026-Aussenseite.pdf\">Wanderplan 2026 Au\u00dfenseite<\/a><\/p>\n<p>Auf der <strong>Innenseite<\/strong> sind <strong>alle Veranstaltungen und Wanderungen<\/strong> nach Monaten gegliedert aufgef\u00fchrt.<\/p>\n<p><strong><a href=\"http:\/\/rhoenklub-petersberg.de\/wp-content\/uploads\/2025\/12\/Wanderplan-2026-Innenseite.pdf\">Wanderplan 2026 Innenseite<\/a><\/strong><\/p>\n<p>Nutzt die M\u00f6glichkeit, Natur, Kultur und Geselligkeit zu<br \/>\nerleben. G\u00e4ste sind stets herzlich willkommen. \u00dcber Eure Teilnahme freut sich der Vorstand.<\/p>\n<p>\u201eFrisch auf\u201c<\/p>\n<\/div>\n<p>Der Vorstand<\/p>\n<p>&nbsp;<\/p>\n<p>&nbsp;<\/p>\n<\/div>\n","protected":false},"excerpt":{"rendered":"<p>Liebe Mitglieder und Rh\u00f6nklubfreunde ! Der neue Wander- und Veranstaltungsplan 2026 ist fertig. Sehr viele aktive Mitglieder haben sich wieder bereit erkl\u00e4rt, f\u00fcr Euch eine Wanderung zu f\u00fchren, einen Vortrag zu halten, Fahrten zu organisieren, mit Euch zu basteln und noch einiges mehr. Auf diese Weise\u00a0 konnte wieder ein vielseitiges und ansprechendes Programm f\u00fcr das &hellip; <a href=\"http:\/\/rhoenklub-petersberg.de\/index.php\/wander-und-veranstaltungsplan-2021\/\" class=\"more-link\"><span class=\"screen-reader-text\">Wander-und Veranstaltungsplan 2026<\/span> weiterlesen <span class=\"meta-nav\">&rarr;<\/span><\/a><\/p>\n","protected":false},"author":666667,"featured_media":0,"parent":0,"menu_order":0,"comment_status":"closed","ping_status":"closed","template":"","meta":{"footnotes":""},"class_list":["post-10667","page","type-page","status-publish","hentry"],"_links":{"self":[{"href":"http:\/\/rhoenklub-petersberg.de\/index.php\/wp-json\/wp\/v2\/pages\/10667","targetHints":{"allow":["GET"]}}],"collection":[{"href":"http:\/\/rhoenklub-petersberg.de\/index.php\/wp-json\/wp\/v2\/pages"}],"about":[{"href":"http:\/\/rhoenklub-petersberg.de\/index.php\/wp-json\/wp\/v2\/types\/page"}],"author":[{"embeddable":true,"href":"http:\/\/rhoenklub-petersberg.de\/index.php\/wp-json\/wp\/v2\/users\/666667"}],"replies":[{"embeddable":true,"href":"http:\/\/rhoenklub-petersberg.de\/index.php\/wp-json\/wp\/v2\/comments?post=10667"}],"version-history":[{"count":0,"href":"http:\/\/rhoenklub-petersberg.de\/index.php\/wp-json\/wp\/v2\/pages\/10667\/revisions"}],"wp:attachment":[{"href":"http:\/\/rhoenklub-petersberg.de\/index.php\/wp-json\/wp\/v2\/media?parent=10667"}],"curies":[{"name":"wp","href":"https:\/\/api.w.org\/{rel}","templated":true}]}}