{"id":10279,"date":"2023-01-12T16:23:28","date_gmt":"2023-01-12T16:23:28","guid":{"rendered":"http:\/\/rhoenklub-petersberg.de\/?page_id=10279"},"modified":"2026-03-02T15:52:55","modified_gmt":"2026-03-02T15:52:55","slug":"huettendienst-2","status":"publish","type":"page","link":"http:\/\/rhoenklub-petersberg.de\/index.php\/huettendienst-2\/","title":{"rendered":"H\u00fcttendienst"},"content":{"rendered":"<p><a href=\"http:\/\/rhoenklub-petersberg.de\/wp-content\/uploads\/2026\/03\/Huettendienstplan-Stand-01.03.2026.pdf\">H\u00fcttendienstplan Stand 01.03.2026<\/a><\/p>\n<p>&nbsp;<\/p>\n<p>Die gr\u00fcn unterlegten Zeilen im H\u00fcttendienstplan, sind noch die offenen Dienste.<\/p>\n<p><strong>Diejenigen, die sich noch nicht f\u00fcr einen Dienst entschieden haben, bitte mal in Eure Kalender schauen ob da noch ein Termin dabei ist!<\/strong><\/p>\n<p><strong><span style=\"color: #ff0000;\"> Marita Goldbach\u00a0 ist der Ansprechpartner f\u00fcr die H\u00fcttendienstler<\/span><br \/>\n<\/strong><\/p>\n<p><strong>Wer gerne H\u00fcttendienst machen m\u00f6chte oder seinen Dienst tauschen m\u00f6chte, bitte bei Marita Goldbach unter 0661 \/ 66676 melden.<\/strong><\/p>\n<p>&nbsp;<\/p>\n","protected":false},"excerpt":{"rendered":"<p>H\u00fcttendienstplan Stand 01.03.2026 &nbsp; Die gr\u00fcn unterlegten Zeilen im H\u00fcttendienstplan, sind noch die offenen Dienste. Diejenigen, die sich noch nicht f\u00fcr einen Dienst entschieden haben, bitte mal in Eure Kalender schauen ob da noch ein Termin dabei ist! Marita Goldbach\u00a0 ist der Ansprechpartner f\u00fcr die H\u00fcttendienstler Wer gerne H\u00fcttendienst machen m\u00f6chte oder seinen Dienst tauschen &hellip; <a href=\"http:\/\/rhoenklub-petersberg.de\/index.php\/huettendienst-2\/\" class=\"more-link\"><span class=\"screen-reader-text\">H\u00fcttendienst<\/span> weiterlesen <span class=\"meta-nav\">&rarr;<\/span><\/a><\/p>\n","protected":false},"author":666667,"featured_media":0,"parent":0,"menu_order":0,"comment_status":"closed","ping_status":"closed","template":"","meta":{"footnotes":""},"class_list":["post-10279","page","type-page","status-publish","hentry"],"_links":{"self":[{"href":"http:\/\/rhoenklub-petersberg.de\/index.php\/wp-json\/wp\/v2\/pages\/10279","targetHints":{"allow":["GET"]}}],"collection":[{"href":"http:\/\/rhoenklub-petersberg.de\/index.php\/wp-json\/wp\/v2\/pages"}],"about":[{"href":"http:\/\/rhoenklub-petersberg.de\/index.php\/wp-json\/wp\/v2\/types\/page"}],"author":[{"embeddable":true,"href":"http:\/\/rhoenklub-petersberg.de\/index.php\/wp-json\/wp\/v2\/users\/666667"}],"replies":[{"embeddable":true,"href":"http:\/\/rhoenklub-petersberg.de\/index.php\/wp-json\/wp\/v2\/comments?post=10279"}],"version-history":[{"count":0,"href":"http:\/\/rhoenklub-petersberg.de\/index.php\/wp-json\/wp\/v2\/pages\/10279\/revisions"}],"wp:attachment":[{"href":"http:\/\/rhoenklub-petersberg.de\/index.php\/wp-json\/wp\/v2\/media?parent=10279"}],"curies":[{"name":"wp","href":"https:\/\/api.w.org\/{rel}","templated":true}]}}